{"id":668,"date":"2025-04-08T22:40:47","date_gmt":"2025-04-08T19:40:47","guid":{"rendered":"https:\/\/metcab.org\/?page_id=668"},"modified":"2025-11-19T10:56:21","modified_gmt":"2025-11-19T07:56:21","slug":"market-access","status":"publish","type":"page","link":"https:\/\/metcab.org\/tr\/market-access\/","title":{"rendered":"Piyasaya Giri\u015f"},"content":{"rendered":"<div data-elementor-type=\"wp-page\" data-elementor-id=\"668\" class=\"elementor elementor-668\">\n\t\t\t\t\t\t<section class=\"elementor-section elementor-top-section elementor-element elementor-element-4703e6d elementor-section-boxed elementor-section-height-default elementor-section-height-default\" data-id=\"4703e6d\" data-element_type=\"section\" data-e-type=\"section\" data-settings=\"{&quot;background_background&quot;:&quot;classic&quot;}\">\n\t\t\t\t\t\t<div class=\"elementor-container elementor-column-gap-default\">\n\t\t\t\t\t<div class=\"elementor-column elementor-col-100 elementor-top-column elementor-element elementor-element-015c253\" data-id=\"015c253\" data-element_type=\"column\" data-e-type=\"column\">\n\t\t\t<div class=\"elementor-widget-wrap elementor-element-populated\">\n\t\t\t\t\t\t<div class=\"elementor-element elementor-element-8aaf999 elementor-widget elementor-widget-gva-heading-block\" data-id=\"8aaf999\" data-element_type=\"widget\" data-e-type=\"widget\" data-widget_type=\"gva-heading-block.default\">\n\t\t\t\t<div class=\"elementor-widget-container\">\n\t\t\t\t\t<div class=\"gva-element-gva-heading-block gva-element\">   <div class=\"align-left style-1 widget gsc-heading box-align-left auto-responsive\">\r\n      <div class=\"content-inner\">\r\n         \r\n                  \r\n           \r\n         \r\n                     <h2 class=\"title\">\r\n               <span>Piyasaya Giri\u015f<\/span>\r\n            <\/h2>\r\n                  \r\n         \r\n         \r\n      <\/div>\r\n   <\/div>\r\n<\/div>\t\t\t\t<\/div>\n\t\t\t\t<\/div>\n\t\t\t\t\t<\/div>\n\t\t<\/div>\n\t\t\t\t\t<\/div>\n\t\t<\/section>\n\t\t\t\t<section class=\"elementor-section elementor-top-section elementor-element elementor-element-d0d5d53 elementor-section-boxed elementor-section-height-default elementor-section-height-default\" data-id=\"d0d5d53\" data-element_type=\"section\" data-e-type=\"section\">\n\t\t\t\t\t\t<div class=\"elementor-container elementor-column-gap-default\">\n\t\t\t\t\t<div class=\"elementor-column elementor-col-50 elementor-top-column elementor-element elementor-element-087fda3\" data-id=\"087fda3\" data-element_type=\"column\" data-e-type=\"column\">\n\t\t\t<div class=\"elementor-widget-wrap elementor-element-populated\">\n\t\t\t\t\t\t<div class=\"elementor-element elementor-element-c925e22 elementor-widget elementor-widget-wp-widget-nav_menu\" data-id=\"c925e22\" data-element_type=\"widget\" data-e-type=\"widget\" data-widget_type=\"wp-widget-nav_menu.default\">\n\t\t\t\t<div class=\"elementor-widget-container\">\n\t\t\t\t\t<div class=\"menu-services-container\"><ul id=\"menu-services\" class=\"menu\"><li id=\"menu-item-316\" class=\"menu-item menu-item-type-post_type menu-item-object-page menu-item-316\"><a href=\"https:\/\/metcab.org\/tr\/mid\/\">MID<\/a><\/li>\n<li id=\"menu-item-491\" class=\"menu-item menu-item-type-post_type menu-item-object-page menu-item-491\"><a href=\"https:\/\/metcab.org\/tr\/nawi\/\">NAWI<\/a><\/li>\n<li id=\"menu-item-490\" class=\"menu-item menu-item-type-post_type menu-item-object-page menu-item-490\"><a href=\"https:\/\/metcab.org\/tr\/cpr\/\">CPR<\/a><\/li>\n<li id=\"menu-item-489\" class=\"menu-item menu-item-type-post_type menu-item-object-page menu-item-489\"><a href=\"https:\/\/metcab.org\/tr\/chimneys-system-certification\/\">Bacalar Sistem 2+<\/a><\/li>\n<li id=\"menu-item-488\" class=\"menu-item menu-item-type-post_type menu-item-object-page menu-item-488\"><a href=\"https:\/\/metcab.org\/tr\/lvd\/\">LVD<\/a><\/li>\n<li id=\"menu-item-487\" class=\"menu-item menu-item-type-post_type menu-item-object-page menu-item-487\"><a href=\"https:\/\/metcab.org\/tr\/machinery-safety-directive\/\">Makine Emniyeti Direktifi<\/a><\/li>\n<\/ul><\/div>\t\t\t\t<\/div>\n\t\t\t\t<\/div>\n\t\t\t\t<section class=\"elementor-section elementor-inner-section elementor-element elementor-element-5ebc093 elementor-section-boxed elementor-section-height-default elementor-section-height-default\" data-id=\"5ebc093\" data-element_type=\"section\" data-e-type=\"section\" data-settings=\"{&quot;background_background&quot;:&quot;classic&quot;}\">\n\t\t\t\t\t\t\t<div class=\"elementor-background-overlay\"><\/div>\n\t\t\t\t\t\t\t<div class=\"elementor-container elementor-column-gap-default\">\n\t\t\t\t\t<div class=\"elementor-column elementor-col-100 elementor-inner-column elementor-element elementor-element-f147c0c\" data-id=\"f147c0c\" data-element_type=\"column\" data-e-type=\"column\">\n\t\t\t<div class=\"elementor-widget-wrap elementor-element-populated\">\n\t\t\t\t\t\t<div class=\"elementor-element elementor-element-19aa5b6 elementor-view-stacked elementor-shape-circle elementor-position-block-start elementor-mobile-position-block-start elementor-widget elementor-widget-icon-box\" data-id=\"19aa5b6\" data-element_type=\"widget\" data-e-type=\"widget\" data-widget_type=\"icon-box.default\">\n\t\t\t\t<div class=\"elementor-widget-container\">\n\t\t\t\t\t\t\t<div class=\"elementor-icon-box-wrapper\">\n\n\t\t\t\t\t\t<div class=\"elementor-icon-box-icon\">\n\t\t\t\t<span  class=\"elementor-icon\">\n\t\t\t\t<i aria-hidden=\"true\" class=\"micon__phone-call\"><\/i>\t\t\t\t<\/span>\n\t\t\t<\/div>\n\t\t\t\n\t\t\t\t\t\t<div class=\"elementor-icon-box-content\">\n\n\t\t\t\t\t\t\t\t\t<h3 class=\"elementor-icon-box-title\">\n\t\t\t\t\t\t<span  >\n\t\t\t\t\t\t\tDaha Fazlas\u0131n\u0131 \u00d6\u011frenmek \u0130ster misiniz?\t\t\t\t\t\t<\/span>\n\t\t\t\t\t<\/h3>\n\t\t\t\t\n\t\t\t\t\n\t\t\t<\/div>\n\t\t\t\n\t\t<\/div>\n\t\t\t\t\t\t<\/div>\n\t\t\t\t<\/div>\n\t\t\t\t<div class=\"elementor-element elementor-element-2c0ef58 elementor-widget elementor-widget-text-editor\" data-id=\"2c0ef58\" data-element_type=\"widget\" data-e-type=\"widget\" data-widget_type=\"text-editor.default\">\n\t\t\t\t<div class=\"elementor-widget-container\">\n\t\t\t\t\t\t\t\t\t<div>\u0130leti\u015fime Ge\u00e7<\/div>\t\t\t\t\t\t\t\t<\/div>\n\t\t\t\t<\/div>\n\t\t\t\t<div class=\"elementor-element elementor-element-7721fa8 elementor-widget elementor-widget-text-editor\" data-id=\"7721fa8\" data-element_type=\"widget\" data-e-type=\"widget\" data-widget_type=\"text-editor.default\">\n\t\t\t\t<div class=\"elementor-widget-container\">\n\t\t\t\t\t\t\t\t\t<p><a class=\"text-white\" href=\"tel:+0 312 441 41 45\">+90 312 441 41 45<br \/><\/a><\/p>\t\t\t\t\t\t\t\t<\/div>\n\t\t\t\t<\/div>\n\t\t\t\t\t<\/div>\n\t\t<\/div>\n\t\t\t\t\t<\/div>\n\t\t<\/section>\n\t\t\t\t\t<\/div>\n\t\t<\/div>\n\t\t\t\t<div class=\"elementor-column elementor-col-50 elementor-top-column elementor-element elementor-element-123ea89\" data-id=\"123ea89\" data-element_type=\"column\" data-e-type=\"column\">\n\t\t\t<div class=\"elementor-widget-wrap elementor-element-populated\">\n\t\t\t\t\t\t<div class=\"elementor-element elementor-element-d611d72 elementor-widget elementor-widget-image\" data-id=\"d611d72\" data-element_type=\"widget\" data-e-type=\"widget\" data-widget_type=\"image.default\">\n\t\t\t\t<div class=\"elementor-widget-container\">\n\t\t\t\t\t\t\t\t\t\t\t\t\t\t\t<img fetchpriority=\"high\" decoding=\"async\" width=\"900\" height=\"599\" src=\"https:\/\/metcab.org\/wp-content\/uploads\/2025\/04\/WhatsApp-Image-2025-03-29-at-23.05.31-1024x682.jpeg\" class=\"attachment-large size-large wp-image-402\" alt=\"\" srcset=\"https:\/\/metcab.org\/wp-content\/uploads\/2025\/04\/WhatsApp-Image-2025-03-29-at-23.05.31-1024x682.jpeg 1024w, https:\/\/metcab.org\/wp-content\/uploads\/2025\/04\/WhatsApp-Image-2025-03-29-at-23.05.31-768x512.jpeg 768w, https:\/\/metcab.org\/wp-content\/uploads\/2025\/04\/WhatsApp-Image-2025-03-29-at-23.05.31.jpeg 1600w\" sizes=\"(max-width: 900px) 100vw, 900px\" \/>\t\t\t\t\t\t\t\t\t\t\t\t\t\t\t<\/div>\n\t\t\t\t<\/div>\n\t\t\t\t<div class=\"elementor-element elementor-element-6cef601 elementor-widget elementor-widget-heading\" data-id=\"6cef601\" data-element_type=\"widget\" data-e-type=\"widget\" data-widget_type=\"heading.default\">\n\t\t\t\t<div class=\"elementor-widget-container\">\n\t\t\t\t\t<h2 class=\"elementor-heading-title elementor-size-default\">Piyasaya Giri\u015f<\/h2>\t\t\t\t<\/div>\n\t\t\t\t<\/div>\n\t\t\t\t<div class=\"elementor-element elementor-element-67b95cf elementor-widget elementor-widget-text-editor\" data-id=\"67b95cf\" data-element_type=\"widget\" data-e-type=\"widget\" data-widget_type=\"text-editor.default\">\n\t\t\t\t<div class=\"elementor-widget-container\">\n\t\t\t\t\t\t\t\t\t<p>Yeni bir \u00fcr\u00fcn m\u00fc piyasaya s\u00fcr\u00fcyorsunuz? Yoksa farkl\u0131 bir pazara m\u0131 a\u00e7\u0131lmak istiyorsunuz? Market Access (Pazar Eri\u015fimi) hizmetlerimiz, dok\u00fcmantasyon, test koordinasyonu, teknik dosya incelemesi ve CE i\u015faretlemesi d\u00e2hil olmak \u00fczere \u00fcr\u00fcn uygunluk gerekliliklerinin tamam\u0131n\u0131 kapsamaktad\u0131r.<\/p><p><strong>\ud83d\udd27 Our Services:<\/strong><\/p><ul><li><strong>CPR \u2013 Yap\u0131 Malzemeleri Y\u00f6netmeli\u011fi (EU 305\/2011)<\/strong><br \/>EN 50575 standard\u0131na uygun elektrik kablolar\u0131 i\u00e7in uygunluk hizmetleri. Ayr\u0131ca bacalar i\u00e7in Sistem 2+ sertifikasyonlar\u0131.<\/li><li><strong>MID \u2013 \u00d6l\u00e7\u00fc Aletleri Y\u00f6netmeli\u011fi (2014\/32\/AB<\/strong><br \/>Support for modules B, D, F and MIs including MI-001, MI-002, MI-003, MI-004, MI-005, and MI-006.<\/li><li><strong>NAWID \u2013 Otomatik Olmayan Tart\u0131 Aletleri Y\u00f6netmeli\u011fi (2014\/31\/AB)<\/strong><br \/>S\u0131n\u0131f I, II, III ve IV NAWI cihazlar\u0131 i\u00e7in tam kapsaml\u0131 sertifikasyon \u00e7\u00f6z\u00fcmleri.<\/li><li><strong>LVD \u2013 Al\u00e7ak Gerilim Y\u00f6netmeli\u011fi (2014\/35\/AB)<\/strong><br \/>Elektriksel ve elektronik ekipmanlar\u0131n g\u00fcvenlik de\u011ferlendirmeleri ve teknik dosyalar\u0131.<\/li><li><strong>EMC \u2013 Elektromanyetik Uyumluluk Direktifi (2014\/30\/AB)<\/strong><br \/>EMC testleri ve teknik dok\u00fcmantasyon i\u00e7in destek.<\/li><li><strong>Makine Emniyeti Y\u00f6netmeli\u011fi (2006\/42\/AT)<\/strong><br \/>End\u00fcstriyel makineler i\u00e7in uygunluk yolu geli\u015ftirme ve belge haz\u0131rlama hizmetleri.<\/li><\/ul><p><strong>Size Sa\u011flayacaklar\u0131m\u0131z:<\/strong><\/p><ul><li>Size \u00f6zel uygunluk stratejisi<\/li><li>Teknik dosya incelemesi ve geribildirim<\/li><li>Size \u00f6zel uygunluk stratejisi<\/li><li>\u0130lgili alana g\u00f6re belgelendirme<\/li><li>\u00dcr\u00fcn\u00fcn\u00fcz pazara sunulana kadar s\u00fcrekli ileti\u015fim ve destek<\/li><\/ul>\t\t\t\t\t\t\t\t<\/div>\n\t\t\t\t<\/div>\n\t\t\t\t\t<\/div>\n\t\t<\/div>\n\t\t\t\t\t<\/div>\n\t\t<\/section>\n\t\t\t\t<\/div>","protected":false},"excerpt":{"rendered":"<p>Market Access Want to Know More? Contact Us +90 312 441 41 45 Market Access Whether you&#8217;re launching a new product or expanding into a new region, our Market Access services cover the full spectrum of product compliance requirements, including documentation, testing coordination, technical file examination, and CE marking. \ud83d\udd27 Our Services: CPR \u2013 Construction [&hellip;]<\/p>","protected":false},"author":1,"featured_media":0,"parent":0,"menu_order":0,"comment_status":"closed","ping_status":"closed","template":"","meta":{"_joinchat":[],"footnotes":""},"class_list":["post-668","page","type-page","status-publish","hentry"],"_links":{"self":[{"href":"https:\/\/metcab.org\/tr\/wp-json\/wp\/v2\/pages\/668","targetHints":{"allow":["GET"]}}],"collection":[{"href":"https:\/\/metcab.org\/tr\/wp-json\/wp\/v2\/pages"}],"about":[{"href":"https:\/\/metcab.org\/tr\/wp-json\/wp\/v2\/types\/page"}],"author":[{"embeddable":true,"href":"https:\/\/metcab.org\/tr\/wp-json\/wp\/v2\/users\/1"}],"replies":[{"embeddable":true,"href":"https:\/\/metcab.org\/tr\/wp-json\/wp\/v2\/comments?post=668"}],"version-history":[{"count":13,"href":"https:\/\/metcab.org\/tr\/wp-json\/wp\/v2\/pages\/668\/revisions"}],"predecessor-version":[{"id":829,"href":"https:\/\/metcab.org\/tr\/wp-json\/wp\/v2\/pages\/668\/revisions\/829"}],"wp:attachment":[{"href":"https:\/\/metcab.org\/tr\/wp-json\/wp\/v2\/media?parent=668"}],"curies":[{"name":"wp","href":"https:\/\/api.w.org\/{rel}","templated":true}]}}