{"id":499,"date":"2025-04-08T15:24:18","date_gmt":"2025-04-08T12:24:18","guid":{"rendered":"https:\/\/metcab.org\/?page_id=499"},"modified":"2025-11-19T10:45:15","modified_gmt":"2025-11-19T07:45:15","slug":"about-us","status":"publish","type":"page","link":"https:\/\/metcab.org\/tr\/about-us\/","title":{"rendered":"Hakk\u0131m\u0131zda"},"content":{"rendered":"<div data-elementor-type=\"wp-page\" data-elementor-id=\"499\" class=\"elementor elementor-499\">\n\t\t\t\t\t\t<section class=\"elementor-section elementor-top-section elementor-element elementor-element-ee503c8 elementor-section-boxed elementor-section-height-default elementor-section-height-default\" data-id=\"ee503c8\" data-element_type=\"section\" data-e-type=\"section\" data-settings=\"{&quot;background_background&quot;:&quot;classic&quot;}\">\n\t\t\t\t\t\t<div class=\"elementor-container elementor-column-gap-default\">\n\t\t\t\t\t<div class=\"elementor-column elementor-col-100 elementor-top-column elementor-element elementor-element-8028c45\" data-id=\"8028c45\" data-element_type=\"column\" data-e-type=\"column\">\n\t\t\t<div class=\"elementor-widget-wrap elementor-element-populated\">\n\t\t\t\t\t\t<div class=\"elementor-element elementor-element-44fce45 elementor-widget elementor-widget-gva-heading-block\" data-id=\"44fce45\" data-element_type=\"widget\" data-e-type=\"widget\" data-widget_type=\"gva-heading-block.default\">\n\t\t\t\t<div class=\"elementor-widget-container\">\n\t\t\t\t\t<div class=\"gva-element-gva-heading-block gva-element\">   <div class=\"align-left style-1 widget gsc-heading box-align-left auto-responsive\">\r\n      <div class=\"content-inner\">\r\n         \r\n                  \r\n           \r\n         \r\n                     <h2 class=\"title\">\r\n               <span>Hakk\u0131m\u0131zda<\/span>\r\n            <\/h2>\r\n                  \r\n         \r\n         \r\n      <\/div>\r\n   <\/div>\r\n<\/div>\t\t\t\t<\/div>\n\t\t\t\t<\/div>\n\t\t\t\t\t<\/div>\n\t\t<\/div>\n\t\t\t\t\t<\/div>\n\t\t<\/section>\n\t\t\t\t<section class=\"elementor-section elementor-top-section elementor-element elementor-element-7fa1921 elementor-section-boxed elementor-section-height-default elementor-section-height-default\" data-id=\"7fa1921\" data-element_type=\"section\" data-e-type=\"section\">\n\t\t\t\t\t\t<div class=\"elementor-container elementor-column-gap-default\">\n\t\t\t\t\t<div class=\"elementor-column elementor-col-50 elementor-top-column elementor-element elementor-element-da84eee\" data-id=\"da84eee\" data-element_type=\"column\" data-e-type=\"column\">\n\t\t\t<div class=\"elementor-widget-wrap elementor-element-populated\">\n\t\t\t\t\t\t<div class=\"elementor-element elementor-element-6e4156a elementor-widget__width-initial elementor-widget elementor-widget-image\" data-id=\"6e4156a\" data-element_type=\"widget\" data-e-type=\"widget\" data-widget_type=\"image.default\">\n\t\t\t\t<div class=\"elementor-widget-container\">\n\t\t\t\t\t\t\t\t\t\t\t\t\t\t\t<img fetchpriority=\"high\" decoding=\"async\" width=\"800\" height=\"640\" src=\"https:\/\/metcab.org\/wp-content\/uploads\/2023\/01\/event-4.jpg\" class=\"attachment-large size-large wp-image-257\" alt=\"\" srcset=\"https:\/\/metcab.org\/wp-content\/uploads\/2023\/01\/event-4.jpg 800w, https:\/\/metcab.org\/wp-content\/uploads\/2023\/01\/event-4-768x614.jpg 768w, https:\/\/metcab.org\/wp-content\/uploads\/2023\/01\/event-4-500x400.jpg 500w, https:\/\/metcab.org\/wp-content\/uploads\/2023\/01\/event-4-600x480.jpg 600w\" sizes=\"(max-width: 800px) 100vw, 800px\" \/>\t\t\t\t\t\t\t\t\t\t\t\t\t\t\t<\/div>\n\t\t\t\t<\/div>\n\t\t\t\t\t<\/div>\n\t\t<\/div>\n\t\t\t\t<div class=\"elementor-column elementor-col-50 elementor-top-column elementor-element elementor-element-e8af183\" data-id=\"e8af183\" data-element_type=\"column\" data-e-type=\"column\">\n\t\t\t<div class=\"elementor-widget-wrap elementor-element-populated\">\n\t\t\t\t\t\t<div class=\"elementor-element elementor-element-843dade elementor-widget elementor-widget-heading\" data-id=\"843dade\" data-element_type=\"widget\" data-e-type=\"widget\" data-widget_type=\"heading.default\">\n\t\t\t\t<div class=\"elementor-widget-container\">\n\t\t\t\t\t<h2 class=\"elementor-heading-title elementor-size-default\">Hakk\u0131m\u0131zda<\/h2>\t\t\t\t<\/div>\n\t\t\t\t<\/div>\n\t\t\t\t<div class=\"elementor-element elementor-element-5ebfdd5 elementor-widget elementor-widget-text-editor\" data-id=\"5ebfdd5\" data-element_type=\"widget\" data-e-type=\"widget\" data-widget_type=\"text-editor.default\">\n\t\t\t\t<div class=\"elementor-widget-container\">\n\t\t\t\t\t\t\t\t\t<p data-start=\"1054\" data-end=\"1389\"><strong data-start=\"1054\" data-end=\"1095\">METCAB Uygunluk De\u011ferlendirme LTD \u015eT\u0130<\/strong> \u00fcr\u00fcn belgelendirme s\u00fcre\u00e7lerini daha h\u0131zl\u0131, \u015feffaf ve eri\u015filebilir hale getirme hedefiyle 2022 y\u0131l\u0131nda kurulmu\u015ftur. Avrupa Birli\u011fi direktifleri ve uluslararas\u0131 standartlara tam uyum sa\u011flayan \u00e7\u00f6z\u00fcmlerimizle, \u00fcreticilerin yurt i\u00e7i ve yurt d\u0131\u015f\u0131 pazarlara g\u00fcvenle a\u00e7\u0131lmalar\u0131na destek oluyoruz.<\/p><p data-start=\"1054\" data-end=\"1389\"><strong data-start=\"232\" data-end=\"288\">METCAB, akredite edilmi\u015f ve yetkilendirilmi\u015f bir Onaylanm\u0131\u015f Kurulu\u015f olarak<\/strong> a\u015fa\u011f\u0131daki Avrupa mevzuatlar\u0131 kapsam\u0131nda faaliyet g\u00f6stermektedir:<\/p><ul><li data-start=\"353\" data-end=\"411\"><p data-start=\"355\" data-end=\"411\"><strong data-start=\"355\" data-end=\"409\">MID \u2013 \u00d6l\u00e7\u00fc Aletleri Y\u00f6netmeli\u011fi (2014\/32\/AB<\/strong><\/p><\/li><li data-start=\"412\" data-end=\"485\"><p data-start=\"414\" data-end=\"485\"><strong data-start=\"414\" data-end=\"483\">NAWID \u2013 Otomatik Olmayan Tart\u0131 Aletleri Y\u00f6netmeli\u011fi (2014\/31\/AB)<\/strong><\/p><\/li><\/ul><ul><li data-start=\"486\" data-end=\"544\"><p data-start=\"488\" data-end=\"544\"><strong data-start=\"488\" data-end=\"544\">CPR \u2013 Yap\u0131 Malzemeleri Y\u00f6netmeli\u011fi (EU 305\/2011)<\/strong><\/p><\/li><\/ul><p data-start=\"1627\" data-end=\"1764\">M\u00fc\u015fteri odakl\u0131 yakla\u015f\u0131m\u0131m\u0131z, g\u00fc\u00e7l\u00fc teknik ekibimiz ve \u00e7oklu direktif kapsam\u0131ndaki \u00e7\u00f6z\u00fcmlerimizle METCAB, sertifikasyon s\u00fcre\u00e7lerinde g\u00fcvenilir bir i\u015f orta\u011f\u0131 olmay\u0131 s\u00fcrd\u00fcrmektedir.<\/p>\t\t\t\t\t\t\t\t<\/div>\n\t\t\t\t<\/div>\n\t\t\t\t\t<\/div>\n\t\t<\/div>\n\t\t\t\t\t<\/div>\n\t\t<\/section>\n\t\t\t\t<section class=\"elementor-section elementor-top-section elementor-element elementor-element-d0099bd elementor-section-boxed elementor-section-height-default elementor-section-height-default\" data-id=\"d0099bd\" data-element_type=\"section\" data-e-type=\"section\">\n\t\t\t\t\t\t<div class=\"elementor-container elementor-column-gap-default\">\n\t\t\t\t\t<div class=\"elementor-column elementor-col-33 elementor-top-column elementor-element elementor-element-9b0e4bf\" data-id=\"9b0e4bf\" data-element_type=\"column\" data-e-type=\"column\">\n\t\t\t<div class=\"elementor-widget-wrap elementor-element-populated\">\n\t\t\t\t\t\t<div class=\"elementor-element elementor-element-9444df5 elementor-widget elementor-widget-gva-icon-box-styles\" data-id=\"9444df5\" data-element_type=\"widget\" data-e-type=\"widget\" data-widget_type=\"gva-icon-box-styles.default\">\n\t\t\t\t<div class=\"elementor-widget-container\">\n\t\t\t\t\t<div class=\"gva-element-gva-icon-box-styles gva-element\">\r\n         <div class=\"widget gsc-icon-box-styles style-1\">\r\n         <div class=\"icon-box-content\">\r\n           \r\n                           <div class=\"icon-inner\">\r\n                  <span>\r\n                     <i aria-hidden=\"true\" class=\"fas fa-retweet\"><\/i>                  <\/span>\r\n               <\/div>\r\n            \r\n            <div class=\"box-content\">\r\n                                 <h3 class=\"title\">\r\n                     Neden Biz?                  <\/h3>\r\n                                                <div class=\"desc\">Daha Fazla<\/div>\r\n                           <\/div>\r\n         <\/div> \r\n         \t\t  <a href=\"https:\/\/metcab.org\/tr\/why-us\/\" class=\"link-overlay\">\r\n\t\t\t \t\t  <\/a>\r\n\t\t        <\/div>   \r\n   \r\n   <\/div>\t\t\t\t<\/div>\n\t\t\t\t<\/div>\n\t\t\t\t\t<\/div>\n\t\t<\/div>\n\t\t\t\t<div class=\"elementor-column elementor-col-33 elementor-top-column elementor-element elementor-element-20db8e2\" data-id=\"20db8e2\" data-element_type=\"column\" data-e-type=\"column\">\n\t\t\t<div class=\"elementor-widget-wrap elementor-element-populated\">\n\t\t\t\t\t\t<div class=\"elementor-element elementor-element-b2d00d6 elementor-widget elementor-widget-gva-icon-box-styles\" data-id=\"b2d00d6\" data-element_type=\"widget\" data-e-type=\"widget\" data-widget_type=\"gva-icon-box-styles.default\">\n\t\t\t\t<div class=\"elementor-widget-container\">\n\t\t\t\t\t<div class=\"gva-element-gva-icon-box-styles gva-element\">\r\n         <div class=\"widget gsc-icon-box-styles style-1\">\r\n         <div class=\"icon-box-content\">\r\n           \r\n                           <div class=\"icon-inner\">\r\n                  <span>\r\n                     <i aria-hidden=\"true\" class=\"fas fa-quote-right\"><\/i>                  <\/span>\r\n               <\/div>\r\n            \r\n            <div class=\"box-content\">\r\n                                 <h3 class=\"title\">\r\n                     Metcab'in Tarih\u00e7esi                  <\/h3>\r\n                                                <div class=\"desc\">Daha Fazla<\/div>\r\n                           <\/div>\r\n         <\/div> \r\n         \t\t  <a href=\"https:\/\/metcab.org\/tr\/history-of-matcab\/\" class=\"link-overlay\">\r\n\t\t\t \t\t  <\/a>\r\n\t\t        <\/div>   \r\n   \r\n   <\/div>\t\t\t\t<\/div>\n\t\t\t\t<\/div>\n\t\t\t\t\t<\/div>\n\t\t<\/div>\n\t\t\t\t<div class=\"elementor-column elementor-col-33 elementor-top-column elementor-element elementor-element-aa1caa3\" data-id=\"aa1caa3\" data-element_type=\"column\" data-e-type=\"column\">\n\t\t\t<div class=\"elementor-widget-wrap elementor-element-populated\">\n\t\t\t\t\t\t<div class=\"elementor-element elementor-element-bfc28a2 elementor-widget elementor-widget-gva-icon-box-styles\" data-id=\"bfc28a2\" data-element_type=\"widget\" data-e-type=\"widget\" data-widget_type=\"gva-icon-box-styles.default\">\n\t\t\t\t<div class=\"elementor-widget-container\">\n\t\t\t\t\t<div class=\"gva-element-gva-icon-box-styles gva-element\">\r\n         <div class=\"widget gsc-icon-box-styles style-1\">\r\n         <div class=\"icon-box-content\">\r\n           \r\n                           <div class=\"icon-inner\">\r\n                  <span>\r\n                     <i aria-hidden=\"true\" class=\"fas fa-random\"><\/i>                  <\/span>\r\n               <\/div>\r\n            \r\n            <div class=\"box-content\">\r\n                                 <h3 class=\"title\">\r\n                     Yetkilendirme ve Akreditasyon                  <\/h3>\r\n                                                <div class=\"desc\">Daha Fazla<\/div>\r\n                           <\/div>\r\n         <\/div> \r\n         \t\t  <a href=\"https:\/\/metcab.org\/tr\/designation-and-accreditation\/\" class=\"link-overlay\">\r\n\t\t\t \t\t  <\/a>\r\n\t\t        <\/div>   \r\n   \r\n   <\/div>\t\t\t\t<\/div>\n\t\t\t\t<\/div>\n\t\t\t\t\t<\/div>\n\t\t<\/div>\n\t\t\t\t\t<\/div>\n\t\t<\/section>\n\t\t\t\t<\/div>","protected":false},"excerpt":{"rendered":"<p>About Us About Us METCAB Uygunluk De\u011ferlendirme LTD \u015eT\u0130 was founded in 2022 with a clear mission: to make product certification faster, more transparent, and more accessible. With deep expertise in European directives and international standards, we help manufacturers achieve seamless compliance and gain access to both domestic and global markets. METCAB is an accredited [&hellip;]<\/p>","protected":false},"author":1,"featured_media":0,"parent":0,"menu_order":0,"comment_status":"closed","ping_status":"closed","template":"","meta":{"_joinchat":[],"footnotes":""},"class_list":["post-499","page","type-page","status-publish","hentry"],"_links":{"self":[{"href":"https:\/\/metcab.org\/tr\/wp-json\/wp\/v2\/pages\/499","targetHints":{"allow":["GET"]}}],"collection":[{"href":"https:\/\/metcab.org\/tr\/wp-json\/wp\/v2\/pages"}],"about":[{"href":"https:\/\/metcab.org\/tr\/wp-json\/wp\/v2\/types\/page"}],"author":[{"embeddable":true,"href":"https:\/\/metcab.org\/tr\/wp-json\/wp\/v2\/users\/1"}],"replies":[{"embeddable":true,"href":"https:\/\/metcab.org\/tr\/wp-json\/wp\/v2\/comments?post=499"}],"version-history":[{"count":25,"href":"https:\/\/metcab.org\/tr\/wp-json\/wp\/v2\/pages\/499\/revisions"}],"predecessor-version":[{"id":816,"href":"https:\/\/metcab.org\/tr\/wp-json\/wp\/v2\/pages\/499\/revisions\/816"}],"wp:attachment":[{"href":"https:\/\/metcab.org\/tr\/wp-json\/wp\/v2\/media?parent=499"}],"curies":[{"name":"wp","href":"https:\/\/api.w.org\/{rel}","templated":true}]}}