{"id":482,"date":"2025-04-08T14:54:28","date_gmt":"2025-04-08T11:54:28","guid":{"rendered":"https:\/\/metcab.org\/?page_id=482"},"modified":"2025-04-10T19:06:48","modified_gmt":"2025-04-10T16:06:48","slug":"machinery-safety-directive","status":"publish","type":"page","link":"https:\/\/metcab.org\/tr\/machinery-safety-directive\/","title":{"rendered":"Makine Emniyeti Direktifi"},"content":{"rendered":"<div data-elementor-type=\"wp-page\" data-elementor-id=\"482\" class=\"elementor elementor-482\">\n\t\t\t\t\t\t<section class=\"elementor-section elementor-top-section elementor-element elementor-element-4703e6d elementor-section-boxed elementor-section-height-default elementor-section-height-default\" data-id=\"4703e6d\" data-element_type=\"section\" data-e-type=\"section\" data-settings=\"{&quot;background_background&quot;:&quot;classic&quot;}\">\n\t\t\t\t\t\t<div class=\"elementor-container elementor-column-gap-default\">\n\t\t\t\t\t<div class=\"elementor-column elementor-col-100 elementor-top-column elementor-element elementor-element-015c253\" data-id=\"015c253\" data-element_type=\"column\" data-e-type=\"column\">\n\t\t\t<div class=\"elementor-widget-wrap elementor-element-populated\">\n\t\t\t\t\t\t<div class=\"elementor-element elementor-element-8aaf999 elementor-widget elementor-widget-gva-heading-block\" data-id=\"8aaf999\" data-element_type=\"widget\" data-e-type=\"widget\" data-widget_type=\"gva-heading-block.default\">\n\t\t\t\t<div class=\"elementor-widget-container\">\n\t\t\t\t\t<div class=\"gva-element-gva-heading-block gva-element\">   <div class=\"align-left style-1 widget gsc-heading box-align-left auto-responsive\">\r\n      <div class=\"content-inner\">\r\n         \r\n                  \r\n           \r\n         \r\n                     <h2 class=\"title\">\r\n               <span>Makine Emniyeti Direktifi (2006\/42\/EC)<\/span>\r\n            <\/h2>\r\n                  \r\n         \r\n         \r\n      <\/div>\r\n   <\/div>\r\n<\/div>\t\t\t\t<\/div>\n\t\t\t\t<\/div>\n\t\t\t\t\t<\/div>\n\t\t<\/div>\n\t\t\t\t\t<\/div>\n\t\t<\/section>\n\t\t\t\t<section class=\"elementor-section elementor-top-section elementor-element elementor-element-d0d5d53 elementor-section-boxed elementor-section-height-default elementor-section-height-default\" data-id=\"d0d5d53\" data-element_type=\"section\" data-e-type=\"section\">\n\t\t\t\t\t\t<div class=\"elementor-container elementor-column-gap-default\">\n\t\t\t\t\t<div class=\"elementor-column elementor-col-50 elementor-top-column elementor-element elementor-element-087fda3\" data-id=\"087fda3\" data-element_type=\"column\" data-e-type=\"column\">\n\t\t\t<div class=\"elementor-widget-wrap elementor-element-populated\">\n\t\t\t\t\t\t<div class=\"elementor-element elementor-element-c925e22 elementor-widget elementor-widget-wp-widget-nav_menu\" data-id=\"c925e22\" data-element_type=\"widget\" data-e-type=\"widget\" data-widget_type=\"wp-widget-nav_menu.default\">\n\t\t\t\t<div class=\"elementor-widget-container\">\n\t\t\t\t\t<div class=\"menu-services-container\"><ul id=\"menu-services\" class=\"menu\"><li id=\"menu-item-316\" class=\"menu-item menu-item-type-post_type menu-item-object-page menu-item-316\"><a href=\"https:\/\/metcab.org\/tr\/mid\/\">MID<\/a><\/li>\n<li id=\"menu-item-491\" class=\"menu-item menu-item-type-post_type menu-item-object-page menu-item-491\"><a href=\"https:\/\/metcab.org\/tr\/nawi\/\">NAWI<\/a><\/li>\n<li id=\"menu-item-490\" class=\"menu-item menu-item-type-post_type menu-item-object-page menu-item-490\"><a href=\"https:\/\/metcab.org\/tr\/cpr\/\">CPR<\/a><\/li>\n<li id=\"menu-item-489\" class=\"menu-item menu-item-type-post_type menu-item-object-page menu-item-489\"><a href=\"https:\/\/metcab.org\/tr\/chimneys-system-certification\/\">Bacalar Sistem 2+<\/a><\/li>\n<li id=\"menu-item-488\" class=\"menu-item menu-item-type-post_type menu-item-object-page menu-item-488\"><a href=\"https:\/\/metcab.org\/tr\/lvd\/\">LVD<\/a><\/li>\n<li id=\"menu-item-487\" class=\"menu-item menu-item-type-post_type menu-item-object-page menu-item-487\"><a href=\"https:\/\/metcab.org\/tr\/machinery-safety-directive\/\">Makine Emniyeti Direktifi<\/a><\/li>\n<\/ul><\/div>\t\t\t\t<\/div>\n\t\t\t\t<\/div>\n\t\t\t\t<section class=\"elementor-section elementor-inner-section elementor-element elementor-element-5ebc093 elementor-section-boxed elementor-section-height-default elementor-section-height-default\" data-id=\"5ebc093\" data-element_type=\"section\" data-e-type=\"section\" data-settings=\"{&quot;background_background&quot;:&quot;classic&quot;}\">\n\t\t\t\t\t\t\t<div class=\"elementor-background-overlay\"><\/div>\n\t\t\t\t\t\t\t<div class=\"elementor-container elementor-column-gap-default\">\n\t\t\t\t\t<div class=\"elementor-column elementor-col-100 elementor-inner-column elementor-element elementor-element-f147c0c\" data-id=\"f147c0c\" data-element_type=\"column\" data-e-type=\"column\">\n\t\t\t<div class=\"elementor-widget-wrap elementor-element-populated\">\n\t\t\t\t\t\t<div class=\"elementor-element elementor-element-19aa5b6 elementor-view-stacked elementor-shape-circle elementor-position-block-start elementor-mobile-position-block-start elementor-widget elementor-widget-icon-box\" data-id=\"19aa5b6\" data-element_type=\"widget\" data-e-type=\"widget\" data-widget_type=\"icon-box.default\">\n\t\t\t\t<div class=\"elementor-widget-container\">\n\t\t\t\t\t\t\t<div class=\"elementor-icon-box-wrapper\">\n\n\t\t\t\t\t\t<div class=\"elementor-icon-box-icon\">\n\t\t\t\t<span  class=\"elementor-icon\">\n\t\t\t\t<i aria-hidden=\"true\" class=\"micon__phone-call\"><\/i>\t\t\t\t<\/span>\n\t\t\t<\/div>\n\t\t\t\n\t\t\t\t\t\t<div class=\"elementor-icon-box-content\">\n\n\t\t\t\t\t\t\t\t\t<h3 class=\"elementor-icon-box-title\">\n\t\t\t\t\t\t<span  >\n\t\t\t\t\t\t\tDaha Fazlas\u0131n\u0131 \u00d6\u011frenmek \u0130ster misiniz?\t\t\t\t\t\t<\/span>\n\t\t\t\t\t<\/h3>\n\t\t\t\t\n\t\t\t\t\n\t\t\t<\/div>\n\t\t\t\n\t\t<\/div>\n\t\t\t\t\t\t<\/div>\n\t\t\t\t<\/div>\n\t\t\t\t<div class=\"elementor-element elementor-element-2c0ef58 elementor-widget elementor-widget-text-editor\" data-id=\"2c0ef58\" data-element_type=\"widget\" data-e-type=\"widget\" data-widget_type=\"text-editor.default\">\n\t\t\t\t<div class=\"elementor-widget-container\">\n\t\t\t\t\t\t\t\t\t<div>\u0130leti\u015fime Ge\u00e7<\/div>\t\t\t\t\t\t\t\t<\/div>\n\t\t\t\t<\/div>\n\t\t\t\t<div class=\"elementor-element elementor-element-7721fa8 elementor-widget elementor-widget-text-editor\" data-id=\"7721fa8\" data-element_type=\"widget\" data-e-type=\"widget\" data-widget_type=\"text-editor.default\">\n\t\t\t\t<div class=\"elementor-widget-container\">\n\t\t\t\t\t\t\t\t\t<p><a class=\"text-white\" href=\"tel:+0 312 441 41 45\">+90 312 441 41 45<br \/><\/a><\/p>\t\t\t\t\t\t\t\t<\/div>\n\t\t\t\t<\/div>\n\t\t\t\t\t<\/div>\n\t\t<\/div>\n\t\t\t\t\t<\/div>\n\t\t<\/section>\n\t\t\t\t\t<\/div>\n\t\t<\/div>\n\t\t\t\t<div class=\"elementor-column elementor-col-50 elementor-top-column elementor-element elementor-element-123ea89\" data-id=\"123ea89\" data-element_type=\"column\" data-e-type=\"column\">\n\t\t\t<div class=\"elementor-widget-wrap elementor-element-populated\">\n\t\t\t\t\t\t<div class=\"elementor-element elementor-element-d69f3f7 elementor-widget elementor-widget-image\" data-id=\"d69f3f7\" data-element_type=\"widget\" data-e-type=\"widget\" data-widget_type=\"image.default\">\n\t\t\t\t<div class=\"elementor-widget-container\">\n\t\t\t\t\t\t\t\t\t\t\t\t\t\t\t<img fetchpriority=\"high\" decoding=\"async\" width=\"900\" height=\"600\" src=\"https:\/\/metcab.org\/wp-content\/uploads\/2025\/04\/Machinery-1-1024x683.jpg\" class=\"attachment-large size-large wp-image-627\" alt=\"\" srcset=\"https:\/\/metcab.org\/wp-content\/uploads\/2025\/04\/Machinery-1-1024x683.jpg 1024w, https:\/\/metcab.org\/wp-content\/uploads\/2025\/04\/Machinery-1-768x512.jpg 768w\" sizes=\"(max-width: 900px) 100vw, 900px\" \/>\t\t\t\t\t\t\t\t\t\t\t\t\t\t\t<\/div>\n\t\t\t\t<\/div>\n\t\t\t\t<div class=\"elementor-element elementor-element-6cef601 elementor-widget elementor-widget-heading\" data-id=\"6cef601\" data-element_type=\"widget\" data-e-type=\"widget\" data-widget_type=\"heading.default\">\n\t\t\t\t<div class=\"elementor-widget-container\">\n\t\t\t\t\t<h2 class=\"elementor-heading-title elementor-size-default\">Makine Emniyeti Direktifi (2006\/42\/EC)<\/h2>\t\t\t\t<\/div>\n\t\t\t\t<\/div>\n\t\t\t\t<div class=\"elementor-element elementor-element-67b95cf elementor-widget elementor-widget-text-editor\" data-id=\"67b95cf\" data-element_type=\"widget\" data-e-type=\"widget\" data-widget_type=\"text-editor.default\">\n\t\t\t\t<div class=\"elementor-widget-container\">\n\t\t\t\t\t\t\t\t\t<p><strong>End\u00fcstriyel G\u00fcvenli\u011fin Temeli<\/strong><\/p>\n<p>Makinalar, end\u00fcstriyel \u00fcretimden g\u00fcnl\u00fck ya\u015fant\u0131m\u0131za kadar bir\u00e7ok alanda vazge\u00e7ilmez unsurlard\u0131r. Ancak g\u00fcvenlik kriterlerini kar\u015f\u0131lamayan bir makine; hem kullan\u0131c\u0131lar hem de \u00e7evre a\u00e7\u0131s\u0131ndan ciddi riskler olu\u015fturur.<\/p>\n<p>The <strong>Makine Emniyeti Direktifi (2006\/42\/EC)<\/strong> makinelerin Avrupa Ekonomik Alan\u0131\u2019na arz edilmeden \u00f6nce sa\u011flamas\u0131 gereken temel sa\u011fl\u0131k ve g\u00fcvenlik gereklerini tan\u0131mlar. Bu gerekliliklerin kar\u015f\u0131lanmas\u0131, CE i\u015fareti ta\u015f\u0131yan \u00fcr\u00fcnlerin yasal ve ticari g\u00fcvenli\u011fini sa\u011flar.<\/p>\n<p><strong><img decoding=\"async\" draggable=\"false\" role=\"img\" class=\"emoji\" alt=\"\ud83c\udfaf\" src=\"https:\/\/s.w.org\/images\/core\/emoji\/15.0.3\/svg\/1f3af.svg\"><\/strong><strong> Direktifin Kapsam\u0131 ve \u00d6nemi<\/strong><\/p>\n<p>Makine Emniyeti Direktifi;<\/p>\n<ul>\n<li>\u2022\tMekanik, elektriksel ve termal risklerin azalt\u0131lmas\u0131,<\/li>\n<li>\u2022\tHareketli par\u00e7alar i\u00e7in koruyucu sistemler,<\/li>\n<li>\u2022\tAcil durdurma ve g\u00fcvenli devreye alma \u00e7\u00f6z\u00fcmleri,<\/li>\n<li>\u2022\tKullan\u0131m k\u0131lavuzu ve uyar\u0131 i\u015faretlerinin do\u011frulu\u011fu,<\/li>\n<li>\u2022\t\u0130nsan-makine etkile\u015fiminde g\u00fcvenli tasar\u0131m ilkeleri gibi konular\u0131 kapsar.<\/li>\n<\/ul>\n<p>Y\u00f6netmeli\u011fe uygun olmayan makineler, sadece yasal yapt\u0131r\u0131mlarla de\u011fil, kullan\u0131c\u0131 g\u00fcvenli\u011fi ve marka itibar\u0131 a\u00e7\u0131s\u0131ndan da b\u00fcy\u00fck risk ta\u015f\u0131r.<\/p>\n<p><strong><img decoding=\"async\" draggable=\"false\" role=\"img\" class=\"emoji\" alt=\"\ud83d\ude80\" src=\"https:\/\/s.w.org\/images\/core\/emoji\/15.0.3\/svg\/1f680.svg\"><\/strong><strong> METCAB Size Nas\u0131l Destek Olur?<\/strong><\/p>\n<p>Makine \u00fcreticilerinin yasal gereklilikleri eksiksiz kar\u015f\u0131layabilmesi i\u00e7in METCAB olarak \u015funlar\u0131 sunuyoruz:<\/p>\n<ul>\n<li>\u2022\tEN ISO 12100 gibi harmonize standartlara dayal\u0131 risk analizi dan\u0131\u015fmanl\u0131\u011f\u0131<\/li>\n<li>\u2022\tTeknik dosya i\u00e7eri\u011fi haz\u0131rlama ve g\u00f6zden ge\u00e7irme hizmeti<\/li>\n<li>\u2022\tUygunluk Beyan\u0131 (DoC) ve CE i\u015fareti s\u00fcreci y\u00f6nlendirmesi<\/li>\n<li>\u2022\tEmniyet komponentleri ve kontrol sistemlerine \u00f6zel teknik destek<\/li>\n<li>\u2022\tRevize edilen Yeni Makine T\u00fcz\u00fc\u011f\u00fc (EU 2023\/1230) hakk\u0131nda bilgilendirme<\/li>\n<\/ul>\n<p><strong>Belgelendirme de\u011fil, g\u00fcvenli pazara eri\u015fim i\u00e7in profesyonel rehberlik sunuyoruz.<\/strong><\/p>\n<p><strong><img decoding=\"async\" draggable=\"false\" role=\"img\" class=\"emoji\" alt=\"\ud83d\udcc2\" src=\"https:\/\/s.w.org\/images\/core\/emoji\/15.0.3\/svg\/1f4c2.svg\"><\/strong><strong> Kaynaklar ve Belgeler<\/strong><\/p>\n<ul>\n<li>\u2022\tTeknik Dosya Kontrol Listesi<\/li>\n<li>\u2022\tAB Uygunluk Beyan\u0131 (DoC) \u015eablonu<\/li>\n<li>\u2022\tRisk Analizi Matris \u00d6rne\u011fi<\/li>\n<li>\u2022\tCE \u0130\u015fareti Kullan\u0131m K\u0131lavuzu<\/li>\n<\/ul>\n<p><strong>G\u00fcvenli, mevzuata uygun ve rekabet\u00e7i makineler \u00fcretmek i\u00e7in do\u011fru adres METCAB.<\/strong><br><img decoding=\"async\" draggable=\"false\" role=\"img\" class=\"emoji\" alt=\"\ud83d\udce7\" src=\"https:\/\/s.w.org\/images\/core\/emoji\/15.0.3\/svg\/1f4e7.svg\"> [<a href=\"mailto:info@metcab.org\">info@metcab.org<\/a>] | <img decoding=\"async\" draggable=\"false\" role=\"img\" class=\"emoji\" alt=\"\ud83d\udcc5\" src=\"https:\/\/s.w.org\/images\/core\/emoji\/15.0.3\/svg\/1f4c5.svg\"> Randevu Al<\/p>\t\t\t\t\t\t\t\t<\/div>\n\t\t\t\t<\/div>\n\t\t\t\t\t<\/div>\n\t\t<\/div>\n\t\t\t\t\t<\/div>\n\t\t<\/section>\n\t\t\t\t<\/div>","protected":false},"excerpt":{"rendered":"<p>Machinery Safety Directive (2006\/42\/EC) Want to Know More? Contact Us +90 312 441 41 45 Machinery Safety Directive (2006\/42\/EC) The Foundation of Industrial Safety Machinery plays a vital role across industrial production, automation, and everyday life. But a machine that does not meet essential safety standards can pose serious risks to both users and the [&hellip;]<\/p>","protected":false},"author":1,"featured_media":0,"parent":0,"menu_order":0,"comment_status":"closed","ping_status":"closed","template":"","meta":{"_joinchat":[],"footnotes":""},"class_list":["post-482","page","type-page","status-publish","hentry"],"_links":{"self":[{"href":"https:\/\/metcab.org\/tr\/wp-json\/wp\/v2\/pages\/482","targetHints":{"allow":["GET"]}}],"collection":[{"href":"https:\/\/metcab.org\/tr\/wp-json\/wp\/v2\/pages"}],"about":[{"href":"https:\/\/metcab.org\/tr\/wp-json\/wp\/v2\/types\/page"}],"author":[{"embeddable":true,"href":"https:\/\/metcab.org\/tr\/wp-json\/wp\/v2\/users\/1"}],"replies":[{"embeddable":true,"href":"https:\/\/metcab.org\/tr\/wp-json\/wp\/v2\/comments?post=482"}],"version-history":[{"count":25,"href":"https:\/\/metcab.org\/tr\/wp-json\/wp\/v2\/pages\/482\/revisions"}],"predecessor-version":[{"id":751,"href":"https:\/\/metcab.org\/tr\/wp-json\/wp\/v2\/pages\/482\/revisions\/751"}],"wp:attachment":[{"href":"https:\/\/metcab.org\/tr\/wp-json\/wp\/v2\/media?parent=482"}],"curies":[{"name":"wp","href":"https:\/\/api.w.org\/{rel}","templated":true}]}}