{"id":477,"date":"2025-04-08T14:43:13","date_gmt":"2025-04-08T11:43:13","guid":{"rendered":"https:\/\/metcab.org\/?page_id=477"},"modified":"2025-04-09T00:49:33","modified_gmt":"2025-04-08T21:49:33","slug":"lvd","status":"publish","type":"page","link":"https:\/\/metcab.org\/tr\/lvd\/","title":{"rendered":"LVD"},"content":{"rendered":"<div data-elementor-type=\"wp-page\" data-elementor-id=\"477\" class=\"elementor elementor-477\">\n\t\t\t\t\t\t<section class=\"elementor-section elementor-top-section elementor-element elementor-element-4703e6d elementor-section-boxed elementor-section-height-default elementor-section-height-default\" data-id=\"4703e6d\" data-element_type=\"section\" data-e-type=\"section\" data-settings=\"{&quot;background_background&quot;:&quot;classic&quot;}\">\n\t\t\t\t\t\t<div class=\"elementor-container elementor-column-gap-default\">\n\t\t\t\t\t<div class=\"elementor-column elementor-col-100 elementor-top-column elementor-element elementor-element-015c253\" data-id=\"015c253\" data-element_type=\"column\" data-e-type=\"column\">\n\t\t\t<div class=\"elementor-widget-wrap elementor-element-populated\">\n\t\t\t\t\t\t<div class=\"elementor-element elementor-element-8aaf999 elementor-widget elementor-widget-gva-heading-block\" data-id=\"8aaf999\" data-element_type=\"widget\" data-e-type=\"widget\" data-widget_type=\"gva-heading-block.default\">\n\t\t\t\t<div class=\"elementor-widget-container\">\n\t\t\t\t\t<div class=\"gva-element-gva-heading-block gva-element\">   <div class=\"align-left style-1 widget gsc-heading box-align-left auto-responsive\">\r\n      <div class=\"content-inner\">\r\n         \r\n                  \r\n           \r\n         \r\n                     <h2 class=\"title\">\r\n               <span>LVD \u2013 Al\u00e7ak Gerilim Y\u00f6netmeli\u011fi (2014\/35\/AB)<\/span>\r\n            <\/h2>\r\n                  \r\n         \r\n         \r\n      <\/div>\r\n   <\/div>\r\n<\/div>\t\t\t\t<\/div>\n\t\t\t\t<\/div>\n\t\t\t\t\t<\/div>\n\t\t<\/div>\n\t\t\t\t\t<\/div>\n\t\t<\/section>\n\t\t\t\t<section class=\"elementor-section elementor-top-section elementor-element elementor-element-d0d5d53 elementor-section-boxed elementor-section-height-default elementor-section-height-default\" data-id=\"d0d5d53\" data-element_type=\"section\" data-e-type=\"section\">\n\t\t\t\t\t\t<div class=\"elementor-container elementor-column-gap-default\">\n\t\t\t\t\t<div class=\"elementor-column elementor-col-50 elementor-top-column elementor-element elementor-element-087fda3\" data-id=\"087fda3\" data-element_type=\"column\" data-e-type=\"column\">\n\t\t\t<div class=\"elementor-widget-wrap elementor-element-populated\">\n\t\t\t\t\t\t<div class=\"elementor-element elementor-element-c925e22 elementor-widget elementor-widget-wp-widget-nav_menu\" data-id=\"c925e22\" data-element_type=\"widget\" data-e-type=\"widget\" data-widget_type=\"wp-widget-nav_menu.default\">\n\t\t\t\t<div class=\"elementor-widget-container\">\n\t\t\t\t\t<div class=\"menu-services-container\"><ul id=\"menu-services\" class=\"menu\"><li id=\"menu-item-316\" class=\"menu-item menu-item-type-post_type menu-item-object-page menu-item-316\"><a href=\"https:\/\/metcab.org\/tr\/mid\/\">MID<\/a><\/li>\n<li id=\"menu-item-491\" class=\"menu-item menu-item-type-post_type menu-item-object-page menu-item-491\"><a href=\"https:\/\/metcab.org\/tr\/nawi\/\">NAWI<\/a><\/li>\n<li id=\"menu-item-490\" class=\"menu-item menu-item-type-post_type menu-item-object-page menu-item-490\"><a href=\"https:\/\/metcab.org\/tr\/cpr\/\">CPR<\/a><\/li>\n<li id=\"menu-item-489\" class=\"menu-item menu-item-type-post_type menu-item-object-page menu-item-489\"><a href=\"https:\/\/metcab.org\/tr\/chimneys-system-certification\/\">Bacalar Sistem 2+<\/a><\/li>\n<li id=\"menu-item-488\" class=\"menu-item menu-item-type-post_type menu-item-object-page menu-item-488\"><a href=\"https:\/\/metcab.org\/tr\/lvd\/\">LVD<\/a><\/li>\n<li id=\"menu-item-487\" class=\"menu-item menu-item-type-post_type menu-item-object-page menu-item-487\"><a href=\"https:\/\/metcab.org\/tr\/machinery-safety-directive\/\">Makine Emniyeti Direktifi<\/a><\/li>\n<\/ul><\/div>\t\t\t\t<\/div>\n\t\t\t\t<\/div>\n\t\t\t\t<section class=\"elementor-section elementor-inner-section elementor-element elementor-element-5ebc093 elementor-section-boxed elementor-section-height-default elementor-section-height-default\" data-id=\"5ebc093\" data-element_type=\"section\" data-e-type=\"section\" data-settings=\"{&quot;background_background&quot;:&quot;classic&quot;}\">\n\t\t\t\t\t\t\t<div class=\"elementor-background-overlay\"><\/div>\n\t\t\t\t\t\t\t<div class=\"elementor-container elementor-column-gap-default\">\n\t\t\t\t\t<div class=\"elementor-column elementor-col-100 elementor-inner-column elementor-element elementor-element-f147c0c\" data-id=\"f147c0c\" data-element_type=\"column\" data-e-type=\"column\">\n\t\t\t<div class=\"elementor-widget-wrap elementor-element-populated\">\n\t\t\t\t\t\t<div class=\"elementor-element elementor-element-19aa5b6 elementor-view-stacked elementor-shape-circle elementor-position-block-start elementor-mobile-position-block-start elementor-widget elementor-widget-icon-box\" data-id=\"19aa5b6\" data-element_type=\"widget\" data-e-type=\"widget\" data-widget_type=\"icon-box.default\">\n\t\t\t\t<div class=\"elementor-widget-container\">\n\t\t\t\t\t\t\t<div class=\"elementor-icon-box-wrapper\">\n\n\t\t\t\t\t\t<div class=\"elementor-icon-box-icon\">\n\t\t\t\t<span  class=\"elementor-icon\">\n\t\t\t\t<i aria-hidden=\"true\" class=\"micon__phone-call\"><\/i>\t\t\t\t<\/span>\n\t\t\t<\/div>\n\t\t\t\n\t\t\t\t\t\t<div class=\"elementor-icon-box-content\">\n\n\t\t\t\t\t\t\t\t\t<h3 class=\"elementor-icon-box-title\">\n\t\t\t\t\t\t<span  >\n\t\t\t\t\t\t\tDaha Fazlas\u0131n\u0131 \u00d6\u011frenmek \u0130ster misiniz?\t\t\t\t\t\t<\/span>\n\t\t\t\t\t<\/h3>\n\t\t\t\t\n\t\t\t\t\n\t\t\t<\/div>\n\t\t\t\n\t\t<\/div>\n\t\t\t\t\t\t<\/div>\n\t\t\t\t<\/div>\n\t\t\t\t<div class=\"elementor-element elementor-element-2c0ef58 elementor-widget elementor-widget-text-editor\" data-id=\"2c0ef58\" data-element_type=\"widget\" data-e-type=\"widget\" data-widget_type=\"text-editor.default\">\n\t\t\t\t<div class=\"elementor-widget-container\">\n\t\t\t\t\t\t\t\t\t<div>\u0130leti\u015fime Ge\u00e7<\/div>\t\t\t\t\t\t\t\t<\/div>\n\t\t\t\t<\/div>\n\t\t\t\t<div class=\"elementor-element elementor-element-7721fa8 elementor-widget elementor-widget-text-editor\" data-id=\"7721fa8\" data-element_type=\"widget\" data-e-type=\"widget\" data-widget_type=\"text-editor.default\">\n\t\t\t\t<div class=\"elementor-widget-container\">\n\t\t\t\t\t\t\t\t\t<p><a class=\"text-white\" href=\"tel:+0 312 441 41 45\">+90 312 441 41 45<br \/><\/a><\/p>\t\t\t\t\t\t\t\t<\/div>\n\t\t\t\t<\/div>\n\t\t\t\t\t<\/div>\n\t\t<\/div>\n\t\t\t\t\t<\/div>\n\t\t<\/section>\n\t\t\t\t\t<\/div>\n\t\t<\/div>\n\t\t\t\t<div class=\"elementor-column elementor-col-50 elementor-top-column elementor-element elementor-element-123ea89\" data-id=\"123ea89\" data-element_type=\"column\" data-e-type=\"column\">\n\t\t\t<div class=\"elementor-widget-wrap elementor-element-populated\">\n\t\t\t\t\t\t<div class=\"elementor-element elementor-element-763bd62 elementor-widget elementor-widget-gva-gallery\" data-id=\"763bd62\" data-element_type=\"widget\" data-e-type=\"widget\" data-widget_type=\"gva-gallery.default\">\n\t\t\t\t<div class=\"elementor-widget-container\">\n\t\t\t\t\t<div class=\"gva-element-gva-gallery gva-element\">\r\n<div class=\"gva-gallery-carousel swiper-slider-wrapper style-1\">\r\n\t<div class=\"swiper-content-inner\">\r\n   \t<div class=\"init-carousel-swiper swiper\" data-carousel=\"{&quot;items&quot;:1,&quot;items_lg&quot;:1,&quot;items_md&quot;:1,&quot;items_sm&quot;:1,&quot;items_xs&quot;:1,&quot;items_xx&quot;:1,&quot;effect&quot;:&quot;slide&quot;,&quot;space_between&quot;:30,&quot;loop&quot;:1,&quot;speed&quot;:600,&quot;autoplay&quot;:1,&quot;autoplay_delay&quot;:4500,&quot;autoplay_hover&quot;:1,&quot;navigation&quot;:1,&quot;pagination&quot;:0,&quot;dynamic_bullets&quot;:0,&quot;pagination_type&quot;:&quot;bullets&quot;}\">\r\n      \t<div class=\"swiper-wrapper\">\r\n\t\t\t\t<div class=\"swiper-slide item\"><div class=\"gallery-one__single\"><div class=\"gallery-one__image\"><img decoding=\"async\" src=\"https:\/\/metcab.org\/wp-content\/uploads\/2025\/04\/WhatsApp-Image-2025-03-29-at-23.05.30-7-e1744112691435.jpeg\" alt=\"LVD \u2013 Low Voltage Directive (2014\/35\/EU)\" \/><\/div><a class=\"gallery-one__photo photo-gallery\" href=\"https:\/\/metcab.org\/wp-content\/uploads\/2025\/04\/WhatsApp-Image-2025-03-29-at-23.05.30-7-e1744112691435.jpeg\" data-elementor-lightbox-slideshow=\"gallery-45tp\"><\/a><div class=\"gallery-one__content\"><div class=\"gallery-one__content-inner\"><h3 class=\"gallery-one__title\">LVD \u2013 Al\u00e7ak Gerilim Y\u00f6netmeli\u011fi (2014\/35\/AB)<\/h3><\/div><\/div><\/div><\/div><div class=\"swiper-slide item\"><div class=\"gallery-one__single\"><div class=\"gallery-one__image\"><img decoding=\"async\" src=\"https:\/\/metcab.org\/wp-content\/uploads\/2025\/04\/WhatsApp-Image-2025-03-29-at-23.05.30-6.jpeg\" alt=\"LVD \u2013 Low Voltage Directive (2014\/35\/EU)\" \/><\/div><a class=\"gallery-one__photo photo-gallery\" href=\"https:\/\/metcab.org\/wp-content\/uploads\/2025\/04\/WhatsApp-Image-2025-03-29-at-23.05.30-6.jpeg\" data-elementor-lightbox-slideshow=\"gallery-45tp\"><\/a><div class=\"gallery-one__content\"><div class=\"gallery-one__content-inner\"><h3 class=\"gallery-one__title\">LVD \u2013 Al\u00e7ak Gerilim Y\u00f6netmeli\u011fi (2014\/35\/AB)<\/h3><\/div><\/div><\/div><\/div>\t\t\t<\/div>\r\n\t\t<\/div>\r\n\t<\/div>\r\n\t<div class=\"swiper-pagination\"><\/div>   <div class=\"swiper-nav-next\"><\/div><div class=\"swiper-nav-prev\"><\/div><\/div>\r\n<\/div>\t\t\t\t<\/div>\n\t\t\t\t<\/div>\n\t\t\t\t<div class=\"elementor-element elementor-element-6cef601 elementor-widget elementor-widget-heading\" data-id=\"6cef601\" data-element_type=\"widget\" data-e-type=\"widget\" data-widget_type=\"heading.default\">\n\t\t\t\t<div class=\"elementor-widget-container\">\n\t\t\t\t\t<h2 class=\"elementor-heading-title elementor-size-default\">LVD \u2013 Al\u00e7ak Gerilim Y\u00f6netmeli\u011fi (2014\/35\/AB)<\/h2>\t\t\t\t<\/div>\n\t\t\t\t<\/div>\n\t\t\t\t<div class=\"elementor-element elementor-element-67b95cf elementor-widget elementor-widget-text-editor\" data-id=\"67b95cf\" data-element_type=\"widget\" data-e-type=\"widget\" data-widget_type=\"text-editor.default\">\n\t\t\t\t<div class=\"elementor-widget-container\">\n\t\t\t\t\t\t\t\t\t<table>\n<tbody>\n<tr>\n<td width=\"312\">\n<p><strong>Elektriksel G\u00fcvenlik \u00d6nceli\u011fimizdir<\/strong><\/p>\n<p>Elektrikli ekipmanlar hayat\u0131m\u0131z\u0131n her alan\u0131nda \u2014 ev tipi cihazlardan end\u00fcstriyel panolara kadar \u2014 kullan\u0131lmaktad\u0131r. Bu yayg\u0131nl\u0131k, \u00fcr\u00fcnlerin g\u00fcvenli\u011fi konusunda profesyonel \u00e7\u00f6z\u00fcmleri de zorunlu k\u0131lmaktad\u0131r.<\/p>\n<p>Al\u00e7ak Gerilim Direktifi (LVD), 50\u20131000 V AC ve 75\u20131500 V DC gerilim aral\u0131\u011f\u0131nda \u00e7al\u0131\u015fan elektrikli cihazlar i\u00e7in temel sa\u011fl\u0131k ve g\u00fcvenlik gerekliliklerini tan\u0131mlar. Avrupa pazar\u0131na arz edilmeden \u00f6nce bu gerekliliklerin eksiksiz \u015fekilde kar\u015f\u0131lanmas\u0131 zorunludur.<\/p>\n<p><strong><img decoding=\"async\" draggable=\"false\" role=\"img\" class=\"emoji\" alt=\"\ud83c\udfaf\" src=\"https:\/\/s.w.org\/images\/core\/emoji\/15.0.3\/svg\/1f3af.svg\"><\/strong><strong> LVD Neden Kritik \u00d6neme Sahiptir?<\/strong><\/p>\n<p>LVD, a\u015fa\u011f\u0131daki g\u00fcvenlik \u015fartlar\u0131n\u0131n sa\u011flanmas\u0131n\u0131 hedefler:<\/p>\n<ul>\n<li>\u2022\tElektrik \u00e7arpmas\u0131na kar\u015f\u0131 koruma<\/li>\n<li>\u2022\tYal\u0131t\u0131m ve s\u0131zma mesafeleri<\/li>\n<li>\u2022\tA\u015f\u0131r\u0131 \u0131s\u0131nma ve yang\u0131n riskine kar\u015f\u0131 g\u00fcvenlik<\/li>\n<li>\u2022\tKurulum, kullan\u0131m ve bak\u0131m s\u0131ras\u0131nda emniyet<\/li>\n<\/ul>\n<p>LVD\u2019ye uygun olmayan \u00fcr\u00fcnler; g\u00fcmr\u00fckte al\u0131konma, piyasadan toplatma ya da ticari yapt\u0131r\u0131mlar gibi ciddi riskler do\u011furabilir.<\/p>\n<p><strong><img decoding=\"async\" draggable=\"false\" role=\"img\" class=\"emoji\" alt=\"\ud83d\ude80\" src=\"https:\/\/s.w.org\/images\/core\/emoji\/15.0.3\/svg\/1f680.svg\"><\/strong><strong> METCAB Size Nas\u0131l Destek Olur?<\/strong><\/p>\n<p>LVD\u2019ye uyum, yaln\u0131zca bir formalite de\u011fil; yasal ve ticari bir zorunluluktur. METCAB olarak, elektrikli \u00fcr\u00fcnlerin Avrupa pazar\u0131na g\u00fcvenli ve sorunsuz \u015fekilde sunulmas\u0131 i\u00e7in \u00fcreticilere profesyonel destek sa\u011fl\u0131yoruz.<\/p>\n<p>\ud83d\udd27 Hizmet Alanlar\u0131m\u0131z:<\/p>\n<ul>\n<li>\u2022\t\u00dcr\u00fcn tipine \u00f6zel uygunluk analizleri (EN 60335, EN 61010 vb. standartlar)<\/li>\n<li>\u2022\tTeknik dosya haz\u0131rl\u0131\u011f\u0131 (tasar\u0131m, risk analizi, dok\u00fcmantasyon)<\/li>\n<li>\u2022\tAB Uygunluk Beyan\u0131 (DoC) olu\u015fturma ve CE i\u015fareti s\u00fcreci deste\u011fi<\/li>\n<li>\u2022\tDok\u00fcmantasyon kontrol\u00fc ve uygunsuzluk \u00f6nleyici y\u00f6nlendirme<\/li>\n<\/ul>\n<p>\u0130ster ihracat yapacak olun, ister mevcut \u00fcr\u00fcn\u00fcn\u00fcz\u00fc Avrupa\u2019ya haz\u0131rlay\u0131n; METCAB profesyonel orta\u011f\u0131n\u0131z olarak yan\u0131n\u0131zda.<\/p>\n<p><strong><img decoding=\"async\" draggable=\"false\" role=\"img\" class=\"emoji\" alt=\"\ud83d\udcc2\" src=\"https:\/\/s.w.org\/images\/core\/emoji\/15.0.3\/svg\/1f4c2.svg\"><\/strong><strong> Kaynaklar ve Belgeler<\/strong><\/p>\n<ul>\n<li>\u2022\tTeknik Dosya Kontrol Listesi<\/li>\n<li>\u2022\tAB Uygunluk Beyan\u0131 (DoC) \u015eablonu<\/li>\n<li>\u2022\tCE \u0130\u015faretleme Rehberi (LVD\u2019ye uygun)<\/li>\n<\/ul>\n<p><strong>Uygunlu\u011fu \u015fansa b\u0131rakmay\u0131n. METCAB ile pazara eri\u015fiminizi g\u00fcvence alt\u0131na al\u0131n.<\/strong><\/p>\n<p><img decoding=\"async\" draggable=\"false\" role=\"img\" class=\"emoji\" alt=\"\ud83d\udce7\" src=\"https:\/\/s.w.org\/images\/core\/emoji\/15.0.3\/svg\/1f4e7.svg\"> \u0130leti\u015fim<a href=\"mailto:info@metcab.org\">info@metcab.org<\/a>] | <img decoding=\"async\" draggable=\"false\" role=\"img\" class=\"emoji\" alt=\"\ud83d\udcc5\" src=\"https:\/\/s.w.org\/images\/core\/emoji\/15.0.3\/svg\/1f4c5.svg\"> Randevu Al<\/p>\n<\/td>\n<\/tr>\n<\/tbody>\n<\/table>\t\t\t\t\t\t\t\t<\/div>\n\t\t\t\t<\/div>\n\t\t\t\t\t<\/div>\n\t\t<\/div>\n\t\t\t\t\t<\/div>\n\t\t<\/section>\n\t\t\t\t<\/div>","protected":false},"excerpt":{"rendered":"<p>LVD \u2013 Low Voltage Directive (2014\/35\/EU) Want to Know More? Contact Us +90 312 441 41 45 LVD \u2013 Low Voltage Directive (2014\/35\/EU) LVD \u2013 Low Voltage Directive (2014\/35\/EU) LVD \u2013 Low Voltage Directive (2014\/35\/EU) Electrical Safety Comes First Electrical equipment is everywhere \u2014 from household appliances to industrial control panels. As their use becomes [&hellip;]<\/p>","protected":false},"author":1,"featured_media":0,"parent":0,"menu_order":0,"comment_status":"closed","ping_status":"closed","template":"","meta":{"_joinchat":[],"footnotes":""},"class_list":["post-477","page","type-page","status-publish","hentry"],"_links":{"self":[{"href":"https:\/\/metcab.org\/tr\/wp-json\/wp\/v2\/pages\/477","targetHints":{"allow":["GET"]}}],"collection":[{"href":"https:\/\/metcab.org\/tr\/wp-json\/wp\/v2\/pages"}],"about":[{"href":"https:\/\/metcab.org\/tr\/wp-json\/wp\/v2\/types\/page"}],"author":[{"embeddable":true,"href":"https:\/\/metcab.org\/tr\/wp-json\/wp\/v2\/users\/1"}],"replies":[{"embeddable":true,"href":"https:\/\/metcab.org\/tr\/wp-json\/wp\/v2\/comments?post=477"}],"version-history":[{"count":16,"href":"https:\/\/metcab.org\/tr\/wp-json\/wp\/v2\/pages\/477\/revisions"}],"predecessor-version":[{"id":714,"href":"https:\/\/metcab.org\/tr\/wp-json\/wp\/v2\/pages\/477\/revisions\/714"}],"wp:attachment":[{"href":"https:\/\/metcab.org\/tr\/wp-json\/wp\/v2\/media?parent=477"}],"curies":[{"name":"wp","href":"https:\/\/api.w.org\/{rel}","templated":true}]}}