{"id":458,"date":"2025-04-08T13:57:36","date_gmt":"2025-04-08T10:57:36","guid":{"rendered":"https:\/\/metcab.org\/?page_id=458"},"modified":"2025-11-19T10:48:37","modified_gmt":"2025-11-19T07:48:37","slug":"cpr","status":"publish","type":"page","link":"https:\/\/metcab.org\/tr\/cpr\/","title":{"rendered":"CPR"},"content":{"rendered":"<div data-elementor-type=\"wp-page\" data-elementor-id=\"458\" class=\"elementor elementor-458\">\n\t\t\t\t\t\t<section class=\"elementor-section elementor-top-section elementor-element elementor-element-4703e6d elementor-section-boxed elementor-section-height-default elementor-section-height-default\" data-id=\"4703e6d\" data-element_type=\"section\" data-e-type=\"section\" data-settings=\"{&quot;background_background&quot;:&quot;classic&quot;}\">\n\t\t\t\t\t\t<div class=\"elementor-container elementor-column-gap-default\">\n\t\t\t\t\t<div class=\"elementor-column elementor-col-100 elementor-top-column elementor-element elementor-element-015c253\" data-id=\"015c253\" data-element_type=\"column\" data-e-type=\"column\">\n\t\t\t<div class=\"elementor-widget-wrap elementor-element-populated\">\n\t\t\t\t\t\t<div class=\"elementor-element elementor-element-8aaf999 elementor-widget elementor-widget-gva-heading-block\" data-id=\"8aaf999\" data-element_type=\"widget\" data-e-type=\"widget\" data-widget_type=\"gva-heading-block.default\">\n\t\t\t\t<div class=\"elementor-widget-container\">\n\t\t\t\t\t<div class=\"gva-element-gva-heading-block gva-element\">   <div class=\"align-left style-1 widget gsc-heading box-align-left auto-responsive\">\r\n      <div class=\"content-inner\">\r\n         \r\n                  \r\n           \r\n         \r\n                     <h2 class=\"title\">\r\n               <span>CPR \u2013 Yap\u0131 Malzemeleri Y\u00f6netmeli\u011fi (EU 305\/2011)<\/span>\r\n            <\/h2>\r\n                  \r\n         \r\n         \r\n      <\/div>\r\n   <\/div>\r\n<\/div>\t\t\t\t<\/div>\n\t\t\t\t<\/div>\n\t\t\t\t\t<\/div>\n\t\t<\/div>\n\t\t\t\t\t<\/div>\n\t\t<\/section>\n\t\t\t\t<section class=\"elementor-section elementor-top-section elementor-element elementor-element-d0d5d53 elementor-section-boxed elementor-section-height-default elementor-section-height-default\" data-id=\"d0d5d53\" data-element_type=\"section\" data-e-type=\"section\">\n\t\t\t\t\t\t<div class=\"elementor-container elementor-column-gap-default\">\n\t\t\t\t\t<div class=\"elementor-column elementor-col-50 elementor-top-column elementor-element elementor-element-087fda3\" data-id=\"087fda3\" data-element_type=\"column\" data-e-type=\"column\">\n\t\t\t<div class=\"elementor-widget-wrap elementor-element-populated\">\n\t\t\t\t\t\t<div class=\"elementor-element elementor-element-c925e22 elementor-widget elementor-widget-wp-widget-nav_menu\" data-id=\"c925e22\" data-element_type=\"widget\" data-e-type=\"widget\" data-widget_type=\"wp-widget-nav_menu.default\">\n\t\t\t\t<div class=\"elementor-widget-container\">\n\t\t\t\t\t<div class=\"menu-services-container\"><ul id=\"menu-services\" class=\"menu\"><li id=\"menu-item-316\" class=\"menu-item menu-item-type-post_type menu-item-object-page menu-item-316\"><a href=\"https:\/\/metcab.org\/tr\/mid\/\">MID<\/a><\/li>\n<li id=\"menu-item-491\" class=\"menu-item menu-item-type-post_type menu-item-object-page menu-item-491\"><a href=\"https:\/\/metcab.org\/tr\/nawi\/\">NAWI<\/a><\/li>\n<li id=\"menu-item-490\" class=\"menu-item menu-item-type-post_type menu-item-object-page menu-item-490\"><a href=\"https:\/\/metcab.org\/tr\/cpr\/\">CPR<\/a><\/li>\n<li id=\"menu-item-489\" class=\"menu-item menu-item-type-post_type menu-item-object-page menu-item-489\"><a href=\"https:\/\/metcab.org\/tr\/chimneys-system-certification\/\">Bacalar Sistem 2+<\/a><\/li>\n<li id=\"menu-item-488\" class=\"menu-item menu-item-type-post_type menu-item-object-page menu-item-488\"><a href=\"https:\/\/metcab.org\/tr\/lvd\/\">LVD<\/a><\/li>\n<li id=\"menu-item-487\" class=\"menu-item menu-item-type-post_type menu-item-object-page menu-item-487\"><a href=\"https:\/\/metcab.org\/tr\/machinery-safety-directive\/\">Makine Emniyeti Direktifi<\/a><\/li>\n<\/ul><\/div>\t\t\t\t<\/div>\n\t\t\t\t<\/div>\n\t\t\t\t<section class=\"elementor-section elementor-inner-section elementor-element elementor-element-5ebc093 elementor-section-boxed elementor-section-height-default elementor-section-height-default\" data-id=\"5ebc093\" data-element_type=\"section\" data-e-type=\"section\" data-settings=\"{&quot;background_background&quot;:&quot;classic&quot;}\">\n\t\t\t\t\t\t\t<div class=\"elementor-background-overlay\"><\/div>\n\t\t\t\t\t\t\t<div class=\"elementor-container elementor-column-gap-default\">\n\t\t\t\t\t<div class=\"elementor-column elementor-col-100 elementor-inner-column elementor-element elementor-element-f147c0c\" data-id=\"f147c0c\" data-element_type=\"column\" data-e-type=\"column\">\n\t\t\t<div class=\"elementor-widget-wrap elementor-element-populated\">\n\t\t\t\t\t\t<div class=\"elementor-element elementor-element-19aa5b6 elementor-view-stacked elementor-shape-circle elementor-position-block-start elementor-mobile-position-block-start elementor-widget elementor-widget-icon-box\" data-id=\"19aa5b6\" data-element_type=\"widget\" data-e-type=\"widget\" data-widget_type=\"icon-box.default\">\n\t\t\t\t<div class=\"elementor-widget-container\">\n\t\t\t\t\t\t\t<div class=\"elementor-icon-box-wrapper\">\n\n\t\t\t\t\t\t<div class=\"elementor-icon-box-icon\">\n\t\t\t\t<span  class=\"elementor-icon\">\n\t\t\t\t<i aria-hidden=\"true\" class=\"micon__phone-call\"><\/i>\t\t\t\t<\/span>\n\t\t\t<\/div>\n\t\t\t\n\t\t\t\t\t\t<div class=\"elementor-icon-box-content\">\n\n\t\t\t\t\t\t\t\t\t<h3 class=\"elementor-icon-box-title\">\n\t\t\t\t\t\t<span  >\n\t\t\t\t\t\t\tDaha Fazlas\u0131n\u0131 \u00d6\u011frenmek \u0130ster misiniz?\t\t\t\t\t\t<\/span>\n\t\t\t\t\t<\/h3>\n\t\t\t\t\n\t\t\t\t\n\t\t\t<\/div>\n\t\t\t\n\t\t<\/div>\n\t\t\t\t\t\t<\/div>\n\t\t\t\t<\/div>\n\t\t\t\t<div class=\"elementor-element elementor-element-2c0ef58 elementor-widget elementor-widget-text-editor\" data-id=\"2c0ef58\" data-element_type=\"widget\" data-e-type=\"widget\" data-widget_type=\"text-editor.default\">\n\t\t\t\t<div class=\"elementor-widget-container\">\n\t\t\t\t\t\t\t\t\t<div>\u0130leti\u015fime Ge\u00e7<\/div>\t\t\t\t\t\t\t\t<\/div>\n\t\t\t\t<\/div>\n\t\t\t\t<div class=\"elementor-element elementor-element-7721fa8 elementor-widget elementor-widget-text-editor\" data-id=\"7721fa8\" data-element_type=\"widget\" data-e-type=\"widget\" data-widget_type=\"text-editor.default\">\n\t\t\t\t<div class=\"elementor-widget-container\">\n\t\t\t\t\t\t\t\t\t<p><a class=\"text-white\" href=\"tel:+0 312 441 41 45\">+90 312 441 41 45<br \/><\/a><\/p>\t\t\t\t\t\t\t\t<\/div>\n\t\t\t\t<\/div>\n\t\t\t\t\t<\/div>\n\t\t<\/div>\n\t\t\t\t\t<\/div>\n\t\t<\/section>\n\t\t\t\t\t<\/div>\n\t\t<\/div>\n\t\t\t\t<div class=\"elementor-column elementor-col-50 elementor-top-column elementor-element elementor-element-123ea89\" data-id=\"123ea89\" data-element_type=\"column\" data-e-type=\"column\">\n\t\t\t<div class=\"elementor-widget-wrap elementor-element-populated\">\n\t\t\t\t\t\t<div class=\"elementor-element elementor-element-763bd62 elementor-widget elementor-widget-gva-gallery\" data-id=\"763bd62\" data-element_type=\"widget\" data-e-type=\"widget\" data-widget_type=\"gva-gallery.default\">\n\t\t\t\t<div class=\"elementor-widget-container\">\n\t\t\t\t\t<div class=\"gva-element-gva-gallery gva-element\">\r\n<div class=\"gva-gallery-carousel swiper-slider-wrapper style-1\">\r\n\t<div class=\"swiper-content-inner\">\r\n   \t<div class=\"init-carousel-swiper swiper\" data-carousel=\"{&quot;items&quot;:1,&quot;items_lg&quot;:1,&quot;items_md&quot;:1,&quot;items_sm&quot;:1,&quot;items_xs&quot;:1,&quot;items_xx&quot;:1,&quot;effect&quot;:&quot;slide&quot;,&quot;space_between&quot;:30,&quot;loop&quot;:1,&quot;speed&quot;:600,&quot;autoplay&quot;:1,&quot;autoplay_delay&quot;:4500,&quot;autoplay_hover&quot;:1,&quot;navigation&quot;:1,&quot;pagination&quot;:0,&quot;dynamic_bullets&quot;:0,&quot;pagination_type&quot;:&quot;bullets&quot;}\">\r\n      \t<div class=\"swiper-wrapper\">\r\n\t\t\t\t<div class=\"swiper-slide item\"><div class=\"gallery-one__single\"><div class=\"gallery-one__image\"><img decoding=\"async\" src=\"https:\/\/metcab.org\/wp-content\/uploads\/2025\/04\/cpr-e1744143780107.jpg\" alt=\"CPR\" \/><\/div><a class=\"gallery-one__photo photo-gallery\" href=\"https:\/\/metcab.org\/wp-content\/uploads\/2025\/04\/cpr.jpg\" data-elementor-lightbox-slideshow=\"gallery-4yft\"><\/a><div class=\"gallery-one__content\"><div class=\"gallery-one__content-inner\"><h3 class=\"gallery-one__title\">CPR<\/h3><\/div><\/div><\/div><\/div><div class=\"swiper-slide item\"><div class=\"gallery-one__single\"><div class=\"gallery-one__image\"><img decoding=\"async\" src=\"https:\/\/metcab.org\/wp-content\/uploads\/2025\/04\/WhatsApp-Image-2025-03-29-at-23.05.29-6.jpeg\" alt=\"CPR\" \/><\/div><a class=\"gallery-one__photo photo-gallery\" href=\"https:\/\/metcab.org\/wp-content\/uploads\/2025\/04\/WhatsApp-Image-2025-03-29-at-23.05.29-6.jpeg\" data-elementor-lightbox-slideshow=\"gallery-4yft\"><\/a><div class=\"gallery-one__content\"><div class=\"gallery-one__content-inner\"><h3 class=\"gallery-one__title\">CPR<\/h3><\/div><\/div><\/div><\/div><div class=\"swiper-slide item\"><div class=\"gallery-one__single\"><div class=\"gallery-one__image\"><img decoding=\"async\" src=\"https:\/\/metcab.org\/wp-content\/uploads\/2025\/04\/WhatsApp-Image-2025-03-29-at-23.05.29-8.jpeg\" alt=\"CPR\" \/><\/div><a class=\"gallery-one__photo photo-gallery\" href=\"https:\/\/metcab.org\/wp-content\/uploads\/2025\/04\/WhatsApp-Image-2025-03-29-at-23.05.29-8.jpeg\" data-elementor-lightbox-slideshow=\"gallery-4yft\"><\/a><div class=\"gallery-one__content\"><div class=\"gallery-one__content-inner\"><h3 class=\"gallery-one__title\">CPR<\/h3><\/div><\/div><\/div><\/div>\t\t\t<\/div>\r\n\t\t<\/div>\r\n\t<\/div>\r\n\t<div class=\"swiper-pagination\"><\/div>   <div class=\"swiper-nav-next\"><\/div><div class=\"swiper-nav-prev\"><\/div><\/div>\r\n<\/div>\t\t\t\t<\/div>\n\t\t\t\t<\/div>\n\t\t\t\t<div class=\"elementor-element elementor-element-6cef601 elementor-widget elementor-widget-heading\" data-id=\"6cef601\" data-element_type=\"widget\" data-e-type=\"widget\" data-widget_type=\"heading.default\">\n\t\t\t\t<div class=\"elementor-widget-container\">\n\t\t\t\t\t<h2 class=\"elementor-heading-title elementor-size-default\">CPR \u2013 Yap\u0131 Malzemeleri Y\u00f6netmeli\u011fi (EU 305\/2011)<\/h2>\t\t\t\t<\/div>\n\t\t\t\t<\/div>\n\t\t\t\t<div class=\"elementor-element elementor-element-67b95cf elementor-widget__width-initial elementor-widget elementor-widget-text-editor\" data-id=\"67b95cf\" data-element_type=\"widget\" data-e-type=\"widget\" data-widget_type=\"text-editor.default\">\n\t\t\t\t<div class=\"elementor-widget-container\">\n\t\t\t\t\t\t\t\t\t<p data-start=\"675\" data-end=\"961\"><strong>Kablolar \u0130\u00e7in CE \u0130\u015fareti ve Yang\u0131n G\u00fcvenli\u011fi<\/strong><\/p>\n<p>Yap\u0131 Malzemeleri Y\u00f6netmeli\u011fi (CPR), g\u00fc\u00e7, kontrol ve ileti\u015fim kablolar\u0131 gibi baz\u0131 yap\u0131 \u00fcr\u00fcnlerinin yang\u0131na tepki performans\u0131n\u0131 belgelemelerini ve Avrupa pazar\u0131na sunulmadan \u00f6nce uygunluk de\u011ferlendirmesinden ge\u00e7melerini zorunlu k\u0131lar.<\/p>\n<p>METCAB, kablo \u00fcreticilerine \u00f6zel olarak <strong>Sistem 1+<\/strong>kapsam\u0131nda belgelendirme s\u00fcre\u00e7lerinde onaylanm\u0131\u015f kurulu\u015f olarak atanmas\u0131n\u0131n hemen akabinde tam teknik destek sunar ve \u00fcr\u00fcnlerin Avrupa\u2019n\u0131n yang\u0131n g\u00fcvenli\u011fi standartlar\u0131na uygunlu\u011funu sa\u011flar.<\/p>\n<p><strong>\ud83d\udd25<\/strong><strong> Yang\u0131n Performans\u0131 Neden \u00d6nemlidir?<\/strong><\/p>\n<p>Herhangi bir entegre bina y\u00f6netim sisteminin olmazsa olmaz\u0131, i\u015flevsel bir i\u015f s\u00fcreklili\u011fi plan\u0131d\u0131r. G\u00fcvenlik m\u00fchendisli\u011fi, acil durum sistemlerinin tasar\u0131m\u0131nda kritik bir rol oynar ve altyap\u0131n\u0131n merkezinde yer al\u0131r.<\/p>\n<p><strong>Yang\u0131na dayan\u0131kl\u0131 kablolar ve bile\u015fenler,<\/strong> yang\u0131n an\u0131nda sistemlerinizin g\u00fcvenilir ve kesintisiz \u00e7al\u0131\u015fmas\u0131n\u0131n temelidir.<\/p>\n<p>Kablolar\u0131n yang\u0131n performans\u0131 <strong>, \u00f6zellikle yang\u0131na tepki<\/strong>testleri ile de\u011ferlendirilir. Bu testler a\u015fa\u011f\u0131daki gibi kritik g\u00f6stergeleri kapsar:<\/p>\n<ul>\n<li><strong>\u2022\tAlev yay\u0131l\u0131m\u0131<\/strong><\/li>\n<li><strong>\u2022\tAlevli damlac\u0131k olu\u015fumu<\/strong> (ikincil yang\u0131nlara neden olabilir)<\/li>\n<li><strong>\u2022\tDuman yo\u011funlu\u011fu<\/strong> (g\u00f6r\u00fc\u015f\u00fc azalt\u0131r, tahliyeyi zorla\u015ft\u0131r\u0131r)<\/li>\n<li><strong>Asitli gaz sal\u0131n\u0131m\u0131<\/strong> (zehirlenme riski ta\u015f\u0131r)<\/li>\n<\/ul>\n<p>These are the core elements of fire performance classification under the Construction Products Regulation (CPR). Conformity is indicated through CE marking with classification from Aca to FCA, mandatory for power, control, communication, fiber optic, and data cables.<\/p>\n<p><strong>\u267b\ufe0f<\/strong><strong> Sera Gaz\u0131 Do\u011frulama Hizmeti \u2013 Gelece\u011fe Haz\u0131rl\u0131k<\/strong><\/p>\n<p>Avrupa\u2019da \u00e7evresel d\u00fczenlemeler giderek s\u0131k\u0131la\u015fmakta.<\/p>\n<p>Yak\u0131n gelecekte System 3+ kapsam\u0131nda zorunlu hale gelecek olan sera gaz\u0131 (GHG) emisyon raporlama ve do\u011frulama s\u00fcreci, art\u0131k METCAB taraf\u0131ndan kablo \u00fcreticilerine \u00f6zel olarak sunulmaktad\u0131r.<\/p>\n<p>Bu hizmet sayesinde:<\/p>\n<ul>\n<li>\u2022\tKarbon ayak izinizi \u015feffaf \u015fekilde belgeleyebilir,<\/li>\n<li>\u2022\tYakla\u015fan \u00e7evre mevzuatlar\u0131na haz\u0131rlanabilir,<\/li>\n<li>\u2022\t\u0130hale ve tedarik s\u00fcre\u00e7lerinde s\u00fcrd\u00fcr\u00fclebilirlik pozisyonunuzu g\u00fc\u00e7lendirebilirsiniz.<\/li>\n<\/ul>\n<p><strong>\u2728<\/strong><strong> \u00dcr\u00fcn Grubu ve Uygulanan Sistem<\/strong><\/p>\n<table>\n<tbody>\n<tr>\n<td>\n<p><strong>\u00dcr\u00fcn Grubu<\/strong><\/p>\n<\/td>\n<td>\n<p><strong>Uygulanan Sistem<\/strong><\/p>\n<\/td>\n<td>\n<p><strong>Durum<\/strong><\/p>\n<\/td>\n<\/tr>\n<tr>\n<td>\n<p>G\u00fc\u00e7, Kontrol ve Haberle\u015fme Kablolar\u0131<\/p>\n<\/td>\n<td>\n<p>Sistem 1+<\/p>\n<\/td>\n<td>\n<p>Aktif Kapsam<\/p>\n<\/td>\n<\/tr>\n<\/tbody>\n<\/table>\n<p><strong>\ud83d\udcc5<\/strong><strong> \ud83d\udcc5 Belgelendirme S\u00fcreci<\/strong><\/p>\n<ol>\n<li><strong>1.\tYang\u0131na tepki testleri<\/strong> (yetkili laboratuvar ile)<\/li>\n<li>2.\tFabrika \u00dcretim Kontrol\u00fc (FPC) denetimi<\/li>\n<li><strong>3.\tMETCAB taraf\u0131ndan s\u00fcrekli g\u00f6zetim ve numune alma<\/strong><\/li>\n<li><strong>4.\tPerformans S\u00fcreklili\u011fi Sertifikas\u0131 yay\u0131n\u0131<\/strong><\/li>\n<li><strong>5.\tPerformans Beyan\u0131 (DoP) ve CE i\u015faretleme rehberli\u011fi<\/strong><\/li>\n<\/ol>\n<p><strong>\ud83d\ude80<\/strong><strong> METCAB'la \u00c7al\u0131\u015fman\u0131n Avantajlar\u0131<\/strong><\/p>\n<ul>\n<li>\u2022\tCPR kapsam\u0131nda Sistem 1+ uzmanl\u0131\u011f\u0131<\/li>\n<li>\u2022\tSera gaz\u0131 do\u011frulama hizmeti ile \u00e7evresel uyum avantaj\u0131<\/li>\n<li>\u2022\tAkredite laboratuvarlarla i\u015f birli\u011fi<\/li>\n<li>\u2022\tFPC sistemi kurulumu ve dok\u00fcmantasyon deste\u011fi<\/li>\n<li>\u2022\tCE i\u015faretlemesi i\u00e7in firma i\u00e7i e\u011fitimler<\/li>\n<li>\u2022\tH\u0131zl\u0131 yan\u0131t, planl\u0131 s\u00fcre\u00e7 y\u00f6netimi<\/li>\n<\/ul>\n<p><strong>\ud83d\udcc2<\/strong><strong> Kaynaklar ve Belgeler<\/strong><\/p>\n<ul>\n<li>\u2022\tCPR kapsam\u0131nda Sistem 1+ uzmanl\u0131\u011f\u0131<\/li>\n<li>\u2022\tSistem 1+ S\u00fcre\u00e7 Ak\u0131\u015f \u015eemas\u0131<\/li>\n<li>\u2022\t\u00d6rnek Performans Beyan\u0131 (DoP)<\/li>\n<li>\u2022\tFPC Dok\u00fcmantasyon Kontrol Listesi<\/li>\n<li>\u2022\tKablo \u00dcreticileri \u0130\u00e7in GHG Do\u011frulama Rehberi<\/li>\n<\/ul>\n<p><strong>Kablolar\u0131n\u0131z\u0131n Avrupa\u2019n\u0131n en y\u00fcksek yang\u0131n g\u00fcvenli\u011fi ve \u00e7evre standartlar\u0131na uygun oldu\u011funu belgeleyelim.<\/strong><br>METCAB ile CPR ve s\u00fcrd\u00fcr\u00fclebilirlik uyum s\u00fcrecinizi birlikte kolayla\u015ft\u0131ral\u0131m.<\/p>\n<p>\u0130leti\u015fim<a href=\"mailto:info@metcab.org\">info@metcab.org<\/a>G\u00f6r\u00fc\u015fme Planla<\/p>\t\t\t\t\t\t\t\t<\/div>\n\t\t\t\t<\/div>\n\t\t\t\t\t<\/div>\n\t\t<\/div>\n\t\t\t\t\t<\/div>\n\t\t<\/section>\n\t\t\t\t<\/div>","protected":false},"excerpt":{"rendered":"<p>CPR \u2013 Construction Products Regulation (305\/2011\/EU) Want to Know More? Contact Us +90 312 441 41 45 CPR CPR CPR CPR \u2013 Construction Products Regulation (305\/2011\/EU) CE Marking for Cables and Building Safety The Construction Products Regulation (CPR) mandates that certain construction materials, including power, control, and communication cables, meet defined fire performance standards before [&hellip;]<\/p>","protected":false},"author":1,"featured_media":0,"parent":0,"menu_order":0,"comment_status":"closed","ping_status":"closed","template":"","meta":{"_joinchat":[],"footnotes":""},"class_list":["post-458","page","type-page","status-publish","hentry"],"_links":{"self":[{"href":"https:\/\/metcab.org\/tr\/wp-json\/wp\/v2\/pages\/458","targetHints":{"allow":["GET"]}}],"collection":[{"href":"https:\/\/metcab.org\/tr\/wp-json\/wp\/v2\/pages"}],"about":[{"href":"https:\/\/metcab.org\/tr\/wp-json\/wp\/v2\/types\/page"}],"author":[{"embeddable":true,"href":"https:\/\/metcab.org\/tr\/wp-json\/wp\/v2\/users\/1"}],"replies":[{"embeddable":true,"href":"https:\/\/metcab.org\/tr\/wp-json\/wp\/v2\/comments?post=458"}],"version-history":[{"count":25,"href":"https:\/\/metcab.org\/tr\/wp-json\/wp\/v2\/pages\/458\/revisions"}],"predecessor-version":[{"id":820,"href":"https:\/\/metcab.org\/tr\/wp-json\/wp\/v2\/pages\/458\/revisions\/820"}],"wp:attachment":[{"href":"https:\/\/metcab.org\/tr\/wp-json\/wp\/v2\/media?parent=458"}],"curies":[{"name":"wp","href":"https:\/\/api.w.org\/{rel}","templated":true}]}}