{"id":453,"date":"2025-04-08T13:52:48","date_gmt":"2025-04-08T10:52:48","guid":{"rendered":"https:\/\/metcab.org\/?page_id=453"},"modified":"2025-11-19T10:59:03","modified_gmt":"2025-11-19T07:59:03","slug":"nawi","status":"publish","type":"page","link":"https:\/\/metcab.org\/tr\/nawi\/","title":{"rendered":"NAWI"},"content":{"rendered":"<div data-elementor-type=\"wp-page\" data-elementor-id=\"453\" class=\"elementor elementor-453\">\n\t\t\t\t\t\t<section class=\"elementor-section elementor-top-section elementor-element elementor-element-4703e6d elementor-section-boxed elementor-section-height-default elementor-section-height-default\" data-id=\"4703e6d\" data-element_type=\"section\" data-e-type=\"section\" data-settings=\"{&quot;background_background&quot;:&quot;classic&quot;}\">\n\t\t\t\t\t\t<div class=\"elementor-container elementor-column-gap-default\">\n\t\t\t\t\t<div class=\"elementor-column elementor-col-100 elementor-top-column elementor-element elementor-element-015c253\" data-id=\"015c253\" data-element_type=\"column\" data-e-type=\"column\">\n\t\t\t<div class=\"elementor-widget-wrap elementor-element-populated\">\n\t\t\t\t\t\t<div class=\"elementor-element elementor-element-8aaf999 elementor-widget elementor-widget-gva-heading-block\" data-id=\"8aaf999\" data-element_type=\"widget\" data-e-type=\"widget\" data-widget_type=\"gva-heading-block.default\">\n\t\t\t\t<div class=\"elementor-widget-container\">\n\t\t\t\t\t<div class=\"gva-element-gva-heading-block gva-element\">   <div class=\"align-left style-1 widget gsc-heading box-align-left auto-responsive\">\r\n      <div class=\"content-inner\">\r\n         \r\n                  \r\n           \r\n         \r\n                     <h2 class=\"title\">\r\n               <span>Otomatik Olmayan Tart\u0131 Aletleri Y\u00f6netmeli\u011fi (2014\/31\/AB) olacak<\/span>\r\n            <\/h2>\r\n                  \r\n         \r\n         \r\n      <\/div>\r\n   <\/div>\r\n<\/div>\t\t\t\t<\/div>\n\t\t\t\t<\/div>\n\t\t\t\t\t<\/div>\n\t\t<\/div>\n\t\t\t\t\t<\/div>\n\t\t<\/section>\n\t\t\t\t<section class=\"elementor-section elementor-top-section elementor-element elementor-element-d0d5d53 elementor-section-boxed elementor-section-height-default elementor-section-height-default\" data-id=\"d0d5d53\" data-element_type=\"section\" data-e-type=\"section\">\n\t\t\t\t\t\t<div class=\"elementor-container elementor-column-gap-default\">\n\t\t\t\t\t<div class=\"elementor-column elementor-col-50 elementor-top-column elementor-element elementor-element-087fda3\" data-id=\"087fda3\" data-element_type=\"column\" data-e-type=\"column\">\n\t\t\t<div class=\"elementor-widget-wrap elementor-element-populated\">\n\t\t\t\t\t\t<div class=\"elementor-element elementor-element-c925e22 elementor-widget elementor-widget-wp-widget-nav_menu\" data-id=\"c925e22\" data-element_type=\"widget\" data-e-type=\"widget\" data-widget_type=\"wp-widget-nav_menu.default\">\n\t\t\t\t<div class=\"elementor-widget-container\">\n\t\t\t\t\t<div class=\"menu-services-container\"><ul id=\"menu-services\" class=\"menu\"><li id=\"menu-item-316\" class=\"menu-item menu-item-type-post_type menu-item-object-page menu-item-316\"><a href=\"https:\/\/metcab.org\/tr\/mid\/\">MID<\/a><\/li>\n<li id=\"menu-item-491\" class=\"menu-item menu-item-type-post_type menu-item-object-page menu-item-491\"><a href=\"https:\/\/metcab.org\/tr\/nawi\/\">NAWI<\/a><\/li>\n<li id=\"menu-item-490\" class=\"menu-item menu-item-type-post_type menu-item-object-page menu-item-490\"><a href=\"https:\/\/metcab.org\/tr\/cpr\/\">CPR<\/a><\/li>\n<li id=\"menu-item-489\" class=\"menu-item menu-item-type-post_type menu-item-object-page menu-item-489\"><a href=\"https:\/\/metcab.org\/tr\/chimneys-system-certification\/\">Bacalar Sistem 2+<\/a><\/li>\n<li id=\"menu-item-488\" class=\"menu-item menu-item-type-post_type menu-item-object-page menu-item-488\"><a href=\"https:\/\/metcab.org\/tr\/lvd\/\">LVD<\/a><\/li>\n<li id=\"menu-item-487\" class=\"menu-item menu-item-type-post_type menu-item-object-page menu-item-487\"><a href=\"https:\/\/metcab.org\/tr\/machinery-safety-directive\/\">Makine Emniyeti Direktifi<\/a><\/li>\n<\/ul><\/div>\t\t\t\t<\/div>\n\t\t\t\t<\/div>\n\t\t\t\t<section class=\"elementor-section elementor-inner-section elementor-element elementor-element-5ebc093 elementor-section-boxed elementor-section-height-default elementor-section-height-default\" data-id=\"5ebc093\" data-element_type=\"section\" data-e-type=\"section\" data-settings=\"{&quot;background_background&quot;:&quot;classic&quot;}\">\n\t\t\t\t\t\t\t<div class=\"elementor-background-overlay\"><\/div>\n\t\t\t\t\t\t\t<div class=\"elementor-container elementor-column-gap-default\">\n\t\t\t\t\t<div class=\"elementor-column elementor-col-100 elementor-inner-column elementor-element elementor-element-f147c0c\" data-id=\"f147c0c\" data-element_type=\"column\" data-e-type=\"column\">\n\t\t\t<div class=\"elementor-widget-wrap elementor-element-populated\">\n\t\t\t\t\t\t<div class=\"elementor-element elementor-element-19aa5b6 elementor-view-stacked elementor-shape-circle elementor-position-block-start elementor-mobile-position-block-start elementor-widget elementor-widget-icon-box\" data-id=\"19aa5b6\" data-element_type=\"widget\" data-e-type=\"widget\" data-widget_type=\"icon-box.default\">\n\t\t\t\t<div class=\"elementor-widget-container\">\n\t\t\t\t\t\t\t<div class=\"elementor-icon-box-wrapper\">\n\n\t\t\t\t\t\t<div class=\"elementor-icon-box-icon\">\n\t\t\t\t<span  class=\"elementor-icon\">\n\t\t\t\t<i aria-hidden=\"true\" class=\"micon__phone-call\"><\/i>\t\t\t\t<\/span>\n\t\t\t<\/div>\n\t\t\t\n\t\t\t\t\t\t<div class=\"elementor-icon-box-content\">\n\n\t\t\t\t\t\t\t\t\t<h3 class=\"elementor-icon-box-title\">\n\t\t\t\t\t\t<span  >\n\t\t\t\t\t\t\tDaha Fazlas\u0131n\u0131 \u00d6\u011frenmek \u0130ster misiniz?\t\t\t\t\t\t<\/span>\n\t\t\t\t\t<\/h3>\n\t\t\t\t\n\t\t\t\t\n\t\t\t<\/div>\n\t\t\t\n\t\t<\/div>\n\t\t\t\t\t\t<\/div>\n\t\t\t\t<\/div>\n\t\t\t\t<div class=\"elementor-element elementor-element-2c0ef58 elementor-widget elementor-widget-text-editor\" data-id=\"2c0ef58\" data-element_type=\"widget\" data-e-type=\"widget\" data-widget_type=\"text-editor.default\">\n\t\t\t\t<div class=\"elementor-widget-container\">\n\t\t\t\t\t\t\t\t\t<div>\u0130leti\u015fime Ge\u00e7<\/div>\t\t\t\t\t\t\t\t<\/div>\n\t\t\t\t<\/div>\n\t\t\t\t<div class=\"elementor-element elementor-element-7721fa8 elementor-widget elementor-widget-text-editor\" data-id=\"7721fa8\" data-element_type=\"widget\" data-e-type=\"widget\" data-widget_type=\"text-editor.default\">\n\t\t\t\t<div class=\"elementor-widget-container\">\n\t\t\t\t\t\t\t\t\t<p><a class=\"text-white\" href=\"tel:+0 312 441 41 45\">+90 312 441 41 45<br \/><\/a><\/p>\t\t\t\t\t\t\t\t<\/div>\n\t\t\t\t<\/div>\n\t\t\t\t\t<\/div>\n\t\t<\/div>\n\t\t\t\t\t<\/div>\n\t\t<\/section>\n\t\t\t\t\t<\/div>\n\t\t<\/div>\n\t\t\t\t<div class=\"elementor-column elementor-col-50 elementor-top-column elementor-element elementor-element-123ea89\" data-id=\"123ea89\" data-element_type=\"column\" data-e-type=\"column\">\n\t\t\t<div class=\"elementor-widget-wrap elementor-element-populated\">\n\t\t\t\t\t\t<div class=\"elementor-element elementor-element-8c4d66b elementor-widget elementor-widget-image\" data-id=\"8c4d66b\" data-element_type=\"widget\" data-e-type=\"widget\" data-widget_type=\"image.default\">\n\t\t\t\t<div class=\"elementor-widget-container\">\n\t\t\t\t\t\t\t\t\t\t\t\t\t\t\t<img fetchpriority=\"high\" decoding=\"async\" width=\"900\" height=\"599\" src=\"https:\/\/metcab.org\/wp-content\/uploads\/2025\/04\/WhatsApp-Image-2025-03-29-at-23.05.30-10-1024x682.jpeg\" class=\"attachment-large size-large wp-image-404\" alt=\"\" srcset=\"https:\/\/metcab.org\/wp-content\/uploads\/2025\/04\/WhatsApp-Image-2025-03-29-at-23.05.30-10-1024x682.jpeg 1024w, https:\/\/metcab.org\/wp-content\/uploads\/2025\/04\/WhatsApp-Image-2025-03-29-at-23.05.30-10-768x512.jpeg 768w, https:\/\/metcab.org\/wp-content\/uploads\/2025\/04\/WhatsApp-Image-2025-03-29-at-23.05.30-10.jpeg 1600w\" sizes=\"(max-width: 900px) 100vw, 900px\" \/>\t\t\t\t\t\t\t\t\t\t\t\t\t\t\t<\/div>\n\t\t\t\t<\/div>\n\t\t\t\t<div class=\"elementor-element elementor-element-6cef601 elementor-widget elementor-widget-heading\" data-id=\"6cef601\" data-element_type=\"widget\" data-e-type=\"widget\" data-widget_type=\"heading.default\">\n\t\t\t\t<div class=\"elementor-widget-container\">\n\t\t\t\t\t<h2 class=\"elementor-heading-title elementor-size-default\">Otomatik Olmayan Tart\u0131 Aletleri Y\u00f6netmeli\u011fi (2014\/31\/AB) olacak<\/h2>\t\t\t\t<\/div>\n\t\t\t\t<\/div>\n\t\t\t\t<div class=\"elementor-element elementor-element-67b95cf elementor-widget elementor-widget-text-editor\" data-id=\"67b95cf\" data-element_type=\"widget\" data-e-type=\"widget\" data-widget_type=\"text-editor.default\">\n\t\t\t\t<div class=\"elementor-widget-container\">\n\t\t\t\t\t\t\t\t\t<p>\u00a0<\/p><table><tbody><tr><td><p>NAWI Kapsam\u0131ndaki Hizmet Verilen Mod\u00fcller<\/p><\/td><td><p>Annex II<\/p><\/td><td><p>Module B, Module D, Module F<\/p><\/td><\/tr><\/tbody><\/table><p><strong><img decoding=\"async\" class=\"emoji\" role=\"img\" draggable=\"false\" src=\"https:\/\/s.w.org\/images\/core\/emoji\/15.0.3\/svg\/1f4c5.svg\" alt=\"\ud83d\udcc5\" \/><\/strong><strong> \ud83d\udcc5 Belgelendirme S\u00fcreci<\/strong><\/p><ol><li><strong>1.\tTeknik Dosya \u0130ncelemesi<\/strong> (Mod\u00fcl B)<\/li><li><strong>2.\tTip Testleri<\/strong> (gerekirse laboratuvar testleriyle)<\/li><li><strong>3.\t\u00dcretim Kalite Sistemi De\u011ferlendirmesi<\/strong> (Mod\u00fcl D\/D1)<\/li><li><strong>4.\tBitmi\u015f \u00dcr\u00fcn \u00dczerinden Do\u011frulama<\/strong> (Mod\u00fcl F\/F1)<\/li><li><strong>4.\tCE Belgesi ve \u0130\u015faretleme Y\u00f6nergesi<\/strong><\/li><\/ol><p><strong><img decoding=\"async\" class=\"emoji\" role=\"img\" draggable=\"false\" src=\"https:\/\/s.w.org\/images\/core\/emoji\/15.0.3\/svg\/1f680.svg\" alt=\"\ud83d\ude80\" \/><\/strong><strong> METCAB\u2019\u0131 Tercih Etmeniz \u0130\u00e7in Nedenler<\/strong><\/p><ul><li>\u2022\tNAWID kapsam\u0131nda mevzuata tam uyum<\/li><li>\u2022\tDeneyimli teknik ekip ile dosya ve sistem deste\u011fi<\/li><li>\u2022\tH\u0131zl\u0131 ba\u015fvuru ve belgelendirme s\u00fcre\u00e7leri<\/li><li>\u2022\tFarkl\u0131 mod\u00fcl se\u00e7enekleri konusunda uzman rehberlik<\/li><\/ul><p><strong>Tart\u0131mda hassasiyet, belgede METCAB garantisiyle.<\/strong><br \/>NAWI kapsam\u0131ndaki t\u00fcm CE belgelendirme ihtiya\u00e7lar\u0131n\u0131z i\u00e7in bizimle ileti\u015fime ge\u00e7in.<\/p><p><img decoding=\"async\" class=\"emoji\" role=\"img\" draggable=\"false\" src=\"https:\/\/s.w.org\/images\/core\/emoji\/15.0.3\/svg\/1f4e7.svg\" alt=\"\ud83d\udce7\" \/> \u0130leti\u015fim<a href=\"mailto:info@metcab.org\">info@metcab.org<\/a>] | <img decoding=\"async\" class=\"emoji\" role=\"img\" draggable=\"false\" src=\"https:\/\/s.w.org\/images\/core\/emoji\/15.0.3\/svg\/1f4c5.svg\" alt=\"\ud83d\udcc5\" \/> Randevu Al<\/p>\t\t\t\t\t\t\t\t<\/div>\n\t\t\t\t<\/div>\n\t\t\t\t\t<\/div>\n\t\t<\/div>\n\t\t\t\t\t<\/div>\n\t\t<\/section>\n\t\t\t\t<\/div>","protected":false},"excerpt":{"rendered":"<p>NAWI \u2013 Non-Automatic Weighing Instruments Directive (2014\/31\/EU) Want to Know More? Contact Us +90 312 441 41 45 NAWI \u2013 Non-Automatic Weighing Instruments Directive (2014\/31\/EU) \u00a0 Non-Automatic Weighing Instruments Annex II Module B, Module D, Module F Certification Process Technical File Review (design, risk analysis, documentation) Type Testing (accuracy, environmental influence, mechanical safety) Production Quality [&hellip;]<\/p>","protected":false},"author":1,"featured_media":0,"parent":0,"menu_order":0,"comment_status":"closed","ping_status":"closed","template":"","meta":{"_joinchat":[],"footnotes":""},"class_list":["post-453","page","type-page","status-publish","hentry"],"_links":{"self":[{"href":"https:\/\/metcab.org\/tr\/wp-json\/wp\/v2\/pages\/453","targetHints":{"allow":["GET"]}}],"collection":[{"href":"https:\/\/metcab.org\/tr\/wp-json\/wp\/v2\/pages"}],"about":[{"href":"https:\/\/metcab.org\/tr\/wp-json\/wp\/v2\/types\/page"}],"author":[{"embeddable":true,"href":"https:\/\/metcab.org\/tr\/wp-json\/wp\/v2\/users\/1"}],"replies":[{"embeddable":true,"href":"https:\/\/metcab.org\/tr\/wp-json\/wp\/v2\/comments?post=453"}],"version-history":[{"count":22,"href":"https:\/\/metcab.org\/tr\/wp-json\/wp\/v2\/pages\/453\/revisions"}],"predecessor-version":[{"id":835,"href":"https:\/\/metcab.org\/tr\/wp-json\/wp\/v2\/pages\/453\/revisions\/835"}],"wp:attachment":[{"href":"https:\/\/metcab.org\/tr\/wp-json\/wp\/v2\/media?parent=453"}],"curies":[{"name":"wp","href":"https:\/\/api.w.org\/{rel}","templated":true}]}}