{"id":440,"date":"2025-04-08T01:55:02","date_gmt":"2025-04-07T22:55:02","guid":{"rendered":"https:\/\/metcab.org\/?page_id=440"},"modified":"2026-03-08T13:36:26","modified_gmt":"2026-03-08T10:36:26","slug":"career","status":"publish","type":"page","link":"https:\/\/metcab.org\/tr\/career\/","title":{"rendered":"Kariyer"},"content":{"rendered":"<div data-elementor-type=\"wp-page\" data-elementor-id=\"440\" class=\"elementor elementor-440\">\n\t\t\t\t\t\t<section class=\"elementor-section elementor-top-section elementor-element elementor-element-ee503c8 elementor-section-boxed elementor-section-height-default elementor-section-height-default\" data-id=\"ee503c8\" data-element_type=\"section\" data-e-type=\"section\" data-settings=\"{&quot;background_background&quot;:&quot;classic&quot;}\">\n\t\t\t\t\t\t<div class=\"elementor-container elementor-column-gap-default\">\n\t\t\t\t\t<div class=\"elementor-column elementor-col-100 elementor-top-column elementor-element elementor-element-8028c45\" data-id=\"8028c45\" data-element_type=\"column\" data-e-type=\"column\">\n\t\t\t<div class=\"elementor-widget-wrap elementor-element-populated\">\n\t\t\t\t\t\t<div class=\"elementor-element elementor-element-44fce45 elementor-widget elementor-widget-gva-heading-block\" data-id=\"44fce45\" data-element_type=\"widget\" data-e-type=\"widget\" data-widget_type=\"gva-heading-block.default\">\n\t\t\t\t<div class=\"elementor-widget-container\">\n\t\t\t\t\t<div class=\"gva-element-gva-heading-block gva-element\">   <div class=\"align-left style-1 widget gsc-heading box-align-left auto-responsive\">\r\n      <div class=\"content-inner\">\r\n         \r\n                  \r\n           \r\n         \r\n                     <h2 class=\"title\">\r\n               <span>Kariyer<\/span>\r\n            <\/h2>\r\n                  \r\n         \r\n         \r\n      <\/div>\r\n   <\/div>\r\n<\/div>\t\t\t\t<\/div>\n\t\t\t\t<\/div>\n\t\t\t\t\t<\/div>\n\t\t<\/div>\n\t\t\t\t\t<\/div>\n\t\t<\/section>\n\t\t\t\t<section class=\"elementor-section elementor-top-section elementor-element elementor-element-ac38ac8 elementor-section-boxed elementor-section-height-default elementor-section-height-default\" data-id=\"ac38ac8\" data-element_type=\"section\" data-e-type=\"section\">\n\t\t\t\t\t\t<div class=\"elementor-container elementor-column-gap-default\">\n\t\t\t\t\t<div class=\"elementor-column elementor-col-50 elementor-top-column elementor-element elementor-element-94b3432\" data-id=\"94b3432\" data-element_type=\"column\" data-e-type=\"column\">\n\t\t\t<div class=\"elementor-widget-wrap elementor-element-populated\">\n\t\t\t\t\t\t<div class=\"elementor-element elementor-element-617aef6 elementor-widget elementor-widget-gva-image-content\" data-id=\"617aef6\" data-element_type=\"widget\" data-e-type=\"widget\" data-widget_type=\"gva-image-content.default\">\n\t\t\t\t<div class=\"elementor-widget-container\">\n\t\t\t\t\t<div class=\"gva-element-gva-image-content gva-element\">\t\t\r\n\t  \r\n\t \r\n\r\n\t \r\n\r\n\t\t\t<div class=\"about-three__single\">\r\n\t\t  \t<div class=\"about-three__image\"><div class=\"content-inner\"><img decoding=\"async\" src=\"https:\/\/metcab.org\/wp-content\/uploads\/2025\/04\/WhatsApp-Image-2025-03-29-at-23.03.54.jpeg\" alt=\"\" \/><\/div><\/div><div class=\"about-three__image-second\"><div class=\"content-inner\"><img decoding=\"async\" src=\"https:\/\/metcab.org\/wp-content\/uploads\/2025\/04\/WhatsApp-Image-2025-03-29-at-23.03.54-1.jpeg\" alt=\"\" \/><\/div><\/div>\t\t<\/div>\r\n\t\r\n\t \r\n  \r\n \r\n\r\n  \r\n \r\n\r\n <\/div>\t\t\t\t<\/div>\n\t\t\t\t<\/div>\n\t\t\t\t\t<\/div>\n\t\t<\/div>\n\t\t\t\t<div class=\"elementor-column elementor-col-50 elementor-top-column elementor-element elementor-element-55cc628\" data-id=\"55cc628\" data-element_type=\"column\" data-e-type=\"column\">\n\t\t\t<div class=\"elementor-widget-wrap elementor-element-populated\">\n\t\t\t\t\t\t<div class=\"elementor-element elementor-element-65d2a26 elementor-widget elementor-widget-heading\" data-id=\"65d2a26\" data-element_type=\"widget\" data-e-type=\"widget\" data-widget_type=\"heading.default\">\n\t\t\t\t<div class=\"elementor-widget-container\">\n\t\t\t\t\t<h2 class=\"elementor-heading-title elementor-size-default\">Neden METCAB?<\/h2>\t\t\t\t<\/div>\n\t\t\t\t<\/div>\n\t\t\t\t<div class=\"elementor-element elementor-element-f554d21 elementor-widget elementor-widget-text-editor\" data-id=\"f554d21\" data-element_type=\"widget\" data-e-type=\"widget\" data-widget_type=\"text-editor.default\">\n\t\t\t\t<div class=\"elementor-widget-container\">\n\t\t\t\t\t\t\t\t\t<p>METCAB\u2019ta \u00e7al\u0131\u015fmak, h\u0131zla b\u00fcy\u00fcyen ve ileri g\u00f6r\u00fc\u015fl\u00fc bir uygunluk de\u011ferlendirme kurulu\u015funun par\u00e7as\u0131 olmak demektir.\nUzmanl\u0131\u011fa, \u015feffafl\u0131\u011fa ve m\u00fc\u015fteri memnuniyetine de\u011fer veren bir ekip olarak, \u00e7al\u0131\u015fanlar\u0131m\u0131za ba\u015far\u0131ya ula\u015fmalar\u0131 i\u00e7in gerekli t\u00fcm destek ve kaynaklar\u0131 sa\u011fl\u0131yoruz.<\/p><p><strong>\u2705 Size Neler Sunuyoruz?<\/strong><\/p><ul><li><strong>\u2022\tMesleki Geli\u015fim:<\/strong> \u00c7al\u0131\u015fanlar\u0131m\u0131z\u0131n geli\u015fimini \u00f6nemsiyoruz. Teknik e\u011fitimler, uluslararas\u0131 seminerler ve sekt\u00f6r sertifikalar\u0131 ile destekliyoruz.<\/li><li><strong>\u2022\tYenilik\u00e7i \u00c7al\u0131\u015fma Ortam\u0131:<\/strong> Sertifikasyon s\u00fcre\u00e7lerini en y\u00fcksek kaliteyle y\u00fcr\u00fctmek i\u00e7in g\u00fcncel teknolojiler ve iyi uygulamalarla \u00e7al\u0131\u015f\u0131yoruz.<\/li><li><strong>\u2022\t\u0130\u015f-Ya\u015fam Dengesi:<\/strong> Esnek \u00e7al\u0131\u015fma modelleriyle hem profesyonel hem de ki\u015fisel hayat\u0131n\u0131z\u0131 dengeleyebilmenize destek oluyoruz.<\/li><li><strong>\u2022\tTak\u0131m Ruhu:<\/strong> METCAB\u2019ta ekip \u00e7al\u0131\u015fmas\u0131 ve a\u00e7\u0131k ileti\u015fim esast\u0131r. Farkl\u0131 bak\u0131\u015f a\u00e7\u0131lar\u0131na de\u011fer verir, fikir payla\u015f\u0131m\u0131n\u0131 te\u015fvik ederiz.<\/li><li><strong>\u2022\tRekabet\u00e7i \u00dccretlendirme:<\/strong> Ba\u015far\u0131y\u0131 \u00f6d\u00fcllendiren, rekabet\u00e7i maa\u015f ve yan haklar sunar\u0131z.<\/li><\/ul>\t\t\t\t\t\t\t\t<\/div>\n\t\t\t\t<\/div>\n\t\t\t\t\t<\/div>\n\t\t<\/div>\n\t\t\t\t\t<\/div>\n\t\t<\/section>\n\t\t\t\t<section class=\"elementor-section elementor-top-section elementor-element elementor-element-8263ee4 elementor-section-boxed elementor-section-height-default elementor-section-height-default\" data-id=\"8263ee4\" data-element_type=\"section\" data-e-type=\"section\">\n\t\t\t\t\t\t<div class=\"elementor-container elementor-column-gap-default\">\n\t\t\t\t\t<div class=\"elementor-column elementor-col-100 elementor-top-column elementor-element elementor-element-d49ff81\" data-id=\"d49ff81\" data-element_type=\"column\" data-e-type=\"column\">\n\t\t\t<div class=\"elementor-widget-wrap elementor-element-populated\">\n\t\t\t\t\t\t<div class=\"elementor-element elementor-element-f50b5b6 elementor-widget elementor-widget-text-editor\" data-id=\"f50b5b6\" data-element_type=\"widget\" data-e-type=\"widget\" data-widget_type=\"text-editor.default\">\n\t\t\t\t<div class=\"elementor-widget-container\">\n\t\t\t\t\t\t\t\t\t<p><strong>\ud83d\udcbc Arad\u0131\u011f\u0131m\u0131z Profil<\/strong><\/p><p>A\u015fa\u011f\u0131daki \u00f6zelliklere sahip profesyonelleri METCAB ekibine kat\u0131lmaya davet ediyoruz<br \/>M\u00fchendislik, \u00fcr\u00fcn testleri veya uygunluk de\u011ferlendirme alan\u0131nda teknik bilgi sahibi,<br \/>\u0130yi ileti\u015fim ve problem \u00e7\u00f6zme becerilerine sahip,<br \/>Mevzuatlara h\u00e2kim ya da \u00f6\u011frenmeye a\u00e7\u0131k, geli\u015fime istekli,<br \/>Hem ba\u011f\u0131ms\u0131z hem de ekip i\u00e7inde \u00e7al\u0131\u015fabilecek yap\u0131da,<br \/>Kaliteye ve m\u00fc\u015fteri memnuniyetine \u00f6nem veren,<\/p>\t\t\t\t\t\t\t\t<\/div>\n\t\t\t\t<\/div>\n\t\t\t\t<div class=\"elementor-element elementor-element-f234386 elementor-widget elementor-widget-heading\" data-id=\"f234386\" data-element_type=\"widget\" data-e-type=\"widget\" data-widget_type=\"heading.default\">\n\t\t\t\t<div class=\"elementor-widget-container\">\n\t\t\t\t\t<h2 class=\"elementor-heading-title elementor-size-default\">A\u00e7\u0131k Pozisyonlar<\/h2>\t\t\t\t<\/div>\n\t\t\t\t<\/div>\n\t\t\t\t\t<\/div>\n\t\t<\/div>\n\t\t\t\t\t<\/div>\n\t\t<\/section>\n\t\t\t\t<section class=\"elementor-section elementor-top-section elementor-element elementor-element-9dadfeb elementor-section-boxed elementor-section-height-default elementor-section-height-default\" data-id=\"9dadfeb\" data-element_type=\"section\" data-e-type=\"section\">\n\t\t\t\t\t\t<div class=\"elementor-container elementor-column-gap-default\">\n\t\t\t\t\t<div class=\"elementor-column elementor-col-100 elementor-top-column elementor-element elementor-element-f61cb13\" data-id=\"f61cb13\" data-element_type=\"column\" data-e-type=\"column\">\n\t\t\t<div class=\"elementor-widget-wrap elementor-element-populated\">\n\t\t\t\t\t\t<section class=\"elementor-section elementor-inner-section elementor-element elementor-element-cdccb93 elementor-section-boxed elementor-section-height-default elementor-section-height-default\" data-id=\"cdccb93\" data-element_type=\"section\" data-e-type=\"section\">\n\t\t\t\t\t\t<div class=\"elementor-container elementor-column-gap-default\">\n\t\t\t\t\t<div class=\"elementor-column elementor-col-25 elementor-inner-column elementor-element elementor-element-452518f\" data-id=\"452518f\" data-element_type=\"column\" data-e-type=\"column\">\n\t\t\t<div class=\"elementor-widget-wrap elementor-element-populated\">\n\t\t\t\t\t\t<div class=\"elementor-element elementor-element-25f885d elementor-view-default elementor-position-block-start elementor-mobile-position-block-start elementor-widget elementor-widget-icon-box\" data-id=\"25f885d\" data-element_type=\"widget\" data-e-type=\"widget\" data-widget_type=\"icon-box.default\">\n\t\t\t\t<div class=\"elementor-widget-container\">\n\t\t\t\t\t\t\t<div class=\"elementor-icon-box-wrapper\">\n\n\t\t\t\t\t\t<div class=\"elementor-icon-box-icon\">\n\t\t\t\t<span  class=\"elementor-icon\">\n\t\t\t\t<i aria-hidden=\"true\" class=\"fas fa-star\"><\/i>\t\t\t\t<\/span>\n\t\t\t<\/div>\n\t\t\t\n\t\t\t\t\t\t<div class=\"elementor-icon-box-content\">\n\n\t\t\t\t\t\t\t\t\t<h3 class=\"elementor-icon-box-title\">\n\t\t\t\t\t\t<span  >\n\t\t\t\t\t\t\tSertifikasyon M\u00fchendisi \t\t\t\t\t\t<\/span>\n\t\t\t\t\t<\/h3>\n\t\t\t\t\n\t\t\t\t\t\t\t\t\t<p class=\"elementor-icon-box-description\">\n\t\t\t\t\t\tMID, NAWID ve CPR kapsam\u0131ndaki \u00fcr\u00fcnler i\u00e7in uygunluk de\u011ferlendirme s\u00fcre\u00e7lerini y\u00fcr\u00fctmek.\t\t\t\t\t<\/p>\n\t\t\t\t\n\t\t\t<\/div>\n\t\t\t\n\t\t<\/div>\n\t\t\t\t\t\t<\/div>\n\t\t\t\t<\/div>\n\t\t\t\t\t<\/div>\n\t\t<\/div>\n\t\t\t\t<div class=\"elementor-column elementor-col-25 elementor-inner-column elementor-element elementor-element-2ed08ba\" data-id=\"2ed08ba\" data-element_type=\"column\" data-e-type=\"column\">\n\t\t\t<div class=\"elementor-widget-wrap elementor-element-populated\">\n\t\t\t\t\t\t<div class=\"elementor-element elementor-element-66e3501 elementor-view-default elementor-position-block-start elementor-mobile-position-block-start elementor-widget elementor-widget-icon-box\" data-id=\"66e3501\" data-element_type=\"widget\" data-e-type=\"widget\" data-widget_type=\"icon-box.default\">\n\t\t\t\t<div class=\"elementor-widget-container\">\n\t\t\t\t\t\t\t<div class=\"elementor-icon-box-wrapper\">\n\n\t\t\t\t\t\t<div class=\"elementor-icon-box-icon\">\n\t\t\t\t<span  class=\"elementor-icon\">\n\t\t\t\t<i aria-hidden=\"true\" class=\"fas fa-star\"><\/i>\t\t\t\t<\/span>\n\t\t\t<\/div>\n\t\t\t\n\t\t\t\t\t\t<div class=\"elementor-icon-box-content\">\n\n\t\t\t\t\t\t\t\t\t<h3 class=\"elementor-icon-box-title\">\n\t\t\t\t\t\t<span  >\n\t\t\t\t\t\t\tTeknik Uzman \t\t\t\t\t\t<\/span>\n\t\t\t\t\t<\/h3>\n\t\t\t\t\n\t\t\t\t\t\t\t\t\t<p class=\"elementor-icon-box-description\">\n\t\t\t\t\t\tAvrupa direktifleri ve \u00fcr\u00fcn mevzuat\u0131 konusunda teknik destek sa\u011flamak.\t\t\t\t\t<\/p>\n\t\t\t\t\n\t\t\t<\/div>\n\t\t\t\n\t\t<\/div>\n\t\t\t\t\t\t<\/div>\n\t\t\t\t<\/div>\n\t\t\t\t\t<\/div>\n\t\t<\/div>\n\t\t\t\t<div class=\"elementor-column elementor-col-25 elementor-inner-column elementor-element elementor-element-73dfe0c\" data-id=\"73dfe0c\" data-element_type=\"column\" data-e-type=\"column\">\n\t\t\t<div class=\"elementor-widget-wrap elementor-element-populated\">\n\t\t\t\t\t\t<div class=\"elementor-element elementor-element-813e1d8 elementor-view-default elementor-position-block-start elementor-mobile-position-block-start elementor-widget elementor-widget-icon-box\" data-id=\"813e1d8\" data-element_type=\"widget\" data-e-type=\"widget\" data-widget_type=\"icon-box.default\">\n\t\t\t\t<div class=\"elementor-widget-container\">\n\t\t\t\t\t\t\t<div class=\"elementor-icon-box-wrapper\">\n\n\t\t\t\t\t\t<div class=\"elementor-icon-box-icon\">\n\t\t\t\t<span  class=\"elementor-icon\">\n\t\t\t\t<i aria-hidden=\"true\" class=\"fas fa-star\"><\/i>\t\t\t\t<\/span>\n\t\t\t<\/div>\n\t\t\t\n\t\t\t\t\t\t<div class=\"elementor-icon-box-content\">\n\n\t\t\t\t\t\t\t\t\t<h3 class=\"elementor-icon-box-title\">\n\t\t\t\t\t\t<span  >\n\t\t\t\t\t\t\tKalite Y\u00f6neticisi \t\t\t\t\t\t<\/span>\n\t\t\t\t\t<\/h3>\n\t\t\t\t\n\t\t\t\t\t\t\t\t\t<p class=\"elementor-icon-box-description\">\n\t\t\t\t\t\tISO\/IEC 17065 kapsam\u0131ndaki i\u00e7 ve d\u0131\u015f denetimleri y\u00f6netmek.\t\t\t\t\t<\/p>\n\t\t\t\t\n\t\t\t<\/div>\n\t\t\t\n\t\t<\/div>\n\t\t\t\t\t\t<\/div>\n\t\t\t\t<\/div>\n\t\t\t\t\t<\/div>\n\t\t<\/div>\n\t\t\t\t<div class=\"elementor-column elementor-col-25 elementor-inner-column elementor-element elementor-element-c0dc9f0\" data-id=\"c0dc9f0\" data-element_type=\"column\" data-e-type=\"column\">\n\t\t\t<div class=\"elementor-widget-wrap elementor-element-populated\">\n\t\t\t\t\t\t<div class=\"elementor-element elementor-element-ec3c292 elementor-view-default elementor-position-block-start elementor-mobile-position-block-start elementor-widget elementor-widget-icon-box\" data-id=\"ec3c292\" data-element_type=\"widget\" data-e-type=\"widget\" data-widget_type=\"icon-box.default\">\n\t\t\t\t<div class=\"elementor-widget-container\">\n\t\t\t\t\t\t\t<div class=\"elementor-icon-box-wrapper\">\n\n\t\t\t\t\t\t<div class=\"elementor-icon-box-icon\">\n\t\t\t\t<span  class=\"elementor-icon\">\n\t\t\t\t<i aria-hidden=\"true\" class=\"fas fa-star\"><\/i>\t\t\t\t<\/span>\n\t\t\t<\/div>\n\t\t\t\n\t\t\t\t\t\t<div class=\"elementor-icon-box-content\">\n\n\t\t\t\t\t\t\t\t\t<h3 class=\"elementor-icon-box-title\">\n\t\t\t\t\t\t<span  >\n\t\t\t\t\t\t\tSat\u0131\u015f ve \u0130\u015f Geli\u015ftirme Sorumlusu \t\t\t\t\t\t<\/span>\n\t\t\t\t\t<\/h3>\n\t\t\t\t\n\t\t\t\t\t\t\t\t\t<p class=\"elementor-icon-box-description\">\n\t\t\t\t\t\tM\u00fc\u015fteri ili\u015fkileri kurmak, pazar pay\u0131n\u0131 art\u0131rmak.\t\t\t\t\t<\/p>\n\t\t\t\t\n\t\t\t<\/div>\n\t\t\t\n\t\t<\/div>\n\t\t\t\t\t\t<\/div>\n\t\t\t\t<\/div>\n\t\t\t\t\t<\/div>\n\t\t<\/div>\n\t\t\t\t\t<\/div>\n\t\t<\/section>\n\t\t\t\t\t<\/div>\n\t\t<\/div>\n\t\t\t\t\t<\/div>\n\t\t<\/section>\n\t\t\t\t<section class=\"elementor-section elementor-top-section elementor-element elementor-element-ab7d317 elementor-section-boxed elementor-section-height-default elementor-section-height-default\" data-id=\"ab7d317\" data-element_type=\"section\" data-e-type=\"section\">\n\t\t\t\t\t\t<div class=\"elementor-container elementor-column-gap-default\">\n\t\t\t\t\t<div class=\"elementor-column elementor-col-100 elementor-top-column elementor-element elementor-element-c01f787\" data-id=\"c01f787\" data-element_type=\"column\" data-e-type=\"column\">\n\t\t\t<div class=\"elementor-widget-wrap elementor-element-populated\">\n\t\t\t\t\t\t<div class=\"elementor-element elementor-element-6b5dae7 elementor-widget elementor-widget-testimonial\" data-id=\"6b5dae7\" data-element_type=\"widget\" data-e-type=\"widget\" data-widget_type=\"testimonial.default\">\n\t\t\t\t<div class=\"elementor-widget-container\">\n\t\t\t\t\t\t\t<div class=\"elementor-testimonial-wrapper\">\n\t\t\t\t\t\t\t<div class=\"elementor-testimonial-content\">\u00dcr\u00fcn belgelendirme sekt\u00f6r\u00fcnde ger\u00e7ek bir etki yaratmak istiyorsan, seni METCAB\u2019a bekliyoruz.\n Hemen ba\u015fvur ve kariyerinde yeni bir sayfa a\u00e7!\n<\/div>\n\t\t\t\n\t\t\t\t\t\t<div class=\"elementor-testimonial-meta elementor-has-image elementor-testimonial-image-position-top\">\n\t\t\t\t<div class=\"elementor-testimonial-meta-inner\">\n\t\t\t\t\t\t\t\t\t\t\t<div class=\"elementor-testimonial-image\">\n\t\t\t\t\t\t\t<img decoding=\"async\" width=\"175\" height=\"175\" src=\"https:\/\/metcab.org\/wp-content\/uploads\/2025\/04\/Metcab-Logo-175x175.png\" class=\"attachment-thumbnail size-thumbnail wp-image-400\" alt=\"\" \/>\t\t\t\t\t\t<\/div>\n\t\t\t\t\t\n\t\t\t\t\t\t\t\t\t<\/div>\n\t\t\t<\/div>\n\t\t\t\t\t<\/div>\n\t\t\t\t\t\t<\/div>\n\t\t\t\t<\/div>\n\t\t\t\t\t<\/div>\n\t\t<\/div>\n\t\t\t\t\t<\/div>\n\t\t<\/section>\n\t\t\t\t<\/div>","protected":false},"excerpt":{"rendered":"<p>Career Why Join METCAB? Working at METCAB means being part of a forward-thinking, rapidly growing certification body that values expertise, integrity, and customer satisfaction. We provide our team with the tools, resources, and support they need to succeed in a highly regulated and technically complex industry. \u2705 What We Offer: Professional Growth: We invest in [&hellip;]<\/p>","protected":false},"author":1,"featured_media":0,"parent":0,"menu_order":0,"comment_status":"closed","ping_status":"closed","template":"","meta":{"_joinchat":[],"footnotes":""},"class_list":["post-440","page","type-page","status-publish","hentry"],"_links":{"self":[{"href":"https:\/\/metcab.org\/tr\/wp-json\/wp\/v2\/pages\/440","targetHints":{"allow":["GET"]}}],"collection":[{"href":"https:\/\/metcab.org\/tr\/wp-json\/wp\/v2\/pages"}],"about":[{"href":"https:\/\/metcab.org\/tr\/wp-json\/wp\/v2\/types\/page"}],"author":[{"embeddable":true,"href":"https:\/\/metcab.org\/tr\/wp-json\/wp\/v2\/users\/1"}],"replies":[{"embeddable":true,"href":"https:\/\/metcab.org\/tr\/wp-json\/wp\/v2\/comments?post=440"}],"version-history":[{"count":11,"href":"https:\/\/metcab.org\/tr\/wp-json\/wp\/v2\/pages\/440\/revisions"}],"predecessor-version":[{"id":856,"href":"https:\/\/metcab.org\/tr\/wp-json\/wp\/v2\/pages\/440\/revisions\/856"}],"wp:attachment":[{"href":"https:\/\/metcab.org\/tr\/wp-json\/wp\/v2\/media?parent=440"}],"curies":[{"name":"wp","href":"https:\/\/api.w.org\/{rel}","templated":true}]}}