{"id":435,"date":"2025-04-08T01:50:22","date_gmt":"2025-04-07T22:50:22","guid":{"rendered":"https:\/\/metcab.org\/?page_id=435"},"modified":"2025-11-19T10:51:14","modified_gmt":"2025-11-19T07:51:14","slug":"designation-and-accreditation","status":"publish","type":"page","link":"https:\/\/metcab.org\/tr\/designation-and-accreditation\/","title":{"rendered":"Yetkilendirme ve Akreditasyon"},"content":{"rendered":"<div data-elementor-type=\"wp-page\" data-elementor-id=\"435\" class=\"elementor elementor-435\">\n\t\t\t\t\t\t<section class=\"elementor-section elementor-top-section elementor-element elementor-element-ee503c8 elementor-section-boxed elementor-section-height-default elementor-section-height-default\" data-id=\"ee503c8\" data-element_type=\"section\" data-e-type=\"section\" data-settings=\"{&quot;background_background&quot;:&quot;classic&quot;}\">\n\t\t\t\t\t\t<div class=\"elementor-container elementor-column-gap-default\">\n\t\t\t\t\t<div class=\"elementor-column elementor-col-100 elementor-top-column elementor-element elementor-element-8028c45\" data-id=\"8028c45\" data-element_type=\"column\" data-e-type=\"column\">\n\t\t\t<div class=\"elementor-widget-wrap elementor-element-populated\">\n\t\t\t\t\t\t<div class=\"elementor-element elementor-element-44fce45 elementor-widget elementor-widget-gva-heading-block\" data-id=\"44fce45\" data-element_type=\"widget\" data-e-type=\"widget\" data-widget_type=\"gva-heading-block.default\">\n\t\t\t\t<div class=\"elementor-widget-container\">\n\t\t\t\t\t<div class=\"gva-element-gva-heading-block gva-element\">   <div class=\"align-left style-1 widget gsc-heading box-align-left auto-responsive\">\r\n      <div class=\"content-inner\">\r\n         \r\n                  \r\n           \r\n         \r\n                     <h2 class=\"title\">\r\n               <span>Yetkilendirme ve Akreditasyon<\/span>\r\n            <\/h2>\r\n                  \r\n         \r\n         \r\n      <\/div>\r\n   <\/div>\r\n<\/div>\t\t\t\t<\/div>\n\t\t\t\t<\/div>\n\t\t\t\t\t<\/div>\n\t\t<\/div>\n\t\t\t\t\t<\/div>\n\t\t<\/section>\n\t\t\t\t<section class=\"elementor-section elementor-top-section elementor-element elementor-element-de52cd2 elementor-section-boxed elementor-section-height-default elementor-section-height-default\" data-id=\"de52cd2\" data-element_type=\"section\" data-e-type=\"section\">\n\t\t\t\t\t\t<div class=\"elementor-container elementor-column-gap-default\">\n\t\t\t\t\t<div class=\"elementor-column elementor-col-100 elementor-top-column elementor-element elementor-element-bf9f10b\" data-id=\"bf9f10b\" data-element_type=\"column\" data-e-type=\"column\">\n\t\t\t<div class=\"elementor-widget-wrap elementor-element-populated\">\n\t\t\t\t\t\t<div class=\"elementor-element elementor-element-deae7b2 elementor-widget elementor-widget-text-editor\" data-id=\"deae7b2\" data-element_type=\"widget\" data-e-type=\"widget\" data-widget_type=\"text-editor.default\">\n\t\t\t\t<div class=\"elementor-widget-container\">\n\t\t\t\t\t\t\t\t\t<p><img fetchpriority=\"high\" decoding=\"async\" src=\"https:\/\/metcab.org\/wp-content\/uploads\/2025\/04\/WhatsApp-Image-2025-03-29-at-23.05.29-4-600x540.jpeg\" alt=\"\" width=\"600\" height=\"540\" \/><\/p><p><strong>\u00a0<\/strong><\/p><p>At <strong>METCAB Uygunluk De\u011ferlendirme LTD \u015eT\u0130<\/strong>olarak, uluslararas\u0131 alanda tan\u0131nan akreditasyonlara ve yetkilere sahip olmaktan gurur duyuyoruz. Bu sayede \u00fcr\u00fcn sertifikasyonu konusunda g\u00fcvenilir bir i\u015f orta\u011f\u0131 olarak konumumuzu g\u00fc\u00e7lendiriyoruz.<\/p><p><strong>\ud83c\udfc5 ISO\/IEC 17065 Kapsam\u0131nda Akreditasyon<\/strong><\/p><p>METCAB, \u00fcr\u00fcn belgelendirme kurulu\u015flar\u0131 i\u00e7in uluslararas\u0131 standart olan <strong>-<\/strong> \u2014 the international standard for product certification bodies.<\/p><p>This accreditation reflects our commitment to maintaining the highest levels of impartiality, competence, and consistency in our certification processes.<\/p><p>ISO\/IEC 17065 akreditasyonumuz a\u015fa\u011f\u0131daki direktif ve y\u00f6netmelikleri kapsamaktad\u0131r:<\/p><ul><li><strong>MID \u2013 \u00d6l\u00e7\u00fc Aletleri Y\u00f6netmeli\u011fi (2014\/32\/AB<\/strong><\/li><li><strong>NAWID \u2013 Otomatik Olmayan Tart\u0131 Aletleri Y\u00f6netmeli\u011fi (2014\/31\/AB)<\/strong><\/li><li><strong>CPR \u2013 Yap\u0131 Malzemeleri Y\u00f6netmeli\u011fi (EU 305\/2011)<\/strong><\/li><\/ul><p>Bu akreditasyon, METCAB\u2019in en y\u00fcksek d\u00fczeyde d\u00fcr\u00fcstl\u00fck ve teknik yeterlilik ile faaliyet g\u00f6stermesini g\u00fcvence alt\u0131na alacak; m\u00fc\u015fterilerimize \u00fcr\u00fcnlerinin ilgili Avrupa mevzuatlar\u0131na tam uyumlu oldu\u011funa dair g\u00fcven verecektir.<\/p><p><strong>\ud83c\udf0d Onaylanm\u0131\u015f Kurulu\u015f Olarak Yetkilendirme<\/strong><\/p><p>METCAB, a\u015fa\u011f\u0131daki direktifler ve y\u00f6netmelikler kapsam\u0131nda Onaylanm\u0131\u015f Kurulu\u015f <strong>(Notified Body)<\/strong> olarak yetkilendirilmi\u015ftir:<\/p><ul><li><strong>MID \u2013 \u00d6l\u00e7\u00fc Aletleri Y\u00f6netmeli\u011fi (2014\/32\/AB<\/strong> \u2014 End\u00fcstriyel ve ticari uygulamalarda kullan\u0131lan \u00e7e\u015fitli \u00f6l\u00e7\u00fc aletlerinin uygunlu\u011funu sa\u011flar.<\/li><li><strong>NAWID \u2013 Otomatik Olmayan Tart\u0131 Aletleri Y\u00f6netmeli\u011fi (2014\/31\/AB)<\/strong> \u2014 Farkl\u0131 sekt\u00f6rlerde kullan\u0131lan \u00e7e\u015fitli tart\u0131 aletlerinin Avrupa standartlar\u0131na uygunlu\u011funu sa\u011flar.<\/li><li><strong>CPR \u2013 Yap\u0131 Malzemeleri Y\u00f6netmeli\u011fi (EU 305\/2011)<\/strong> \u2014 Yang\u0131n g\u00fcvenli\u011fi ve performans gerekliliklerine uygun olarak kablolar dahil olmak \u00fczere yap\u0131 malzemeleri i\u00e7in sertifikasyon hizmeti sa\u011flar.<\/li><\/ul><p>Onaylanm\u0131\u015f Kurulu\u015f (Notified Body) stat\u00fcm\u00fcz, Avrupa Birli\u011fi genelinde ge\u00e7erli CE sertifikalar\u0131 d\u00fczenlememize olanak sa\u011flayacak; b\u00f6ylece \u00fcr\u00fcnlerinizin Avrupa pazar\u0131na ek bir engelle kar\u015f\u0131la\u015fmadan giri\u015f yapmas\u0131n\u0131 g\u00fcvence alt\u0131na alacakt\u0131r.<\/p><p><strong>Akreditasyon ve Yetkilendirme Neden \u00d6nemlidir?<\/strong><\/p><ul><li><strong>Piyasaya Giri\u015f<\/strong> Onaylanm\u0131\u015f Kurulu\u015f (Notified Body) stat\u00fcm\u00fcz, \u00fcr\u00fcnlerinizin Avrupa Birli\u011fi i\u00e7erisinde serbest\u00e7e dola\u015fmas\u0131n\u0131 ve CE i\u015faretlemesini tan\u0131yan di\u011fer pazarlara da sorunsuz \u015fekilde eri\u015fmesini sa\u011flayacakt\u0131r.<\/li><li><strong>\u2022\tMevzuat G\u00fcvencesi:<\/strong> ISO\/IEC 17065 akreditasyonu, belgelendirme s\u00fcre\u00e7lerimizin tutarl\u0131, adil ve teknik olarak do\u011fru y\u00fcr\u00fct\u00fcld\u00fc\u011f\u00fcn\u00fc g\u00fcvence alt\u0131na alacakt\u0131r.<\/li><li><strong>\u2022\tRekabet Avantaj\u0131:<\/strong> METCAB taraf\u0131ndan verilen belgelendirme, \u00fcr\u00fcn\u00fcn\u00fcz\u00fcn itibar\u0131n\u0131 art\u0131r\u0131r ve hem yurti\u00e7i hem de uluslararas\u0131 pazarlarda rekabet avantaj\u0131 sa\u011flar.<\/li><li><strong>\u2022\tM\u00fc\u015fteri G\u00fcveni:<\/strong> Akredite ve yetkilendirilmi\u015f bir sertifikasyon kurulu\u015fuyla \u00e7al\u0131\u015fmak, m\u00fc\u015fteriler ve son kullan\u0131c\u0131lar nezdinde g\u00fcven olu\u015fturur ve markan\u0131z\u0131n de\u011ferini g\u00fc\u00e7lendirir.<\/li><\/ul>\t\t\t\t\t\t\t\t<\/div>\n\t\t\t\t<\/div>\n\t\t\t\t\t<\/div>\n\t\t<\/div>\n\t\t\t\t\t<\/div>\n\t\t<\/section>\n\t\t\t\t<\/div>","protected":false},"excerpt":{"rendered":"<p>Designation And Accreditation \u00a0 At METCAB Uygunluk De\u011ferlendirme LTD \u015eT\u0130, we take pride in holding internationally recognized accreditations and designations, reinforcing our position as a trusted partner for product certification. \ud83c\udfc5 Accreditation Under ISO\/IEC 17065 METCAB is accredited under ISO\/IEC 17065 \u2014 the international standard for product certification bodies. This accreditation reflects our commitment to [&hellip;]<\/p>","protected":false},"author":1,"featured_media":0,"parent":0,"menu_order":0,"comment_status":"closed","ping_status":"closed","template":"","meta":{"_joinchat":[],"footnotes":""},"class_list":["post-435","page","type-page","status-publish","hentry"],"_links":{"self":[{"href":"https:\/\/metcab.org\/tr\/wp-json\/wp\/v2\/pages\/435","targetHints":{"allow":["GET"]}}],"collection":[{"href":"https:\/\/metcab.org\/tr\/wp-json\/wp\/v2\/pages"}],"about":[{"href":"https:\/\/metcab.org\/tr\/wp-json\/wp\/v2\/types\/page"}],"author":[{"embeddable":true,"href":"https:\/\/metcab.org\/tr\/wp-json\/wp\/v2\/users\/1"}],"replies":[{"embeddable":true,"href":"https:\/\/metcab.org\/tr\/wp-json\/wp\/v2\/comments?post=435"}],"version-history":[{"count":25,"href":"https:\/\/metcab.org\/tr\/wp-json\/wp\/v2\/pages\/435\/revisions"}],"predecessor-version":[{"id":823,"href":"https:\/\/metcab.org\/tr\/wp-json\/wp\/v2\/pages\/435\/revisions\/823"}],"wp:attachment":[{"href":"https:\/\/metcab.org\/tr\/wp-json\/wp\/v2\/media?parent=435"}],"curies":[{"name":"wp","href":"https:\/\/api.w.org\/{rel}","templated":true}]}}