{"id":430,"date":"2025-04-08T01:42:31","date_gmt":"2025-04-07T22:42:31","guid":{"rendered":"https:\/\/metcab.org\/?page_id=430"},"modified":"2025-11-19T10:53:24","modified_gmt":"2025-11-19T07:53:24","slug":"history-of-metcab","status":"publish","type":"page","link":"https:\/\/metcab.org\/tr\/history-of-metcab\/","title":{"rendered":"Metcab'in Tarih\u00e7esi"},"content":{"rendered":"<div data-elementor-type=\"wp-page\" data-elementor-id=\"430\" class=\"elementor elementor-430\">\n\t\t\t\t\t\t<section class=\"elementor-section elementor-top-section elementor-element elementor-element-ee503c8 elementor-section-boxed elementor-section-height-default elementor-section-height-default\" data-id=\"ee503c8\" data-element_type=\"section\" data-e-type=\"section\" data-settings=\"{&quot;background_background&quot;:&quot;classic&quot;}\">\n\t\t\t\t\t\t<div class=\"elementor-container elementor-column-gap-default\">\n\t\t\t\t\t<div class=\"elementor-column elementor-col-100 elementor-top-column elementor-element elementor-element-8028c45\" data-id=\"8028c45\" data-element_type=\"column\" data-e-type=\"column\">\n\t\t\t<div class=\"elementor-widget-wrap elementor-element-populated\">\n\t\t\t\t\t\t<div class=\"elementor-element elementor-element-44fce45 elementor-widget elementor-widget-gva-heading-block\" data-id=\"44fce45\" data-element_type=\"widget\" data-e-type=\"widget\" data-widget_type=\"gva-heading-block.default\">\n\t\t\t\t<div class=\"elementor-widget-container\">\n\t\t\t\t\t<div class=\"gva-element-gva-heading-block gva-element\">   <div class=\"align-left style-1 widget gsc-heading box-align-left auto-responsive\">\r\n      <div class=\"content-inner\">\r\n         \r\n                  \r\n           \r\n         \r\n                     <h2 class=\"title\">\r\n               <span>History Of Metcab?<\/span>\r\n            <\/h2>\r\n                  \r\n         \r\n         \r\n      <\/div>\r\n   <\/div>\r\n<\/div>\t\t\t\t<\/div>\n\t\t\t\t<\/div>\n\t\t\t\t\t<\/div>\n\t\t<\/div>\n\t\t\t\t\t<\/div>\n\t\t<\/section>\n\t\t\t\t<section class=\"elementor-section elementor-top-section elementor-element elementor-element-de52cd2 elementor-section-boxed elementor-section-height-default elementor-section-height-default\" data-id=\"de52cd2\" data-element_type=\"section\" data-e-type=\"section\">\n\t\t\t\t\t\t<div class=\"elementor-container elementor-column-gap-default\">\n\t\t\t\t\t<div class=\"elementor-column elementor-col-100 elementor-top-column elementor-element elementor-element-bf9f10b\" data-id=\"bf9f10b\" data-element_type=\"column\" data-e-type=\"column\">\n\t\t\t<div class=\"elementor-widget-wrap elementor-element-populated\">\n\t\t\t\t\t\t<div class=\"elementor-element elementor-element-deae7b2 elementor-widget elementor-widget-text-editor\" data-id=\"deae7b2\" data-element_type=\"widget\" data-e-type=\"widget\" data-widget_type=\"text-editor.default\">\n\t\t\t\t<div class=\"elementor-widget-container\">\n\t\t\t\t\t\t\t\t\t<h3 data-start=\"282\" data-end=\"302\"><strong data-start=\"286\" data-end=\"302\">METCAB Hakk\u0131nda<\/strong><\/h3><p data-start=\"304\" data-end=\"471\"><strong data-start=\"304\" data-end=\"345\">METCAB Uygunluk De\u011ferlendirme LTD \u015eT\u0130<\/strong> g\u00fcvenilir, etkin ve uluslararas\u0131 standartlarla uyumlu \u00fcr\u00fcn belgelendirme hizmetleri sunma misyonuyla kurulmu\u015ftur.<\/p><hr data-start=\"473\" data-end=\"476\" \/><h3 data-start=\"478\" data-end=\"514\">\ud83c\udfc6 <strong data-start=\"485\" data-end=\"514\">Kurulu\u015f ve \u0130lk Vizyon<\/strong><\/h3><p data-start=\"516\" data-end=\"888\" class=\"translation-block\">2022 y\u0131l\u0131nda kurulan METCAB, \u00fcr\u00fcn uygunlu\u011fu, Avrupa direktifleri ve uluslararas\u0131 standartlar konular\u0131nda y\u0131llara dayanan bir deneyim \u00fczerine in\u015fa edilmi\u015ftir.\n\nKurucumuz, uygunluk de\u011ferlendirme alan\u0131nda uzman bir isim olarak, belgelendirme s\u00fcre\u00e7lerini \u00fcreticiler i\u00e7in daha h\u0131zl\u0131, daha \u015feffaf ve daha eri\u015filebilir hale getirecek, m\u00fc\u015fteri odakl\u0131 ve teknik olarak yetkin bir kurulu\u015fa duyulan ihtiyac\u0131 fark etmi\u015f ve bu vizyonla METCAB\u2019i hayata ge\u00e7irmi\u015ftir.<\/p><hr data-start=\"890\" data-end=\"893\" \/><h3 data-start=\"895\" data-end=\"934\">\ud83d\ude80 <strong data-start=\"902\" data-end=\"934\">\ud83d\ude80 Ba\u015flang\u0131\u00e7tan \u0130tibaren Stratejik Odaklanma<\/strong><\/h3><p>METCAB, ilk g\u00fcnden itibaren a\u015fa\u011f\u0131daki alt\u0131 b\u00fcy\u00fck Avrupa direktifi ve d\u00fczenlemesi kapsam\u0131nda sertifikasyon hizmeti sunmaya odakland\u0131:<\/p><ul><li><strong>MID \u2013 \u00d6l\u00e7\u00fc Aletleri Y\u00f6netmeli\u011fi (2014\/32\/AB<\/strong><\/li><li><strong>NAWID \u2013 Otomatik Olmayan Tart\u0131 Aletleri Y\u00f6netmeli\u011fi (2014\/31\/AB)<\/strong><\/li><li><strong>CPR \u2013 Yap\u0131 Malzemeleri Y\u00f6netmeli\u011fi (EU 305\/2011)<\/strong><\/li><li><strong>Makine Emniyeti Direktifi (2006\/42\/EC)<\/strong><\/li><li><strong>LVD \u2013 Al\u00e7ak Gerilim Y\u00f6netmeli\u011fi (2014\/35\/AB)<\/strong><\/li><li><strong>EMC \u2013 Elektromanyetik Uyumluluk Direktifi (2014\/30\/AB)<\/strong><\/li><\/ul><p data-start=\"936\" data-end=\"1093\">Bu stratejik karar sayesinde METCAB, farkl\u0131 sekt\u00f6rlerde faaliyet g\u00f6steren \u00fcreticilerin ve ithalat\u00e7\u0131lar\u0131n karma\u015f\u0131k mevzuat gerekliliklerini kar\u015f\u0131lamas\u0131na yard\u0131mc\u0131 olarak geni\u015f bir m\u00fc\u015fteri yelpazesine hizmet sunmaya ba\u015flad\u0131.<\/p>\t\t\t\t\t\t\t\t<\/div>\n\t\t\t\t<\/div>\n\t\t\t\t<div class=\"elementor-element elementor-element-648b7a1 elementor-widget elementor-widget-image\" data-id=\"648b7a1\" data-element_type=\"widget\" data-e-type=\"widget\" data-widget_type=\"image.default\">\n\t\t\t\t<div class=\"elementor-widget-container\">\n\t\t\t\t\t\t\t\t\t\t\t\t\t\t\t<img fetchpriority=\"high\" decoding=\"async\" width=\"900\" height=\"600\" src=\"https:\/\/metcab.org\/wp-content\/uploads\/2025\/04\/WhatsApp-Image-2025-03-29-at-23.03.54-1-1024x683.jpeg\" class=\"attachment-large size-large wp-image-424\" alt=\"\" srcset=\"https:\/\/metcab.org\/wp-content\/uploads\/2025\/04\/WhatsApp-Image-2025-03-29-at-23.03.54-1-1024x683.jpeg 1024w, https:\/\/metcab.org\/wp-content\/uploads\/2025\/04\/WhatsApp-Image-2025-03-29-at-23.03.54-1-768x512.jpeg 768w, https:\/\/metcab.org\/wp-content\/uploads\/2025\/04\/WhatsApp-Image-2025-03-29-at-23.03.54-1.jpeg 1470w\" sizes=\"(max-width: 900px) 100vw, 900px\" \/>\t\t\t\t\t\t\t\t\t\t\t\t\t\t\t<\/div>\n\t\t\t\t<\/div>\n\t\t\t\t\t<\/div>\n\t\t<\/div>\n\t\t\t\t\t<\/div>\n\t\t<\/section>\n\t\t\t\t<section class=\"elementor-section elementor-top-section elementor-element elementor-element-3fd9734 elementor-section-boxed elementor-section-height-default elementor-section-height-default\" data-id=\"3fd9734\" data-element_type=\"section\" data-e-type=\"section\">\n\t\t\t\t\t\t<div class=\"elementor-container elementor-column-gap-default\">\n\t\t\t\t\t<div class=\"elementor-column elementor-col-100 elementor-top-column elementor-element elementor-element-4b06c83\" data-id=\"4b06c83\" data-element_type=\"column\" data-e-type=\"column\">\n\t\t\t<div class=\"elementor-widget-wrap elementor-element-populated\">\n\t\t\t\t\t\t<div class=\"elementor-element elementor-element-238b1a0 elementor-widget elementor-widget-text-editor\" data-id=\"238b1a0\" data-element_type=\"widget\" data-e-type=\"widget\" data-widget_type=\"text-editor.default\">\n\t\t\t\t<div class=\"elementor-widget-container\">\n\t\t\t\t\t\t\t\t\t<p><strong>\ud83d\udd0d Yenilik ve M\u00fc\u015fteri Memnuniyeti Taahh\u00fcd\u00fc<\/strong><\/p>\n<p>Yenilik ve m\u00fc\u015fteri memnuniyeti, METCAB\u2019\u0131n faaliyetlerinin temelinde yer al\u0131r.\nS\u00fcre\u00e7lerimizin verimlili\u011fini ve do\u011frulu\u011funu art\u0131rmak i\u00e7in uzman ekibimiz ve dijital altyap\u0131m\u0131z sayesinde sertifikasyon hizmetlerini h\u0131zl\u0131 ve eksiksiz \u015fekilde sunuyoruz.<br>Birden fazla direktif alt\u0131nda ayn\u0131 anda sertifikasyon hizmeti sunabilme yetene\u011fimiz, METCAB'\u0131 etkili ve g\u00fcvenilir bir uyumluluk \u00e7\u00f6z\u00fcm orta\u011f\u0131 haline getiriyor.<\/p>\n<p><strong>\ud83c\udf1f Gelece\u011fe Bak\u0131\u015f<\/strong><\/p>\n<p>Bug\u00fcn METCAB, yeni pazarlara a\u00e7\u0131larak b\u00fcy\u00fcmeye devam ediyor.\nProfesyonellik ve m\u00fc\u015fteri hizmetlerinde en y\u00fcksek standartlar\u0131 koruma taahh\u00fcd\u00fcm\u00fcz, METCAB\u2019\u0131 sertifikasyon sekt\u00f6r\u00fcnde \u00f6nc\u00fc bir kurulu\u015f olarak konumland\u0131r\u0131yor.\nM\u00fc\u015fterilerimizin ba\u015far\u0131ya ula\u015fmas\u0131n\u0131 sa\u011flamak i\u00e7in g\u00fcvenilir, etkili ve m\u00fc\u015fteri odakl\u0131 \u00e7\u00f6z\u00fcmler sunma vizyonumuz de\u011fi\u015fmeden devam ediyor \u2014 ve gelece\u011fe umutla bak\u0131yoruz.<\/p>\t\t\t\t\t\t\t\t<\/div>\n\t\t\t\t<\/div>\n\t\t\t\t\t<\/div>\n\t\t<\/div>\n\t\t\t\t\t<\/div>\n\t\t<\/section>\n\t\t\t\t<\/div>","protected":false},"excerpt":{"rendered":"<p>History Of Metcab? About METCAB METCAB Uygunluk De\u011ferlendirme LTD \u015eT\u0130 was founded with a clear mission: to provide reliable, efficient, and internationally aligned product certification services. \ud83c\udfc6 Founding and Early Vision Established in 2022, METCAB is built on years of experience in product compliance, European directives, and international standards. Our founder, an expert in conformity [&hellip;]<\/p>","protected":false},"author":1,"featured_media":0,"parent":0,"menu_order":0,"comment_status":"closed","ping_status":"closed","template":"","meta":{"_joinchat":[],"footnotes":""},"class_list":["post-430","page","type-page","status-publish","hentry"],"_links":{"self":[{"href":"https:\/\/metcab.org\/tr\/wp-json\/wp\/v2\/pages\/430","targetHints":{"allow":["GET"]}}],"collection":[{"href":"https:\/\/metcab.org\/tr\/wp-json\/wp\/v2\/pages"}],"about":[{"href":"https:\/\/metcab.org\/tr\/wp-json\/wp\/v2\/types\/page"}],"author":[{"embeddable":true,"href":"https:\/\/metcab.org\/tr\/wp-json\/wp\/v2\/users\/1"}],"replies":[{"embeddable":true,"href":"https:\/\/metcab.org\/tr\/wp-json\/wp\/v2\/comments?post=430"}],"version-history":[{"count":17,"href":"https:\/\/metcab.org\/tr\/wp-json\/wp\/v2\/pages\/430\/revisions"}],"predecessor-version":[{"id":826,"href":"https:\/\/metcab.org\/tr\/wp-json\/wp\/v2\/pages\/430\/revisions\/826"}],"wp:attachment":[{"href":"https:\/\/metcab.org\/tr\/wp-json\/wp\/v2\/media?parent=430"}],"curies":[{"name":"wp","href":"https:\/\/api.w.org\/{rel}","templated":true}]}}