{"id":37,"date":"2025-03-19T02:32:04","date_gmt":"2025-03-18T23:32:04","guid":{"rendered":"https:\/\/gaviaspreview.com\/wp\/modins\/?page_id=37"},"modified":"2025-11-19T11:00:21","modified_gmt":"2025-11-19T08:00:21","slug":"services","status":"publish","type":"page","link":"https:\/\/metcab.org\/tr\/services\/","title":{"rendered":"Hizmetlerimiz"},"content":{"rendered":"<div data-elementor-type=\"wp-page\" data-elementor-id=\"37\" class=\"elementor elementor-37\">\n\t\t\t\t\t\t<section class=\"elementor-section elementor-top-section elementor-element elementor-element-67152ff elementor-section-boxed elementor-section-height-default elementor-section-height-default\" data-id=\"67152ff\" data-element_type=\"section\" data-e-type=\"section\" data-settings=\"{&quot;background_background&quot;:&quot;classic&quot;}\">\n\t\t\t\t\t\t<div class=\"elementor-container elementor-column-gap-default\">\n\t\t\t\t\t<div class=\"elementor-column elementor-col-100 elementor-top-column elementor-element elementor-element-108d99c\" data-id=\"108d99c\" data-element_type=\"column\" data-e-type=\"column\">\n\t\t\t<div class=\"elementor-widget-wrap elementor-element-populated\">\n\t\t\t\t\t\t<div class=\"elementor-element elementor-element-07bec2e elementor-widget elementor-widget-gva-heading-block\" data-id=\"07bec2e\" data-element_type=\"widget\" data-e-type=\"widget\" data-widget_type=\"gva-heading-block.default\">\n\t\t\t\t<div class=\"elementor-widget-container\">\n\t\t\t\t\t<div class=\"gva-element-gva-heading-block gva-element\">   <div class=\"align-left style-1 widget gsc-heading box-align-left auto-responsive\">\r\n      <div class=\"content-inner\">\r\n         \r\n                  \r\n           \r\n         \r\n                     <h2 class=\"title\">\r\n               <span>Hizmetlerimiz<\/span>\r\n            <\/h2>\r\n                  \r\n         \r\n         \r\n      <\/div>\r\n   <\/div>\r\n<\/div>\t\t\t\t<\/div>\n\t\t\t\t<\/div>\n\t\t\t\t\t<\/div>\n\t\t<\/div>\n\t\t\t\t\t<\/div>\n\t\t<\/section>\n\t\t\t\t<section class=\"elementor-section elementor-top-section elementor-element elementor-element-2123a32 elementor-section-boxed elementor-section-height-default elementor-section-height-default\" data-id=\"2123a32\" data-element_type=\"section\" data-e-type=\"section\" data-settings=\"{&quot;background_background&quot;:&quot;classic&quot;}\">\n\t\t\t\t\t\t<div class=\"elementor-container elementor-column-gap-default\">\n\t\t\t\t\t<div class=\"elementor-column elementor-col-100 elementor-top-column elementor-element elementor-element-f37d808\" data-id=\"f37d808\" data-element_type=\"column\" data-e-type=\"column\">\n\t\t\t<div class=\"elementor-widget-wrap elementor-element-populated\">\n\t\t\t\t\t\t<div class=\"elementor-element elementor-element-f5465a4 elementor-widget elementor-widget-gva-heading-block\" data-id=\"f5465a4\" data-element_type=\"widget\" data-e-type=\"widget\" data-widget_type=\"gva-heading-block.default\">\n\t\t\t\t<div class=\"elementor-widget-container\">\n\t\t\t\t\t<div class=\"gva-element-gva-heading-block gva-element\">   <div class=\"align-center style-1 widget gsc-heading box-align-left auto-responsive\">\r\n      <div class=\"content-inner\">\r\n         \r\n                  \r\n         <div class=\"sub-title\"><span class=\"tagline\">METCAB<\/span><\/div>  \r\n         \r\n                     <h2 class=\"title\">\r\n               <span>Hizmetlerimiz<\/span>\r\n            <\/h2>\r\n                  \r\n         \r\n         \r\n      <\/div>\r\n   <\/div>\r\n<\/div>\t\t\t\t<\/div>\n\t\t\t\t<\/div>\n\t\t\t\t<div class=\"elementor-element elementor-element-3c387a7 elementor-widget elementor-widget-gva-services\" data-id=\"3c387a7\" data-element_type=\"widget\" data-e-type=\"widget\" data-widget_type=\"gva-services.default\">\n\t\t\t\t<div class=\"elementor-widget-container\">\n\t\t\t\t\t<div class=\"gva-element-gva-services gva-element\">\r\n<div class=\"gsc-services layout-grid\">\r\n   <div class=\"lg-block-grid-3 md-block-grid-3 sm-block-grid-3 xs-block-grid-1 xx-block-grid-1\">\r\n      <div class=\"item-columns\">\r\n<div class=\"service-one__single\"><div class=\"service-one__content\"><div class=\"service-one__image\"><img decoding=\"async\" src=\"https:\/\/metcab.org\/wp-content\/uploads\/2025\/04\/WhatsApp-Image-2025-03-29-at-23.05.29-1.jpeg\" alt=\"Market Access\"\/><span class=\"service-one__icon\"><i aria-hidden=\"true\" class=\"micon__tick\"><\/i><\/span><\/div><div class=\"service-one__content-inner\"><h4 class=\"service-one__title\"><span>Piyasaya Giri\u015f<\/span><\/h4><\/div>\t\t  <a href=\"https:\/\/metcab.org\/tr\/market-access\/\" class=\"service-one__link-overlay\"><\/a>\r\n\t\t  <\/div><\/div>\t\r\n\r\n\r\n\r\n<\/div><div class=\"item-columns\">\r\n<div class=\"service-one__single active\"><div class=\"service-one__content\"><div class=\"service-one__image\"><img decoding=\"async\" src=\"https:\/\/metcab.org\/wp-content\/uploads\/2025\/04\/WhatsApp-Image-2025-03-29-at-23.05.30-10.jpeg\" alt=\"NAWI\"\/><span class=\"service-one__icon\"><i aria-hidden=\"true\" class=\"micon__tick\"><\/i><\/span><\/div><div class=\"service-one__content-inner\"><h4 class=\"service-one__title\"><span>NAWI<\/span><\/h4><\/div>\t\t  <a href=\"https:\/\/metcab.org\/tr\/nawi\/\" class=\"service-one__link-overlay\"><\/a>\r\n\t\t  <\/div><\/div>\t\r\n\r\n\r\n\r\n<\/div><div class=\"item-columns\">\r\n<div class=\"service-one__single\"><div class=\"service-one__content\"><div class=\"service-one__image\"><img decoding=\"async\" src=\"https:\/\/metcab.org\/wp-content\/uploads\/2025\/04\/cpr-e1744143780107.jpg\" alt=\"CPR\"\/><span class=\"service-one__icon\"><i aria-hidden=\"true\" class=\"micon__tick\"><\/i><\/span><\/div><div class=\"service-one__content-inner\"><h4 class=\"service-one__title\"><span>CPR<\/span><\/h4><\/div>\t\t  <a href=\"https:\/\/metcab.org\/tr\/cpr\/\" class=\"service-one__link-overlay\"><\/a>\r\n\t\t  <\/div><\/div>\t\r\n\r\n\r\n\r\n<\/div><div class=\"item-columns\">\r\n<div class=\"service-one__single\"><div class=\"service-one__content\"><div class=\"service-one__image\"><img decoding=\"async\" src=\"https:\/\/metcab.org\/wp-content\/uploads\/2025\/04\/WhatsApp-Image-2025-03-29-at-23.05.30-7-e1744112691435.jpeg\" alt=\"LVD\"\/><span class=\"service-one__icon\"><i aria-hidden=\"true\" class=\"micon__tick\"><\/i><\/span><\/div><div class=\"service-one__content-inner\"><h4 class=\"service-one__title\"><span>LVD<\/span><\/h4><\/div>\t\t  <a href=\"https:\/\/metcab.org\/tr\/lvd\/\" class=\"service-one__link-overlay\"><\/a>\r\n\t\t  <\/div><\/div>\t\r\n\r\n\r\n\r\n<\/div><div class=\"item-columns\">\r\n<div class=\"service-one__single\"><div class=\"service-one__content\"><div class=\"service-one__image\"><img decoding=\"async\" src=\"https:\/\/metcab.org\/wp-content\/uploads\/2025\/04\/WhatsApp-Image-2025-03-29-at-23.05.31-1-e1744125299587.jpeg\" alt=\"Machinery Safety Directive\"\/><span class=\"service-one__icon\"><i aria-hidden=\"true\" class=\"micon__tick\"><\/i><\/span><\/div><div class=\"service-one__content-inner\"><h4 class=\"service-one__title\"><span>Makine Emniyeti Direktifi<\/span><\/h4><\/div>\t\t  <a href=\"https:\/\/metcab.org\/tr\/machinery-safety-directive\/\" class=\"service-one__link-overlay\"><\/a>\r\n\t\t  <\/div><\/div>\t\r\n\r\n\r\n\r\n<\/div><div class=\"item-columns\">\r\n<div class=\"service-one__single\"><div class=\"service-one__content\"><div class=\"service-one__image\"><img decoding=\"async\" src=\"https:\/\/metcab.org\/wp-content\/uploads\/2025\/04\/Chimneys-1-scaled-e1744143755806.jpg\" alt=\"Chimneys System 2+ Certification\"\/><span class=\"service-one__icon\"><i aria-hidden=\"true\" class=\"micon__tick\"><\/i><\/span><\/div><div class=\"service-one__content-inner\"><h4 class=\"service-one__title\"><span>Bacalar Sistem 2+<\/span><\/h4><\/div>\t\t  <a href=\"https:\/\/metcab.org\/tr\/chimneys-system-certification\/\" class=\"service-one__link-overlay\"><\/a>\r\n\t\t  <\/div><\/div>\t\r\n\r\n\r\n\r\n<\/div>   <\/div>\r\n<\/div>\r\n<\/div>\t\t\t\t<\/div>\n\t\t\t\t<\/div>\n\t\t\t\t\t<\/div>\n\t\t<\/div>\n\t\t\t\t\t<\/div>\n\t\t<\/section>\n\t\t\t\t<section class=\"elementor-section elementor-top-section elementor-element elementor-element-c6640ea elementor-section-boxed elementor-section-height-default elementor-section-height-default\" data-id=\"c6640ea\" data-element_type=\"section\" data-e-type=\"section\">\n\t\t\t\t\t\t<div class=\"elementor-container elementor-column-gap-default\">\n\t\t\t\t\t<div class=\"elementor-column elementor-col-50 elementor-top-column elementor-element elementor-element-e0f5378\" data-id=\"e0f5378\" data-element_type=\"column\" data-e-type=\"column\" data-settings=\"{&quot;background_background&quot;:&quot;classic&quot;}\">\n\t\t\t<div class=\"elementor-widget-wrap elementor-element-populated\">\n\t\t\t\t\t\t<div class=\"elementor-element elementor-element-c609c09 elementor-widget elementor-widget-spacer\" data-id=\"c609c09\" data-element_type=\"widget\" data-e-type=\"widget\" data-widget_type=\"spacer.default\">\n\t\t\t\t<div class=\"elementor-widget-container\">\n\t\t\t\t\t\t\t<div class=\"elementor-spacer\">\n\t\t\t<div class=\"elementor-spacer-inner\"><\/div>\n\t\t<\/div>\n\t\t\t\t\t\t<\/div>\n\t\t\t\t<\/div>\n\t\t\t\t\t<\/div>\n\t\t<\/div>\n\t\t\t\t<div class=\"elementor-column elementor-col-50 elementor-top-column elementor-element elementor-element-919ea17\" data-id=\"919ea17\" data-element_type=\"column\" data-e-type=\"column\" data-settings=\"{&quot;background_background&quot;:&quot;gradient&quot;}\">\n\t\t\t<div class=\"elementor-widget-wrap elementor-element-populated\">\n\t\t\t\t\t<div class=\"elementor-background-overlay\"><\/div>\n\t\t\t\t\t\t<div class=\"elementor-element elementor-element-6bcafc7 elementor-widget elementor-widget-heading\" data-id=\"6bcafc7\" data-element_type=\"widget\" data-e-type=\"widget\" data-widget_type=\"heading.default\">\n\t\t\t\t<div class=\"elementor-widget-container\">\n\t\t\t\t\t<h2 class=\"elementor-heading-title elementor-size-default\">Neden Biz?<\/h2>\t\t\t\t<\/div>\n\t\t\t\t<\/div>\n\t\t\t\t<div class=\"elementor-element elementor-element-dc73997 elementor-widget elementor-widget-text-editor\" data-id=\"dc73997\" data-element_type=\"widget\" data-e-type=\"widget\" data-widget_type=\"text-editor.default\">\n\t\t\t\t<div class=\"elementor-widget-container\">\n\t\t\t\t\t\t\t\t\t<div class=\"elementor-element elementor-element-35cee78 elementor-widget elementor-widget-gva-heading-block\" data-id=\"35cee78\" data-element_type=\"widget\" data-settings=\"{&quot;_animation&quot;:&quot;none&quot;}\" data-widget_type=\"gva-heading-block.default\"><div class=\"elementor-widget-container\"><div class=\"gva-element-gva-heading-block gva-element\"><div class=\"align-left style-1 widget gsc-heading box-align-left auto-responsive\"><div class=\"content-inner\"><div class=\"title-desc\">METCAB Uygunluk De\u011ferlendirme LTD \u015eT\u0130 olarak, \u00fcr\u00fcn sertifikasyonunun yaln\u0131zca bir zorunluluk olmad\u0131\u011f\u0131n\u0131n fark\u0131nday\u0131z \u2014 bu, pazara eri\u015fimin, m\u00fc\u015fteri g\u00fcveninin ve uzun vadeli i\u015f ba\u015far\u0131s\u0131n\u0131n anahtar\u0131d\u0131r. \u0130\u015fte neden do\u011fru sertifikasyon orta\u011f\u0131n\u0131z oldu\u011fumuzu g\u00f6steren sebepler:<\/div><\/div><\/div><\/div><\/div><\/div><div class=\"elementor-element elementor-element-a8c1e2b elementor-widget elementor-widget-text-editor\" data-id=\"a8c1e2b\" data-element_type=\"widget\" data-widget_type=\"text-editor.default\"><div class=\"elementor-widget-container\"><p><strong>\u00a0Sekt\u00f6rel Uzmanl\u0131k ve Deneyim<\/strong><\/p><p>Y\u0131llara dayanan \u00fcr\u00fcn sertifikasyon tecr\u00fcbemiz sayesinde, d\u00fczenleyici gereklilikler ve sekt\u00f6r standartlar\u0131 konusunda derin bir bilgiye sahibiz. Avrupa ve uluslararas\u0131 direktifler kapsam\u0131nda \u00fcr\u00fcn uygunlu\u011funda uzman\u0131z ve \u00fcr\u00fcnlerinizin t\u00fcm gereklilikleri kar\u015f\u0131lad\u0131\u011f\u0131ndan emin oluruz.<\/p><\/div><\/div><div class=\"elementor-element elementor-element-6f74063 elementor-widget elementor-widget-text-editor\" data-id=\"6f74063\" data-element_type=\"widget\" data-widget_type=\"text-editor.default\"><div class=\"elementor-widget-container\"><p><strong>Verimlilik ve Do\u011fruluk Odakl\u0131 Yakla\u015f\u0131m<\/strong><\/p><p>Pazara giri\u015f s\u00fcresinin ne kadar kritik oldu\u011funu biliyoruz. Bu y\u00fczden s\u00fcre\u00e7lerimizi en verimli \u015fekilde y\u00f6netir, do\u011fruluktan ve kaliteden \u00f6d\u00fcn vermeden sertifikasyon s\u00fcrecini h\u0131zland\u0131r\u0131r\u0131z. Karma\u015f\u0131k uyumluluk s\u00fcre\u00e7lerini biz y\u00f6netiriz, siz ise i\u015finizi b\u00fcy\u00fctmeye odaklan\u0131rs\u0131n\u0131z.<\/p><\/div><\/div>\t\t\t\t\t\t\t\t<\/div>\n\t\t\t\t<\/div>\n\t\t\t\t\t<\/div>\n\t\t<\/div>\n\t\t\t\t\t<\/div>\n\t\t<\/section>\n\t\t\t\t<\/div>","protected":false},"excerpt":{"rendered":"<p>Services METCAB Our Services Market Access NAWI CPR LVD Machinery Safety Directive Chimneys System 2+ Certification Why choose us? At METCAB Uygunluk De\u011ferlendirme LTD \u015eT\u0130, we understand that product certification is more than just a requirement \u2014 it\u2019s the key to market access, customer trust, and long-term business success. Here&#8217;s why we are the right [&hellip;]<\/p>","protected":false},"author":1,"featured_media":0,"parent":0,"menu_order":0,"comment_status":"closed","ping_status":"closed","template":"","meta":{"_joinchat":[],"footnotes":""},"class_list":["post-37","page","type-page","status-publish","hentry"],"_links":{"self":[{"href":"https:\/\/metcab.org\/tr\/wp-json\/wp\/v2\/pages\/37","targetHints":{"allow":["GET"]}}],"collection":[{"href":"https:\/\/metcab.org\/tr\/wp-json\/wp\/v2\/pages"}],"about":[{"href":"https:\/\/metcab.org\/tr\/wp-json\/wp\/v2\/types\/page"}],"author":[{"embeddable":true,"href":"https:\/\/metcab.org\/tr\/wp-json\/wp\/v2\/users\/1"}],"replies":[{"embeddable":true,"href":"https:\/\/metcab.org\/tr\/wp-json\/wp\/v2\/comments?post=37"}],"version-history":[{"count":16,"href":"https:\/\/metcab.org\/tr\/wp-json\/wp\/v2\/pages\/37\/revisions"}],"predecessor-version":[{"id":839,"href":"https:\/\/metcab.org\/tr\/wp-json\/wp\/v2\/pages\/37\/revisions\/839"}],"wp:attachment":[{"href":"https:\/\/metcab.org\/tr\/wp-json\/wp\/v2\/media?parent=37"}],"curies":[{"name":"wp","href":"https:\/\/api.w.org\/{rel}","templated":true}]}}