{"id":27,"date":"2022-12-19T02:30:10","date_gmt":"2022-12-19T02:30:10","guid":{"rendered":"https:\/\/gaviaspreview.com\/wp\/modins\/?page_id=27"},"modified":"2025-04-08T18:44:18","modified_gmt":"2025-04-08T15:44:18","slug":"news","status":"publish","type":"page","link":"https:\/\/metcab.org\/tr\/news\/","title":{"rendered":"Haberler"},"content":{"rendered":"<div data-elementor-type=\"wp-page\" data-elementor-id=\"27\" class=\"elementor elementor-27\">\n\t\t\t\t\t\t<section class=\"elementor-section elementor-top-section elementor-element elementor-element-15c24e5 elementor-section-full_width elementor-section-height-default elementor-section-height-default\" data-id=\"15c24e5\" data-element_type=\"section\" data-e-type=\"section\">\n\t\t\t\t\t\t<div class=\"elementor-container elementor-column-gap-default\">\n\t\t\t\t\t<div class=\"elementor-column elementor-col-100 elementor-top-column elementor-element elementor-element-5072785\" data-id=\"5072785\" data-element_type=\"column\" data-e-type=\"column\">\n\t\t\t<div class=\"elementor-widget-wrap elementor-element-populated\">\n\t\t\t\t\t\t<div class=\"elementor-element elementor-element-c198af0 elementor-widget elementor-widget-gva_post_breadcrumb\" data-id=\"c198af0\" data-element_type=\"widget\" data-e-type=\"widget\" data-widget_type=\"gva_post_breadcrumb.default\">\n\t\t\t\t<div class=\"elementor-widget-container\">\n\t\t\t\t\t<div class=\"gva-element-gva_post_breadcrumb gva-element\">   \r\n<div class=\"post-breadcrumb\">\r\n   <div class=\"custom-breadcrumb\" >\r\n            <div class=\"breadcrumb-main\">\r\n        <div class=\"container\">\r\n          <div class=\"breadcrumb-container-inner\">\r\n            <h2 class=\"heading-title\">Haberler<\/h2><ol class=\"breadcrumb\"><li><a href=\"https:\/\/metcab.org\/tr\">Anasayfa<\/a> <\/li> <li class=\"active\">Sayfa<\/li><\/ol>          <\/div>  \r\n        <\/div>   \r\n      <\/div>  \r\n   <\/div>\r\n<\/div>      \r\n\r\n<\/div>\t\t\t\t<\/div>\n\t\t\t\t<\/div>\n\t\t\t\t\t<\/div>\n\t\t<\/div>\n\t\t\t\t\t<\/div>\n\t\t<\/section>\n\t\t\t\t<section class=\"elementor-section elementor-top-section elementor-element elementor-element-2ac74c4 elementor-section-boxed elementor-section-height-default elementor-section-height-default\" data-id=\"2ac74c4\" data-element_type=\"section\" data-e-type=\"section\">\n\t\t\t\t\t\t<div class=\"elementor-container elementor-column-gap-default\">\n\t\t\t\t\t<div class=\"elementor-column elementor-col-100 elementor-top-column elementor-element elementor-element-2d8cdf9\" data-id=\"2d8cdf9\" data-element_type=\"column\" data-e-type=\"column\">\n\t\t\t<div class=\"elementor-widget-wrap elementor-element-populated\">\n\t\t\t\t\t\t<div class=\"elementor-element elementor-element-9678132 elementor-widget elementor-widget-gva-posts\" data-id=\"9678132\" data-element_type=\"widget\" data-e-type=\"widget\" data-widget_type=\"gva-posts.default\">\n\t\t\t\t<div class=\"elementor-widget-container\">\n\t\t\t\t\t<div class=\"gva-element-gva-posts gva-element\">  \r\n  <div class=\"gva-posts-grid clearfix gva-posts\">\r\n\t\t<div class=\"gva-content-items\"> \r\n\t\t  <div class=\"lg-block-grid-3 md-block-grid-3 sm-block-grid-2 xs-block-grid-2 xx-block-grid-1\">\r\n\t\t\t <div class=\"item-columns\">\r\n   <article class=\"post post-one__single post-541 type-post status-publish format-standard has-post-thumbnail hentry category-genel\">\r\n      <div class=\"post-one__thumbnail\"><a href=\"https:\/\/metcab.org\/tr\/metcab-at-middle-east-energy-2025-lets-talk-cables\/\"><img fetchpriority=\"high\" decoding=\"async\" width=\"500\" height=\"367\" src=\"https:\/\/metcab.org\/wp-content\/uploads\/2025\/04\/WhatsApp-Image-2025-03-29-at-23.05.29-6-500x367.jpeg\" class=\"attachment-post-thumbnail size-post-thumbnail wp-post-image\" alt=\"METCAB at Middle East Energy 2025 \u2013 Let\u2019s Talk Cables!\" \/><\/a><div class=\"entry-date\"><span class=\"date\">08<\/span><span class=\"month\">Nis<\/span><\/div><\/div>       \r\n      <div class=\"post-one__content has-thumbnail\">\r\n         <div class=\"post-one__content-inner\">\r\n            \r\n            <div class=\"post-one__meta\">\r\n               <div class=\"clearfix meta-inline post-meta-1\"><span class=\"author vcard\"><i class=\"fas fa-user-circle\"><\/i>Metcab<\/span><span class=\"post-comment\"><i class=\"fas fa-comments\"><\/i>0 Comments<\/span><\/div>            <\/div> \r\n            <h3 class=\"post-one__title\"><a href=\"https:\/\/metcab.org\/tr\/metcab-at-middle-east-energy-2025-lets-talk-cables\/\" rel=\"bookmark\">METCAB, Middle East Energy 2025 Fuar\u0131nda \u2013 Kablo Uygunlu\u011fu \u00dczerine Bulu\u015fal\u0131m!<\/a><\/h3>\r\n                        <div class=\"post-one__bottom\">\r\n               <a class=\"post-one__read-more\" href=\"https:\/\/metcab.org\/tr\/metcab-at-middle-east-energy-2025-lets-talk-cables\/\">\r\n                 Daha Fazla               <\/a>\r\n               <a class=\"post-one__arrow\" href=\"https:\/\/metcab.org\/tr\/metcab-at-middle-east-energy-2025-lets-talk-cables\/\">\r\n                 <i class=\"micon__right-arrow2\"><\/i>\r\n               <\/a>\r\n            <\/div>\r\n         <\/div>\r\n      <\/div>\r\n   <\/article>   \r\n\r\n  <\/div><div class=\"item-columns\">\r\n   <article class=\"post post-one__single post-539 type-post status-publish format-standard has-post-thumbnail hentry category-genel\">\r\n      <div class=\"post-one__thumbnail\"><a href=\"https:\/\/metcab.org\/tr\/iec-62052-312024-a-new-safety-standard-for-electricity-meters-what-manufacturers-need-to-know\/\"><img decoding=\"async\" width=\"500\" height=\"400\" src=\"https:\/\/metcab.org\/wp-content\/uploads\/2025\/04\/WhatsApp-Image-2025-03-29-at-23.05.30-8-500x400.jpeg\" class=\"attachment-post-thumbnail size-post-thumbnail wp-post-image\" alt=\"IEC 62052-31:2024 \u2013 A New Safety Standard for Electricity Meters: What Manufacturers Need to Know\" \/><\/a><div class=\"entry-date\"><span class=\"date\">08<\/span><span class=\"month\">Nis<\/span><\/div><\/div>       \r\n      <div class=\"post-one__content has-thumbnail\">\r\n         <div class=\"post-one__content-inner\">\r\n            \r\n            <div class=\"post-one__meta\">\r\n               <div class=\"clearfix meta-inline post-meta-1\"><span class=\"author vcard\"><i class=\"fas fa-user-circle\"><\/i>Metcab<\/span><span class=\"post-comment\"><i class=\"fas fa-comments\"><\/i>0 Comments<\/span><\/div>            <\/div> \r\n            <h3 class=\"post-one__title\"><a href=\"https:\/\/metcab.org\/tr\/iec-62052-312024-a-new-safety-standard-for-electricity-meters-what-manufacturers-need-to-know\/\" rel=\"bookmark\">IEC 62052-31:2024 \u2013 Yeni G\u00fcvenlik Standard\u0131 Yay\u0131nland\u0131: \u00dcreticiler \u0130\u00e7in Neler De\u011fi\u015fiyor?<\/a><\/h3>\r\n                        <div class=\"post-one__bottom\">\r\n               <a class=\"post-one__read-more\" href=\"https:\/\/metcab.org\/tr\/iec-62052-312024-a-new-safety-standard-for-electricity-meters-what-manufacturers-need-to-know\/\">\r\n                 Daha Fazla               <\/a>\r\n               <a class=\"post-one__arrow\" href=\"https:\/\/metcab.org\/tr\/iec-62052-312024-a-new-safety-standard-for-electricity-meters-what-manufacturers-need-to-know\/\">\r\n                 <i class=\"micon__right-arrow2\"><\/i>\r\n               <\/a>\r\n            <\/div>\r\n         <\/div>\r\n      <\/div>\r\n   <\/article>   \r\n\r\n  <\/div>\t\t  <\/div>\r\n\t\t<\/div>\r\n\t\t\t\t\t <div class=\"pagination\">\r\n\t\t\t\t  \t\t\t <\/div>\r\n\t\t  <\/div>\r\n  <\/div>\t\t\t\t<\/div>\n\t\t\t\t<\/div>\n\t\t\t\t\t<\/div>\n\t\t<\/div>\n\t\t\t\t\t<\/div>\n\t\t<\/section>\n\t\t\t\t<\/div>","protected":false},"excerpt":{"rendered":"<p>IEC 62052-31:2024 \u2013 A New Safety Standard for Electricity Meters: What Manufacturers Need to Know Home 08Nis ihsanagr@gmail.com0 Comments METCAB at Middle East Energy 2025 \u2013 Let\u2019s Talk Cables! Read More 08Nis ihsanagr@gmail.com0 Comments IEC 62052-31:2024 \u2013 A New Safety Standard for Electricity Meters: What Manufacturers Need to Know Read More<\/p>","protected":false},"author":1,"featured_media":0,"parent":0,"menu_order":0,"comment_status":"closed","ping_status":"closed","template":"","meta":{"_joinchat":[],"footnotes":""},"class_list":["post-27","page","type-page","status-publish","hentry"],"_links":{"self":[{"href":"https:\/\/metcab.org\/tr\/wp-json\/wp\/v2\/pages\/27","targetHints":{"allow":["GET"]}}],"collection":[{"href":"https:\/\/metcab.org\/tr\/wp-json\/wp\/v2\/pages"}],"about":[{"href":"https:\/\/metcab.org\/tr\/wp-json\/wp\/v2\/types\/page"}],"author":[{"embeddable":true,"href":"https:\/\/metcab.org\/tr\/wp-json\/wp\/v2\/users\/1"}],"replies":[{"embeddable":true,"href":"https:\/\/metcab.org\/tr\/wp-json\/wp\/v2\/comments?post=27"}],"version-history":[{"count":4,"href":"https:\/\/metcab.org\/tr\/wp-json\/wp\/v2\/pages\/27\/revisions"}],"predecessor-version":[{"id":578,"href":"https:\/\/metcab.org\/tr\/wp-json\/wp\/v2\/pages\/27\/revisions\/578"}],"wp:attachment":[{"href":"https:\/\/metcab.org\/tr\/wp-json\/wp\/v2\/media?parent=27"}],"curies":[{"name":"wp","href":"https:\/\/api.w.org\/{rel}","templated":true}]}}