{"id":23,"date":"2025-03-19T02:29:04","date_gmt":"2025-03-18T23:29:04","guid":{"rendered":"https:\/\/gaviaspreview.com\/wp\/modins\/?page_id=23"},"modified":"2025-11-19T11:01:05","modified_gmt":"2025-11-19T08:01:05","slug":"why-us","status":"publish","type":"page","link":"https:\/\/metcab.org\/tr\/why-us\/","title":{"rendered":"Neden Biz?"},"content":{"rendered":"<div data-elementor-type=\"wp-page\" data-elementor-id=\"23\" class=\"elementor elementor-23\">\n\t\t\t\t\t\t<section class=\"elementor-section elementor-top-section elementor-element elementor-element-ee503c8 elementor-section-boxed elementor-section-height-default elementor-section-height-default\" data-id=\"ee503c8\" data-element_type=\"section\" data-e-type=\"section\" data-settings=\"{&quot;background_background&quot;:&quot;classic&quot;}\">\n\t\t\t\t\t\t<div class=\"elementor-container elementor-column-gap-default\">\n\t\t\t\t\t<div class=\"elementor-column elementor-col-100 elementor-top-column elementor-element elementor-element-8028c45\" data-id=\"8028c45\" data-element_type=\"column\" data-e-type=\"column\">\n\t\t\t<div class=\"elementor-widget-wrap elementor-element-populated\">\n\t\t\t\t\t\t<div class=\"elementor-element elementor-element-44fce45 elementor-widget elementor-widget-gva-heading-block\" data-id=\"44fce45\" data-element_type=\"widget\" data-e-type=\"widget\" data-widget_type=\"gva-heading-block.default\">\n\t\t\t\t<div class=\"elementor-widget-container\">\n\t\t\t\t\t<div class=\"gva-element-gva-heading-block gva-element\">   <div class=\"align-left style-1 widget gsc-heading box-align-left auto-responsive\">\r\n      <div class=\"content-inner\">\r\n         \r\n                  \r\n           \r\n         \r\n                     <h2 class=\"title\">\r\n               <span>Neden Biz?<\/span>\r\n            <\/h2>\r\n                  \r\n         \r\n         \r\n      <\/div>\r\n   <\/div>\r\n<\/div>\t\t\t\t<\/div>\n\t\t\t\t<\/div>\n\t\t\t\t\t<\/div>\n\t\t<\/div>\n\t\t\t\t\t<\/div>\n\t\t<\/section>\n\t\t\t\t<section class=\"elementor-section elementor-top-section elementor-element elementor-element-f278454 elementor-section-boxed elementor-section-height-default elementor-section-height-default\" data-id=\"f278454\" data-element_type=\"section\" data-e-type=\"section\">\n\t\t\t\t\t\t<div class=\"elementor-container elementor-column-gap-default\">\n\t\t\t\t\t<div class=\"elementor-column elementor-col-50 elementor-top-column elementor-element elementor-element-7fba472\" data-id=\"7fba472\" data-element_type=\"column\" data-e-type=\"column\">\n\t\t\t<div class=\"elementor-widget-wrap elementor-element-populated\">\n\t\t\t\t\t\t<div class=\"elementor-element elementor-element-80d5429 elementor-widget elementor-widget-gva-image-content\" data-id=\"80d5429\" data-element_type=\"widget\" data-e-type=\"widget\" data-widget_type=\"gva-image-content.default\">\n\t\t\t\t<div class=\"elementor-widget-container\">\n\t\t\t\t\t<div class=\"gva-element-gva-image-content gva-element\">\t\t\r\n\t  \r\n\t \r\n\r\n\t \r\n\r\n\t\r\n\t \r\n  \r\n \r\n\r\n  \r\n \r\n\r\n\t<div class=\"about-seven__single\">\r\n\t  \t<div class=\"about-seven__content\"><div class=\"about-seven__image\">\t\t  <a href=\"https:\/\/metcab.org\/tr\/\">\r\n\t\t\t <img decoding=\"async\" src=\"https:\/\/metcab.org\/wp-content\/uploads\/2025\/04\/WhatsApp-Image-2025-03-29-at-23.03.54.jpeg\" alt=\"\" \/>\t\t  <\/a>\r\n\t\t  <\/div><\/div>\t<\/div>\r\n <\/div>\t\t\t\t<\/div>\n\t\t\t\t<\/div>\n\t\t\t\t\t<\/div>\n\t\t<\/div>\n\t\t\t\t<div class=\"elementor-column elementor-col-50 elementor-top-column elementor-element elementor-element-01c3651\" data-id=\"01c3651\" data-element_type=\"column\" data-e-type=\"column\">\n\t\t\t<div class=\"elementor-widget-wrap elementor-element-populated\">\n\t\t\t\t\t\t<div class=\"elementor-element elementor-element-35cee78 elementor-widget elementor-widget-gva-heading-block\" data-id=\"35cee78\" data-element_type=\"widget\" data-e-type=\"widget\" data-settings=\"{&quot;_animation&quot;:&quot;none&quot;}\" data-widget_type=\"gva-heading-block.default\">\n\t\t\t\t<div class=\"elementor-widget-container\">\n\t\t\t\t\t<div class=\"gva-element-gva-heading-block gva-element\">   <div class=\"align-left style-1 widget gsc-heading box-align-left auto-responsive\">\r\n      <div class=\"content-inner\">\r\n         \r\n                  \r\n         <div class=\"sub-title\"><span class=\"tagline\">Metcab<\/span><\/div>  \r\n         \r\n                     <h2 class=\"title\">\r\n               <span>Neden Biz?<\/span>\r\n            <\/h2>\r\n                  \r\n                     <div class=\"title-desc\">METCAB Uygunluk De\u011ferlendirme LTD \u015eT\u0130 olarak, \u00fcr\u00fcn sertifikasyonunun yaln\u0131zca bir zorunluluk olmad\u0131\u011f\u0131n\u0131n fark\u0131nday\u0131z \u2014 bu, pazara eri\u015fimin, m\u00fc\u015fteri g\u00fcveninin ve uzun vadeli i\u015f ba\u015far\u0131s\u0131n\u0131n anahtar\u0131d\u0131r. \u0130\u015fte neden do\u011fru sertifikasyon orta\u011f\u0131n\u0131z oldu\u011fumuzu g\u00f6steren sebepler:<\/div>\r\n         \r\n         \r\n      <\/div>\r\n   <\/div>\r\n<\/div>\t\t\t\t<\/div>\n\t\t\t\t<\/div>\n\t\t\t\t<div class=\"elementor-element elementor-element-a8c1e2b elementor-widget elementor-widget-text-editor\" data-id=\"a8c1e2b\" data-element_type=\"widget\" data-e-type=\"widget\" data-widget_type=\"text-editor.default\">\n\t\t\t\t<div class=\"elementor-widget-container\">\n\t\t\t\t\t\t\t\t\t<p><strong>\u00a0Sekt\u00f6rel Uzmanl\u0131k ve Deneyim<\/strong><\/p><p>Y\u0131llara dayanan \u00fcr\u00fcn sertifikasyon tecr\u00fcbemiz sayesinde, d\u00fczenleyici gereklilikler ve sekt\u00f6r standartlar\u0131 konusunda derin bir bilgiye sahibiz. Avrupa ve uluslararas\u0131 direktifler kapsam\u0131nda \u00fcr\u00fcn uygunlu\u011funda uzman\u0131z ve \u00fcr\u00fcnlerinizin t\u00fcm gereklilikleri kar\u015f\u0131lad\u0131\u011f\u0131ndan emin oluruz.<\/p>\t\t\t\t\t\t\t\t<\/div>\n\t\t\t\t<\/div>\n\t\t\t\t<div class=\"elementor-element elementor-element-6f74063 elementor-widget elementor-widget-text-editor\" data-id=\"6f74063\" data-element_type=\"widget\" data-e-type=\"widget\" data-widget_type=\"text-editor.default\">\n\t\t\t\t<div class=\"elementor-widget-container\">\n\t\t\t\t\t\t\t\t\t<p><strong>Verimlilik ve Do\u011fruluk Odakl\u0131 Yakla\u015f\u0131m<\/strong><\/p><p>Pazara giri\u015f s\u00fcresinin ne kadar kritik oldu\u011funu biliyoruz. Bu y\u00fczden s\u00fcre\u00e7lerimizi en verimli \u015fekilde y\u00f6netir, do\u011fruluktan ve kaliteden \u00f6d\u00fcn vermeden sertifikasyon s\u00fcrecini h\u0131zland\u0131r\u0131r\u0131z. Karma\u015f\u0131k uyumluluk s\u00fcre\u00e7lerini biz y\u00f6netiriz, siz ise i\u015finizi b\u00fcy\u00fctmeye odaklan\u0131rs\u0131n\u0131z.<\/p>\t\t\t\t\t\t\t\t<\/div>\n\t\t\t\t<\/div>\n\t\t\t\t\t<\/div>\n\t\t<\/div>\n\t\t\t\t\t<\/div>\n\t\t<\/section>\n\t\t\t\t<section class=\"elementor-section elementor-top-section elementor-element elementor-element-c30da0e elementor-section-boxed elementor-section-height-default elementor-section-height-default\" data-id=\"c30da0e\" data-element_type=\"section\" data-e-type=\"section\">\n\t\t\t\t\t\t<div class=\"elementor-container elementor-column-gap-default\">\n\t\t\t\t\t<div class=\"elementor-column elementor-col-100 elementor-top-column elementor-element elementor-element-68d3938\" data-id=\"68d3938\" data-element_type=\"column\" data-e-type=\"column\">\n\t\t\t<div class=\"elementor-widget-wrap elementor-element-populated\">\n\t\t\t\t\t\t<div class=\"elementor-element elementor-element-e1ed409 elementor-widget elementor-widget-text-editor\" data-id=\"e1ed409\" data-element_type=\"widget\" data-e-type=\"widget\" data-widget_type=\"text-editor.default\">\n\t\t\t\t<div class=\"elementor-widget-container\">\n\t\t\t\t\t\t\t\t\t<p><strong>Size \u00d6zel \u00c7\u00f6z\u00fcmler<\/strong><\/p><p>Her \u00fcr\u00fcn ve her i\u015f farkl\u0131d\u0131r. \u00dcr\u00fcn\u00fcn\u00fcz\u00fcn \u00f6zel gereksinimlerini anlamak i\u00e7in sizinle yak\u0131n \u00e7al\u0131\u015f\u0131r\u0131z ve i\u015f hedeflerinize uygun, \u00f6zel sertifikasyon \u00e7\u00f6z\u00fcmleri sunar\u0131z.<\/p><p><strong>\u00a0\u015eeffafl\u0131k ve G\u00fcven<\/strong><\/p><p>Sertifikasyon s\u00fcrecinin her a\u015famas\u0131nda \u015feffaf ve g\u00fcvenilir bir hizmet sunar\u0131z. \u0130lk ba\u015fvurudan son sertifikaya kadar s\u00fcrecin her a\u015famas\u0131nda sizi bilgilendirir ve beklenmedik maliyetlerle kar\u015f\u0131la\u015fmaman\u0131z i\u00e7in a\u00e7\u0131k ve net ileti\u015fim sa\u011flar\u0131z<\/p><p><strong>Uluslararas\u0131 Pazar Eri\u015fimi<\/strong><\/p><p>Sertifikalar\u0131m\u0131z uluslararas\u0131 olarak tan\u0131nd\u0131\u011f\u0131 i\u00e7in, i\u015finizi yeni pazarlara g\u00fcvenle ta\u015f\u0131yabilirsiniz.<\/p><p><strong>\u00a0M\u00fc\u015fteri Odakl\u0131 Hizmet<\/strong><\/p><p>Sizin ba\u015far\u0131n\u0131z bizim \u00f6nceli\u011fimizdir. Uzman ekibimiz her zaman yan\u0131n\u0131zda olup, size en iyi rehberlik ve deste\u011fi sa\u011flamak i\u00e7in \u00e7al\u0131\u015f\u0131r. Sertifikasyon s\u00fcrecinizin sorunsuz ve kolay ge\u00e7mesi i\u00e7in her ad\u0131mda yan\u0131n\u0131zday\u0131z.<\/p>\t\t\t\t\t\t\t\t<\/div>\n\t\t\t\t<\/div>\n\t\t\t\t\t<\/div>\n\t\t<\/div>\n\t\t\t\t\t<\/div>\n\t\t<\/section>\n\t\t\t\t<\/div>","protected":false},"excerpt":{"rendered":"<p>Why Us? Metcab Why Us? At METCAB Uygunluk De\u011ferlendirme LTD \u015eT\u0130, we understand that product certification is more than just a requirement \u2014 it\u2019s the key to market access, customer trust, and long-term business success. Here&#8217;s why we are the right partner for your certification needs: \u00a0Industry Expertise and Experience With years of experience in [&hellip;]<\/p>","protected":false},"author":1,"featured_media":0,"parent":0,"menu_order":0,"comment_status":"closed","ping_status":"closed","template":"","meta":{"_joinchat":[],"footnotes":""},"class_list":["post-23","page","type-page","status-publish","hentry"],"_links":{"self":[{"href":"https:\/\/metcab.org\/tr\/wp-json\/wp\/v2\/pages\/23","targetHints":{"allow":["GET"]}}],"collection":[{"href":"https:\/\/metcab.org\/tr\/wp-json\/wp\/v2\/pages"}],"about":[{"href":"https:\/\/metcab.org\/tr\/wp-json\/wp\/v2\/types\/page"}],"author":[{"embeddable":true,"href":"https:\/\/metcab.org\/tr\/wp-json\/wp\/v2\/users\/1"}],"replies":[{"embeddable":true,"href":"https:\/\/metcab.org\/tr\/wp-json\/wp\/v2\/comments?post=23"}],"version-history":[{"count":15,"href":"https:\/\/metcab.org\/tr\/wp-json\/wp\/v2\/pages\/23\/revisions"}],"predecessor-version":[{"id":842,"href":"https:\/\/metcab.org\/tr\/wp-json\/wp\/v2\/pages\/23\/revisions\/842"}],"wp:attachment":[{"href":"https:\/\/metcab.org\/tr\/wp-json\/wp\/v2\/media?parent=23"}],"curies":[{"name":"wp","href":"https:\/\/api.w.org\/{rel}","templated":true}]}}