{"id":191,"date":"2023-01-06T03:55:45","date_gmt":"2023-01-06T03:55:45","guid":{"rendered":"https:\/\/gaviaspreview.com\/wp\/modins\/?page_id=191"},"modified":"2025-11-19T10:57:56","modified_gmt":"2025-11-19T07:57:56","slug":"mid","status":"publish","type":"page","link":"https:\/\/metcab.org\/tr\/mid\/","title":{"rendered":"MID"},"content":{"rendered":"<div data-elementor-type=\"wp-page\" data-elementor-id=\"191\" class=\"elementor elementor-191\">\n\t\t\t\t\t\t<section class=\"elementor-section elementor-top-section elementor-element elementor-element-4703e6d elementor-section-boxed elementor-section-height-default elementor-section-height-default\" data-id=\"4703e6d\" data-element_type=\"section\" data-e-type=\"section\" data-settings=\"{&quot;background_background&quot;:&quot;classic&quot;}\">\n\t\t\t\t\t\t<div class=\"elementor-container elementor-column-gap-default\">\n\t\t\t\t\t<div class=\"elementor-column elementor-col-100 elementor-top-column elementor-element elementor-element-015c253\" data-id=\"015c253\" data-element_type=\"column\" data-e-type=\"column\">\n\t\t\t<div class=\"elementor-widget-wrap elementor-element-populated\">\n\t\t\t\t\t\t<div class=\"elementor-element elementor-element-8aaf999 elementor-widget elementor-widget-gva-heading-block\" data-id=\"8aaf999\" data-element_type=\"widget\" data-e-type=\"widget\" data-widget_type=\"gva-heading-block.default\">\n\t\t\t\t<div class=\"elementor-widget-container\">\n\t\t\t\t\t<div class=\"gva-element-gva-heading-block gva-element\">   <div class=\"align-left style-1 widget gsc-heading box-align-left auto-responsive\">\r\n      <div class=\"content-inner\">\r\n         \r\n                  \r\n           \r\n         \r\n                     <h2 class=\"title\">\r\n               <span>\u00d6l\u00e7\u00fc Aletleri Y\u00f6netmeli\u011fi (2014\/32\/AB) <\/span>\r\n            <\/h2>\r\n                  \r\n         \r\n         \r\n      <\/div>\r\n   <\/div>\r\n<\/div>\t\t\t\t<\/div>\n\t\t\t\t<\/div>\n\t\t\t\t\t<\/div>\n\t\t<\/div>\n\t\t\t\t\t<\/div>\n\t\t<\/section>\n\t\t\t\t<section class=\"elementor-section elementor-top-section elementor-element elementor-element-d0d5d53 elementor-section-boxed elementor-section-height-default elementor-section-height-default\" data-id=\"d0d5d53\" data-element_type=\"section\" data-e-type=\"section\">\n\t\t\t\t\t\t<div class=\"elementor-container elementor-column-gap-default\">\n\t\t\t\t\t<div class=\"elementor-column elementor-col-50 elementor-top-column elementor-element elementor-element-087fda3\" data-id=\"087fda3\" data-element_type=\"column\" data-e-type=\"column\">\n\t\t\t<div class=\"elementor-widget-wrap elementor-element-populated\">\n\t\t\t\t\t\t<div class=\"elementor-element elementor-element-c925e22 elementor-widget elementor-widget-wp-widget-nav_menu\" data-id=\"c925e22\" data-element_type=\"widget\" data-e-type=\"widget\" data-widget_type=\"wp-widget-nav_menu.default\">\n\t\t\t\t<div class=\"elementor-widget-container\">\n\t\t\t\t\t<div class=\"menu-services-container\"><ul id=\"menu-services\" class=\"menu\"><li id=\"menu-item-316\" class=\"menu-item menu-item-type-post_type menu-item-object-page menu-item-316\"><a href=\"https:\/\/metcab.org\/tr\/mid\/\">MID<\/a><\/li>\n<li id=\"menu-item-491\" class=\"menu-item menu-item-type-post_type menu-item-object-page menu-item-491\"><a href=\"https:\/\/metcab.org\/tr\/nawi\/\">NAWI<\/a><\/li>\n<li id=\"menu-item-490\" class=\"menu-item menu-item-type-post_type menu-item-object-page menu-item-490\"><a href=\"https:\/\/metcab.org\/tr\/cpr\/\">CPR<\/a><\/li>\n<li id=\"menu-item-489\" class=\"menu-item menu-item-type-post_type menu-item-object-page menu-item-489\"><a href=\"https:\/\/metcab.org\/tr\/chimneys-system-certification\/\">Bacalar Sistem 2+<\/a><\/li>\n<li id=\"menu-item-488\" class=\"menu-item menu-item-type-post_type menu-item-object-page menu-item-488\"><a href=\"https:\/\/metcab.org\/tr\/lvd\/\">LVD<\/a><\/li>\n<li id=\"menu-item-487\" class=\"menu-item menu-item-type-post_type menu-item-object-page menu-item-487\"><a href=\"https:\/\/metcab.org\/tr\/machinery-safety-directive\/\">Makine Emniyeti Direktifi<\/a><\/li>\n<\/ul><\/div>\t\t\t\t<\/div>\n\t\t\t\t<\/div>\n\t\t\t\t<section class=\"elementor-section elementor-inner-section elementor-element elementor-element-5ebc093 elementor-section-boxed elementor-section-height-default elementor-section-height-default\" data-id=\"5ebc093\" data-element_type=\"section\" data-e-type=\"section\" data-settings=\"{&quot;background_background&quot;:&quot;classic&quot;}\">\n\t\t\t\t\t\t\t<div class=\"elementor-background-overlay\"><\/div>\n\t\t\t\t\t\t\t<div class=\"elementor-container elementor-column-gap-default\">\n\t\t\t\t\t<div class=\"elementor-column elementor-col-100 elementor-inner-column elementor-element elementor-element-f147c0c\" data-id=\"f147c0c\" data-element_type=\"column\" data-e-type=\"column\">\n\t\t\t<div class=\"elementor-widget-wrap elementor-element-populated\">\n\t\t\t\t\t\t<div class=\"elementor-element elementor-element-19aa5b6 elementor-view-stacked elementor-shape-circle elementor-position-block-start elementor-mobile-position-block-start elementor-widget elementor-widget-icon-box\" data-id=\"19aa5b6\" data-element_type=\"widget\" data-e-type=\"widget\" data-widget_type=\"icon-box.default\">\n\t\t\t\t<div class=\"elementor-widget-container\">\n\t\t\t\t\t\t\t<div class=\"elementor-icon-box-wrapper\">\n\n\t\t\t\t\t\t<div class=\"elementor-icon-box-icon\">\n\t\t\t\t<span  class=\"elementor-icon\">\n\t\t\t\t<i aria-hidden=\"true\" class=\"micon__phone-call\"><\/i>\t\t\t\t<\/span>\n\t\t\t<\/div>\n\t\t\t\n\t\t\t\t\t\t<div class=\"elementor-icon-box-content\">\n\n\t\t\t\t\t\t\t\t\t<h3 class=\"elementor-icon-box-title\">\n\t\t\t\t\t\t<span  >\n\t\t\t\t\t\t\tDaha Fazlas\u0131n\u0131 \u00d6\u011frenmek \u0130ster misiniz?\t\t\t\t\t\t<\/span>\n\t\t\t\t\t<\/h3>\n\t\t\t\t\n\t\t\t\t\n\t\t\t<\/div>\n\t\t\t\n\t\t<\/div>\n\t\t\t\t\t\t<\/div>\n\t\t\t\t<\/div>\n\t\t\t\t<div class=\"elementor-element elementor-element-2c0ef58 elementor-widget elementor-widget-text-editor\" data-id=\"2c0ef58\" data-element_type=\"widget\" data-e-type=\"widget\" data-widget_type=\"text-editor.default\">\n\t\t\t\t<div class=\"elementor-widget-container\">\n\t\t\t\t\t\t\t\t\t<div>\u0130leti\u015fime Ge\u00e7<\/div>\t\t\t\t\t\t\t\t<\/div>\n\t\t\t\t<\/div>\n\t\t\t\t\t<\/div>\n\t\t<\/div>\n\t\t\t\t\t<\/div>\n\t\t<\/section>\n\t\t\t\t<div class=\"elementor-element elementor-element-7721fa8 elementor-widget elementor-widget-text-editor\" data-id=\"7721fa8\" data-element_type=\"widget\" data-e-type=\"widget\" data-widget_type=\"text-editor.default\">\n\t\t\t\t<div class=\"elementor-widget-container\">\n\t\t\t\t\t\t\t\t\t<p><a class=\"text-white\" href=\"tel:+0 312 441 41 45\">+90 312 441 41 45<br \/><\/a><\/p>\t\t\t\t\t\t\t\t<\/div>\n\t\t\t\t<\/div>\n\t\t\t\t\t<\/div>\n\t\t<\/div>\n\t\t\t\t<div class=\"elementor-column elementor-col-50 elementor-top-column elementor-element elementor-element-123ea89\" data-id=\"123ea89\" data-element_type=\"column\" data-e-type=\"column\">\n\t\t\t<div class=\"elementor-widget-wrap elementor-element-populated\">\n\t\t\t\t\t\t<div class=\"elementor-element elementor-element-763bd62 elementor-widget elementor-widget-gva-gallery\" data-id=\"763bd62\" data-element_type=\"widget\" data-e-type=\"widget\" data-widget_type=\"gva-gallery.default\">\n\t\t\t\t<div class=\"elementor-widget-container\">\n\t\t\t\t\t<div class=\"gva-element-gva-gallery gva-element\">\r\n<div class=\"gva-gallery-carousel swiper-slider-wrapper style-1\">\r\n\t<div class=\"swiper-content-inner\">\r\n   \t<div class=\"init-carousel-swiper swiper\" data-carousel=\"{&quot;items&quot;:1,&quot;items_lg&quot;:1,&quot;items_md&quot;:1,&quot;items_sm&quot;:1,&quot;items_xs&quot;:1,&quot;items_xx&quot;:1,&quot;effect&quot;:&quot;slide&quot;,&quot;space_between&quot;:30,&quot;loop&quot;:1,&quot;speed&quot;:600,&quot;autoplay&quot;:1,&quot;autoplay_delay&quot;:4500,&quot;autoplay_hover&quot;:1,&quot;navigation&quot;:1,&quot;pagination&quot;:0,&quot;dynamic_bullets&quot;:0,&quot;pagination_type&quot;:&quot;bullets&quot;}\">\r\n      \t<div class=\"swiper-wrapper\">\r\n\t\t\t\t<div class=\"swiper-slide item\"><div class=\"gallery-one__single\"><div class=\"gallery-one__image\"><img decoding=\"async\" src=\"https:\/\/metcab.org\/wp-content\/uploads\/2025\/04\/WhatsApp-Image-2025-03-29-at-23.05.30-9.jpeg\" alt=\"MID\" \/><\/div><a class=\"gallery-one__photo photo-gallery\" href=\"https:\/\/metcab.org\/wp-content\/uploads\/2025\/04\/WhatsApp-Image-2025-03-29-at-23.05.30-9.jpeg\" data-elementor-lightbox-slideshow=\"gallery-saeq\"><\/a><div class=\"gallery-one__content\"><div class=\"gallery-one__content-inner\"><h3 class=\"gallery-one__title\">MID<\/h3><\/div><\/div><\/div><\/div><div class=\"swiper-slide item\"><div class=\"gallery-one__single\"><div class=\"gallery-one__image\"><img decoding=\"async\" src=\"https:\/\/metcab.org\/wp-content\/uploads\/2025\/04\/WhatsApp-Image-2025-03-29-at-23.05.30-8.jpeg\" alt=\"MID\" \/><\/div><a class=\"gallery-one__photo photo-gallery\" href=\"https:\/\/metcab.org\/wp-content\/uploads\/2025\/04\/WhatsApp-Image-2025-03-29-at-23.05.30-8.jpeg\" data-elementor-lightbox-slideshow=\"gallery-saeq\"><\/a><div class=\"gallery-one__content\"><div class=\"gallery-one__content-inner\"><h3 class=\"gallery-one__title\">MID<\/h3><\/div><\/div><\/div><\/div><div class=\"swiper-slide item\"><div class=\"gallery-one__single\"><div class=\"gallery-one__image\"><img decoding=\"async\" src=\"https:\/\/metcab.org\/wp-content\/uploads\/2025\/04\/WhatsApp-Image-2025-03-29-at-23.05.29.jpeg\" alt=\"MID\" \/><\/div><a class=\"gallery-one__photo photo-gallery\" href=\"https:\/\/metcab.org\/wp-content\/uploads\/2025\/04\/WhatsApp-Image-2025-03-29-at-23.05.29.jpeg\" data-elementor-lightbox-slideshow=\"gallery-saeq\"><\/a><div class=\"gallery-one__content\"><div class=\"gallery-one__content-inner\"><h3 class=\"gallery-one__title\">MID<\/h3><\/div><\/div><\/div><\/div>\t\t\t<\/div>\r\n\t\t<\/div>\r\n\t<\/div>\r\n\t<div class=\"swiper-pagination\"><\/div>   <div class=\"swiper-nav-next\"><\/div><div class=\"swiper-nav-prev\"><\/div><\/div>\r\n<\/div>\t\t\t\t<\/div>\n\t\t\t\t<\/div>\n\t\t\t\t<div class=\"elementor-element elementor-element-6cef601 elementor-widget elementor-widget-heading\" data-id=\"6cef601\" data-element_type=\"widget\" data-e-type=\"widget\" data-widget_type=\"heading.default\">\n\t\t\t\t<div class=\"elementor-widget-container\">\n\t\t\t\t\t<h2 class=\"elementor-heading-title elementor-size-default\">\u00d6l\u00e7\u00fc Aletleri Y\u00f6netmeli\u011fi (2014\/32\/AB) <\/h2>\t\t\t\t<\/div>\n\t\t\t\t<\/div>\n\t\t\t\t<div class=\"elementor-element elementor-element-67b95cf elementor-widget elementor-widget-text-editor\" data-id=\"67b95cf\" data-element_type=\"widget\" data-e-type=\"widget\" data-widget_type=\"text-editor.default\">\n\t\t\t\t<div class=\"elementor-widget-container\">\n\t\t\t\t\t\t\t\t\t<p><strong>\u2728<\/strong><strong> G\u00fcvenilir \u00f6l\u00e7\u00fcmler, do\u011frudan piyasa eri\u015fimi demektir.<\/strong><\/p>\n<table>\n<thead>\n<tr>\n<td>\n<p><strong>\u00dcr\u00fcn Grubu<\/strong><\/p>\n<\/td>\n<td>\n<p><strong>MID Eki<\/strong><\/p>\n<\/td>\n<td>\n<p><strong>Uygulanan Mod\u00fcller<\/strong><\/p>\n<\/td>\n<\/tr>\n<\/thead>\n<tbody>\n<tr>\n<td>\n<p><strong>Su Saya\u00e7lar\u0131<\/strong><\/p>\n<\/td>\n<td>\n<p>Annex III (MI-001)<\/p>\n<\/td>\n<td>\n<p>Module B, Module D<\/p>\n<\/td>\n<\/tr>\n<tr>\n<td>\n<p><strong>Gaz Saya\u00e7lar\u0131 ve Hacim D\u00f6n\u00fc\u015ft\u00fcr\u00fcc\u00fcler<\/strong><\/p>\n<\/td>\n<td>\n<p>Annex IV (MI-002)<\/p>\n<\/td>\n<td>\n<p>Module B, Module D<\/p>\n<\/td>\n<\/tr>\n<tr>\n<td>\n<p><strong>Elektrik Saya\u00e7lar\u0131<\/strong><\/p>\n<\/td>\n<td>\n<p>Annex V (MI-003)<\/p>\n<\/td>\n<td>\n<p>Module B, Module D<\/p>\n<\/td>\n<\/tr>\n<tr>\n<td>\n<p><strong>Termal Enerji Saya\u00e7lar\u0131<\/strong><\/p>\n<\/td>\n<td>\n<p>Annex VI (MI-004)<\/p>\n<\/td>\n<td>\n<p>Module B, Module D<\/p>\n<\/td>\n<\/tr>\n<tr>\n<td>\n<p><strong>Su D\u0131\u015f\u0131ndaki S\u0131v\u0131lar \u00c7in \u00d6l\u00e7\u00fcm Sistemleri<\/strong><\/p>\n<\/td>\n<td>\n<p>Annex VII (MI-005)<\/p>\n<\/td>\n<td>\n<p>Module B, Module D, Module F<\/p>\n<\/td>\n<\/tr>\n<tr>\n<td>\n<p><strong>Otomatik Tart\u0131 Aletleri<\/strong><\/p>\n<\/td>\n<td>\n<p>Annex VIII (MI-006)<\/p>\n<\/td>\n<td>\n<p>Module B, Module D, Module F<\/p>\n<\/td>\n<\/tr>\n<tr>\n<td>\n<p><br><\/p><\/td><td><\/td><td><\/td><\/tr>\n<\/tbody>\n<\/table>\n<p><strong>\ud83d\udcc5<\/strong><strong> Sertifikasyon S\u00fcreci Nas\u0131l \u0130\u015fler?<\/strong><\/p>\n<ol>\n<li><strong>1.\tTeknik Dosya \u0130ncelemesi<\/strong> (Mod\u00fcl B)<\/li>\n<li><strong>2.\tTip Testleri ve Performans Do\u011frulamas\u0131<\/strong><\/li>\n<li><strong>3.\t\u00dcretim Kalite Sistemi Denetimi (Mod\u00fcl D\/D1)<\/strong> (Module D\/D1)<\/li>\n<li><strong>4.\tCE Belgesi ve \u0130\u015faretleme Y\u00f6nergesi<\/strong><\/li>\n<li><strong>5.\tPost-sertifikasyon teknik destek<\/strong><\/li>\n<\/ol>\n<p><strong>\ud83d\ude80<\/strong><strong> METCAB'la \u00c7al\u0131\u015fman\u0131n Avantajlar\u0131<\/strong><\/p>\n<ul>\n<li>\u2022\tAvrupa mevzuatlar\u0131na tam uyumlu hizmet<\/li>\n<li>\u2022\tH\u0131zl\u0131 ve \u015feffaf belgelendirme s\u00fcreci<\/li>\n<li>\u2022\tMID mod\u00fcl se\u00e7iminde teknik rehberlik<\/li>\n<li>\u2022\tUlusal ve uluslararas\u0131 pazarlar i\u00e7in stratejik destek<\/li>\n<\/ul>\n<p><strong>\ud83d\udcc2<\/strong><strong> Belgeler &amp; Kaynaklar<\/strong><\/p>\n<ul>\n<li>\u2022\tMID Sertifikasyon Ba\u015fvuru Formu (PDF)<\/li>\n<li>\u2022\tTeknik Dosya Kontrol Listesi<\/li>\n<li>\u2022\tMID Mod\u00fcl Kar\u015f\u0131la\u015ft\u0131rma Tablosu<\/li>\n<\/ul>\n<p><strong>Birlikte Avrupa Pazar\u0131na G\u00fcvenle A\u00e7\u0131lal\u0131m.<\/strong><\/p>\n<p>\u0130leti\u015fim<a href=\"mailto:info@metcab.org\">info@metcab.org<\/a>Randevu Al<\/p>\t\t\t\t\t\t\t\t<\/div>\n\t\t\t\t<\/div>\n\t\t\t\t\t<\/div>\n\t\t<\/div>\n\t\t\t\t\t<\/div>\n\t\t<\/section>\n\t\t\t\t<\/div>","protected":false},"excerpt":{"rendered":"<p>MID (2014\/32\/EU) Want to Know More? Contact Us +90 312 441 41 45 MID MID MID MID (2014\/32\/EU) \u2728 Product Groups and Modules Covered under MID (2014\/32\/EU) Product Group MID Annex Applicable Modules Water Meters Annex III (MI-001) Module B, Module D Gas Meters &amp; Volume Conversion Devices Annex IV (MI-002) Module B, Module D [&hellip;]<\/p>","protected":false},"author":1,"featured_media":0,"parent":0,"menu_order":0,"comment_status":"closed","ping_status":"closed","template":"","meta":{"_joinchat":[],"footnotes":""},"class_list":["post-191","page","type-page","status-publish","hentry"],"_links":{"self":[{"href":"https:\/\/metcab.org\/tr\/wp-json\/wp\/v2\/pages\/191","targetHints":{"allow":["GET"]}}],"collection":[{"href":"https:\/\/metcab.org\/tr\/wp-json\/wp\/v2\/pages"}],"about":[{"href":"https:\/\/metcab.org\/tr\/wp-json\/wp\/v2\/types\/page"}],"author":[{"embeddable":true,"href":"https:\/\/metcab.org\/tr\/wp-json\/wp\/v2\/users\/1"}],"replies":[{"embeddable":true,"href":"https:\/\/metcab.org\/tr\/wp-json\/wp\/v2\/comments?post=191"}],"version-history":[{"count":23,"href":"https:\/\/metcab.org\/tr\/wp-json\/wp\/v2\/pages\/191\/revisions"}],"predecessor-version":[{"id":832,"href":"https:\/\/metcab.org\/tr\/wp-json\/wp\/v2\/pages\/191\/revisions\/832"}],"wp:attachment":[{"href":"https:\/\/metcab.org\/tr\/wp-json\/wp\/v2\/media?parent=191"}],"curies":[{"name":"wp","href":"https:\/\/api.w.org\/{rel}","templated":true}]}}